{"id":1734,"date":"2022-12-15T18:25:30","date_gmt":"2022-12-15T18:25:30","guid":{"rendered":"https:\/\/eparhijasremska.rs\/?page_id=1734"},"modified":"2023-02-27T16:02:59","modified_gmt":"2023-02-27T16:02:59","slug":"%d0%b1%d0%b5%d0%be%d1%87%d0%b8%d0%bd-2","status":"publish","type":"page","link":"https:\/\/eparhijasremska.rs\/eng\/%d0%b1%d0%b5%d0%be%d1%87%d0%b8%d0%bd-2\/","title":{"rendered":"\u0411\u0435\u043e\u0447\u0438\u043d"},"content":{"rendered":"\t\t<div data-elementor-type=\"wp-page\" data-elementor-id=\"1734\" class=\"elementor elementor-1734\" data-elementor-post-type=\"page\">\n\t\t\t\t\t\t<section class=\"elementor-section elementor-top-section elementor-element elementor-element-5c9a96be elementor-section-height-min-height elementor-section-items-bottom elementor-section-boxed elementor-section-height-default\" data-id=\"5c9a96be\" data-element_type=\"section\" data-e-type=\"section\" data-settings=\"{&quot;background_background&quot;:&quot;classic&quot;}\">\n\t\t\t\t\t\t\t<div class=\"elementor-background-overlay\"><\/div>\n\t\t\t\t\t\t\t<div class=\"elementor-container elementor-column-gap-default\">\n\t\t\t\t\t<div class=\"elementor-column elementor-col-100 elementor-top-column elementor-element elementor-element-63b627b5\" data-id=\"63b627b5\" data-element_type=\"column\" data-e-type=\"column\">\n\t\t\t<div class=\"elementor-widget-wrap elementor-element-populated\">\n\t\t\t\t\t\t<div class=\"elementor-element elementor-element-656b1aa4 elementor-widget elementor-widget-heading\" data-id=\"656b1aa4\" data-element_type=\"widget\" data-e-type=\"widget\" data-widget_type=\"heading.default\">\n\t\t\t\t<div class=\"elementor-widget-container\">\n\t\t\t\t\t<h1 class=\"elementor-heading-title elementor-size-default\"> Beo\u010din Monastery<\/h1>\t\t\t\t<\/div>\n\t\t\t\t<\/div>\n\t\t\t\t\t<\/div>\n\t\t<\/div>\n\t\t\t\t\t<\/div>\n\t\t<\/section>\n\t\t\t\t<section class=\"elementor-section elementor-top-section elementor-element elementor-element-63a3533b elementor-section-boxed elementor-section-height-default elementor-section-height-default\" data-id=\"63a3533b\" data-element_type=\"section\" data-e-type=\"section\">\n\t\t\t\t\t\t<div class=\"elementor-container elementor-column-gap-default\">\n\t\t\t\t\t<div class=\"elementor-column elementor-col-100 elementor-top-column elementor-element elementor-element-6716aa72\" data-id=\"6716aa72\" data-element_type=\"column\" data-e-type=\"column\">\n\t\t\t<div class=\"elementor-widget-wrap elementor-element-populated\">\n\t\t\t\t\t\t<div class=\"elementor-element elementor-element-b6bfd06 elementor-widget elementor-widget-heading\" data-id=\"b6bfd06\" data-element_type=\"widget\" data-e-type=\"widget\" data-widget_type=\"heading.default\">\n\t\t\t\t<div class=\"elementor-widget-container\">\n\t\t\t\t\t<h2 class=\"elementor-heading-title elementor-size-default\">Beo\u010din Monastery (virtual tour of Fru\u0161ka Gora monasteries)<\/h2>\t\t\t\t<\/div>\n\t\t\t\t<\/div>\n\t\t\t\t<div class=\"elementor-element elementor-element-7006390e elementor-widget elementor-widget-text-editor\" data-id=\"7006390e\" data-element_type=\"widget\" data-e-type=\"widget\" data-widget_type=\"text-editor.default\">\n\t\t\t\t<div class=\"elementor-widget-container\">\n\t\t\t\t\t\t\t\t\t<p><strong>Time of construction: <\/strong>not known for sure, around the 16th century<\/p><p><strong>The church is dedicated to <\/strong>the feast of the Ascension of Christ<\/p><p><strong>Years of destruction: <\/strong>most likely, the monastery was destroyed during the Austro-Turkish wars of 1683-1695.<\/p><p><strong>The years of restoration: <\/strong>in 1697, the monks returned during the time of Patriarch Arsenio III \u010carnojevi\u0107; it was also renovated during 1708, 1732-1740, 1760-1799, a major renovation in 1893, when it got its present appearance, in 1905 and for the last time in 1987.<\/p><p><strong>Architecture: <\/strong>is the product of specific combinations of several stylistic forms<\/p><p><strong>Iconostasis: <\/strong>it was painted in 1756-1766. Janko Halkozovi\u0107, Dimitrije Ba\u010devi\u0107 and Teodor Dimitrijevi\u0107 Kra\u010dun. The thrones were completed in 1791 and are the work of Aksenti Markovi\u0107 from Dubrovnik.<\/p><p><strong>Painting\/frescoes: <\/strong>it was done in 1768-1777. The choirs were painted by Georgije Zograf, and on the west wall above the entrance to the church there is a wall painting by Janko Halkozovi\u0107.<\/p><p><strong>Treasury: <\/strong>looted during the Second World War, partially returned to the museum of the Serbian Orthodox Church.<\/p><p><strong>Today: <\/strong>the monastery complex consists of the church, the south and west wing of the inn and the enclosure walls on the north and east sides.<\/p><p><strong>Patron&#8217;s Day<\/strong><strong>: Ascension of Jesus<\/strong><\/p><p><strong>Mother Superior: Abbess Varvara Radosavljevi\u0107<\/strong><strong>\u00a0<\/strong><\/p>\t\t\t\t\t\t\t\t<\/div>\n\t\t\t\t<\/div>\n\t\t\t\t<div class=\"elementor-element elementor-element-0bc8c05 elementor-widget elementor-widget-heading\" data-id=\"0bc8c05\" data-element_type=\"widget\" data-e-type=\"widget\" data-widget_type=\"heading.default\">\n\t\t\t\t<div class=\"elementor-widget-container\">\n\t\t\t\t\t<h2 class=\"elementor-heading-title elementor-size-default\">Virtual tour of Fru\u0161ka Gora monasteries - Beo\u010din Monastery<\/h2>\t\t\t\t<\/div>\n\t\t\t\t<\/div>\n\t\t\t\t<div class=\"elementor-element elementor-element-4df37e58 elementor-widget elementor-widget-html\" data-id=\"4df37e58\" data-element_type=\"widget\" data-e-type=\"widget\" data-widget_type=\"html.default\">\n\t\t\t\t<div class=\"elementor-widget-container\">\n\t\t\t\t\t<embed src=\"https:\/\/eparhijasremska.rs\/beocin\/index.html\" width=\"200\" height=\"800\">\t\t\t\t<\/div>\n\t\t\t\t<\/div>\n\t\t\t\t\t<\/div>\n\t\t<\/div>\n\t\t\t\t\t<\/div>\n\t\t<\/section>\n\t\t\t\t<\/div>\n\t\t","protected":false},"excerpt":{"rendered":"<p>Beo\u010din Monastery Beo\u010din Monastery (virtual tour of Fru\u0161ka Gora monasteries) Time of construction: not known for sure, around the 16th century The church is dedicated to the feast of the Ascension of Christ Years of destruction: most likely, the monastery was destroyed during the Austro-Turkish wars of 1683-1695. The years of restoration: in 1697, the [&hellip;]<\/p>\n","protected":false},"author":1,"featured_media":0,"parent":0,"menu_order":0,"comment_status":"closed","ping_status":"closed","template":"","meta":{"footnotes":""},"class_list":["post-1734","page","type-page","status-publish","hentry"],"yoast_head":"<!-- This site is optimized with the Yoast SEO plugin v27.6 - https:\/\/yoast.com\/product\/yoast-seo-wordpress\/ -->\n<title>\u0411\u0435\u043e\u0447\u0438\u043d - \u0415\u043f\u0430\u0440\u0445\u0438\u0458\u0430 \u0441\u0440\u0435\u043c\u0441\u043a\u0430<\/title>\n<meta name=\"robots\" content=\"index, follow, max-snippet:-1, max-image-preview:large, max-video-preview:-1\" \/>\n<link rel=\"canonical\" href=\"https:\/\/eparhijasremska.rs\/eng\/\u0431\u0435\u043e\u0447\u0438\u043d-2\/\" \/>\n<meta property=\"og:locale\" content=\"en_US\" \/>\n<meta property=\"og:type\" content=\"article\" \/>\n<meta property=\"og:title\" content=\"\u0411\u0435\u043e\u0447\u0438\u043d - \u0415\u043f\u0430\u0440\u0445\u0438\u0458\u0430 \u0441\u0440\u0435\u043c\u0441\u043a\u0430\" \/>\n<meta property=\"og:description\" content=\"Beo\u010din Monastery Beo\u010din Monastery (virtual tour of Fru\u0161ka Gora monasteries) Time of construction: not known for sure, around the 16th century The church is dedicated to the feast of the Ascension of Christ Years of destruction: most likely, the monastery was destroyed during the Austro-Turkish wars of 1683-1695. The years of restoration: in 1697, the [&hellip;]\" \/>\n<meta property=\"og:url\" content=\"https:\/\/eparhijasremska.rs\/eng\/\u0431\u0435\u043e\u0447\u0438\u043d-2\/\" \/>\n<meta property=\"og:site_name\" content=\"\u0415\u043f\u0430\u0440\u0445\u0438\u0458\u0430 \u0441\u0440\u0435\u043c\u0441\u043a\u0430\" \/>\n<meta property=\"article:modified_time\" content=\"2023-02-27T16:02:59+00:00\" \/>\n<meta name=\"twitter:card\" content=\"summary_large_image\" \/>\n<meta name=\"twitter:label1\" content=\"Est. reading time\" \/>\n\t<meta name=\"twitter:data1\" content=\"1 minute\" \/>\n<script type=\"application\/ld+json\" class=\"yoast-schema-graph\">{\"@context\":\"https:\\\/\\\/schema.org\",\"@graph\":[{\"@type\":\"WebPage\",\"@id\":\"https:\\\/\\\/eparhijasremska.rs\\\/eng\\\/%d0%b1%d0%b5%d0%be%d1%87%d0%b8%d0%bd-2\\\/\",\"url\":\"https:\\\/\\\/eparhijasremska.rs\\\/eng\\\/%d0%b1%d0%b5%d0%be%d1%87%d0%b8%d0%bd-2\\\/\",\"name\":\"\u0411\u0435\u043e\u0447\u0438\u043d - \u0415\u043f\u0430\u0440\u0445\u0438\u0458\u0430 \u0441\u0440\u0435\u043c\u0441\u043a\u0430\",\"isPartOf\":{\"@id\":\"https:\\\/\\\/eparhijasremska.rs\\\/eng\\\/#website\"},\"datePublished\":\"2022-12-15T18:25:30+00:00\",\"dateModified\":\"2023-02-27T16:02:59+00:00\",\"breadcrumb\":{\"@id\":\"https:\\\/\\\/eparhijasremska.rs\\\/eng\\\/%d0%b1%d0%b5%d0%be%d1%87%d0%b8%d0%bd-2\\\/#breadcrumb\"},\"inLanguage\":\"en-US\",\"potentialAction\":[{\"@type\":\"ReadAction\",\"target\":[\"https:\\\/\\\/eparhijasremska.rs\\\/eng\\\/%d0%b1%d0%b5%d0%be%d1%87%d0%b8%d0%bd-2\\\/\"]}]},{\"@type\":\"BreadcrumbList\",\"@id\":\"https:\\\/\\\/eparhijasremska.rs\\\/eng\\\/%d0%b1%d0%b5%d0%be%d1%87%d0%b8%d0%bd-2\\\/#breadcrumb\",\"itemListElement\":[{\"@type\":\"ListItem\",\"position\":1,\"name\":\"Home\",\"item\":\"https:\\\/\\\/eparhijasremska.rs\\\/eng\\\/\"},{\"@type\":\"ListItem\",\"position\":2,\"name\":\"\u0411\u0435\u043e\u0447\u0438\u043d\"}]},{\"@type\":\"WebSite\",\"@id\":\"https:\\\/\\\/eparhijasremska.rs\\\/eng\\\/#website\",\"url\":\"https:\\\/\\\/eparhijasremska.rs\\\/eng\\\/\",\"name\":\"\u0415\u043f\u0430\u0440\u0445\u0438\u0458\u0430 \u0441\u0440\u0435\u043c\u0441\u043a\u0430\",\"description\":\"\",\"publisher\":{\"@id\":\"https:\\\/\\\/eparhijasremska.rs\\\/eng\\\/#organization\"},\"potentialAction\":[{\"@type\":\"SearchAction\",\"target\":{\"@type\":\"EntryPoint\",\"urlTemplate\":\"https:\\\/\\\/eparhijasremska.rs\\\/eng\\\/?s={search_term_string}\"},\"query-input\":{\"@type\":\"PropertyValueSpecification\",\"valueRequired\":true,\"valueName\":\"search_term_string\"}}],\"inLanguage\":\"en-US\"},{\"@type\":\"Organization\",\"@id\":\"https:\\\/\\\/eparhijasremska.rs\\\/eng\\\/#organization\",\"name\":\"\u0415\u043f\u0430\u0440\u0445\u0438\u0458\u0430 \u0441\u0440\u0435\u043c\u0441\u043a\u0430\",\"url\":\"https:\\\/\\\/eparhijasremska.rs\\\/eng\\\/\",\"logo\":{\"@type\":\"ImageObject\",\"inLanguage\":\"en-US\",\"@id\":\"https:\\\/\\\/eparhijasremska.rs\\\/eng\\\/#\\\/schema\\\/logo\\\/image\\\/\",\"url\":\"https:\\\/\\\/eparhijasremska.rs\\\/eng\\\/wp-content\\\/uploads\\\/2022\\\/11\\\/logo-eparhija-sremska-beli.png\",\"contentUrl\":\"https:\\\/\\\/eparhijasremska.rs\\\/eng\\\/wp-content\\\/uploads\\\/2022\\\/11\\\/logo-eparhija-sremska-beli.png\",\"width\":223,\"height\":236,\"caption\":\"\u0415\u043f\u0430\u0440\u0445\u0438\u0458\u0430 \u0441\u0440\u0435\u043c\u0441\u043a\u0430\"},\"image\":{\"@id\":\"https:\\\/\\\/eparhijasremska.rs\\\/eng\\\/#\\\/schema\\\/logo\\\/image\\\/\"}}]}<\/script>\n<!-- \/ Yoast SEO plugin. -->","yoast_head_json":{"title":"\u0411\u0435\u043e\u0447\u0438\u043d - \u0415\u043f\u0430\u0440\u0445\u0438\u0458\u0430 \u0441\u0440\u0435\u043c\u0441\u043a\u0430","robots":{"index":"index","follow":"follow","max-snippet":"max-snippet:-1","max-image-preview":"max-image-preview:large","max-video-preview":"max-video-preview:-1"},"canonical":"https:\/\/eparhijasremska.rs\/eng\/\u0431\u0435\u043e\u0447\u0438\u043d-2\/","og_locale":"en_US","og_type":"article","og_title":"\u0411\u0435\u043e\u0447\u0438\u043d - \u0415\u043f\u0430\u0440\u0445\u0438\u0458\u0430 \u0441\u0440\u0435\u043c\u0441\u043a\u0430","og_description":"Beo\u010din Monastery Beo\u010din Monastery (virtual tour of Fru\u0161ka Gora monasteries) Time of construction: not known for sure, around the 16th century The church is dedicated to the feast of the Ascension of Christ Years of destruction: most likely, the monastery was destroyed during the Austro-Turkish wars of 1683-1695. The years of restoration: in 1697, the [&hellip;]","og_url":"https:\/\/eparhijasremska.rs\/eng\/\u0431\u0435\u043e\u0447\u0438\u043d-2\/","og_site_name":"\u0415\u043f\u0430\u0440\u0445\u0438\u0458\u0430 \u0441\u0440\u0435\u043c\u0441\u043a\u0430","article_modified_time":"2023-02-27T16:02:59+00:00","twitter_card":"summary_large_image","twitter_misc":{"Est. reading time":"1 minute"},"schema":{"@context":"https:\/\/schema.org","@graph":[{"@type":"WebPage","@id":"https:\/\/eparhijasremska.rs\/eng\/%d0%b1%d0%b5%d0%be%d1%87%d0%b8%d0%bd-2\/","url":"https:\/\/eparhijasremska.rs\/eng\/%d0%b1%d0%b5%d0%be%d1%87%d0%b8%d0%bd-2\/","name":"\u0411\u0435\u043e\u0447\u0438\u043d - \u0415\u043f\u0430\u0440\u0445\u0438\u0458\u0430 \u0441\u0440\u0435\u043c\u0441\u043a\u0430","isPartOf":{"@id":"https:\/\/eparhijasremska.rs\/eng\/#website"},"datePublished":"2022-12-15T18:25:30+00:00","dateModified":"2023-02-27T16:02:59+00:00","breadcrumb":{"@id":"https:\/\/eparhijasremska.rs\/eng\/%d0%b1%d0%b5%d0%be%d1%87%d0%b8%d0%bd-2\/#breadcrumb"},"inLanguage":"en-US","potentialAction":[{"@type":"ReadAction","target":["https:\/\/eparhijasremska.rs\/eng\/%d0%b1%d0%b5%d0%be%d1%87%d0%b8%d0%bd-2\/"]}]},{"@type":"BreadcrumbList","@id":"https:\/\/eparhijasremska.rs\/eng\/%d0%b1%d0%b5%d0%be%d1%87%d0%b8%d0%bd-2\/#breadcrumb","itemListElement":[{"@type":"ListItem","position":1,"name":"Home","item":"https:\/\/eparhijasremska.rs\/eng\/"},{"@type":"ListItem","position":2,"name":"\u0411\u0435\u043e\u0447\u0438\u043d"}]},{"@type":"WebSite","@id":"https:\/\/eparhijasremska.rs\/eng\/#website","url":"https:\/\/eparhijasremska.rs\/eng\/","name":"\u0415\u043f\u0430\u0440\u0445\u0438\u0458\u0430 \u0441\u0440\u0435\u043c\u0441\u043a\u0430","description":"","publisher":{"@id":"https:\/\/eparhijasremska.rs\/eng\/#organization"},"potentialAction":[{"@type":"SearchAction","target":{"@type":"EntryPoint","urlTemplate":"https:\/\/eparhijasremska.rs\/eng\/?s={search_term_string}"},"query-input":{"@type":"PropertyValueSpecification","valueRequired":true,"valueName":"search_term_string"}}],"inLanguage":"en-US"},{"@type":"Organization","@id":"https:\/\/eparhijasremska.rs\/eng\/#organization","name":"\u0415\u043f\u0430\u0440\u0445\u0438\u0458\u0430 \u0441\u0440\u0435\u043c\u0441\u043a\u0430","url":"https:\/\/eparhijasremska.rs\/eng\/","logo":{"@type":"ImageObject","inLanguage":"en-US","@id":"https:\/\/eparhijasremska.rs\/eng\/#\/schema\/logo\/image\/","url":"https:\/\/eparhijasremska.rs\/eng\/wp-content\/uploads\/2022\/11\/logo-eparhija-sremska-beli.png","contentUrl":"https:\/\/eparhijasremska.rs\/eng\/wp-content\/uploads\/2022\/11\/logo-eparhija-sremska-beli.png","width":223,"height":236,"caption":"\u0415\u043f\u0430\u0440\u0445\u0438\u0458\u0430 \u0441\u0440\u0435\u043c\u0441\u043a\u0430"},"image":{"@id":"https:\/\/eparhijasremska.rs\/eng\/#\/schema\/logo\/image\/"}}]}},"_links":{"self":[{"href":"https:\/\/eparhijasremska.rs\/eng\/wp-json\/wp\/v2\/pages\/1734","targetHints":{"allow":["GET"]}}],"collection":[{"href":"https:\/\/eparhijasremska.rs\/eng\/wp-json\/wp\/v2\/pages"}],"about":[{"href":"https:\/\/eparhijasremska.rs\/eng\/wp-json\/wp\/v2\/types\/page"}],"author":[{"embeddable":true,"href":"https:\/\/eparhijasremska.rs\/eng\/wp-json\/wp\/v2\/users\/1"}],"replies":[{"embeddable":true,"href":"https:\/\/eparhijasremska.rs\/eng\/wp-json\/wp\/v2\/comments?post=1734"}],"version-history":[{"count":0,"href":"https:\/\/eparhijasremska.rs\/eng\/wp-json\/wp\/v2\/pages\/1734\/revisions"}],"wp:attachment":[{"href":"https:\/\/eparhijasremska.rs\/eng\/wp-json\/wp\/v2\/media?parent=1734"}],"curies":[{"name":"wp","href":"https:\/\/api.w.org\/{rel}","templated":true}]}}