{"id":1737,"date":"2022-12-15T18:38:56","date_gmt":"2022-12-15T18:38:56","guid":{"rendered":"https:\/\/eparhijasremska.rs\/?page_id=1737"},"modified":"2023-02-27T16:09:06","modified_gmt":"2023-02-27T16:09:06","slug":"%d1%92%d0%b8%d0%bf%d1%88%d0%b0-2","status":"publish","type":"page","link":"https:\/\/eparhijasremska.rs\/eng\/%d1%92%d0%b8%d0%bf%d1%88%d0%b0-2\/","title":{"rendered":"\u0402\u0438\u043f\u0448\u0430"},"content":{"rendered":"\t\t<div data-elementor-type=\"wp-page\" data-elementor-id=\"1737\" class=\"elementor elementor-1737\" data-elementor-post-type=\"page\">\n\t\t\t\t\t\t<section class=\"elementor-section elementor-top-section elementor-element elementor-element-7522c7e elementor-section-height-min-height elementor-section-items-bottom elementor-section-boxed elementor-section-height-default\" data-id=\"7522c7e\" data-element_type=\"section\" data-e-type=\"section\" data-settings=\"{&quot;background_background&quot;:&quot;classic&quot;}\">\n\t\t\t\t\t\t\t<div class=\"elementor-background-overlay\"><\/div>\n\t\t\t\t\t\t\t<div class=\"elementor-container elementor-column-gap-default\">\n\t\t\t\t\t<div class=\"elementor-column elementor-col-100 elementor-top-column elementor-element elementor-element-4d89801d\" data-id=\"4d89801d\" data-element_type=\"column\" data-e-type=\"column\">\n\t\t\t<div class=\"elementor-widget-wrap elementor-element-populated\">\n\t\t\t\t\t\t<div class=\"elementor-element elementor-element-65d55dd0 elementor-widget elementor-widget-heading\" data-id=\"65d55dd0\" data-element_type=\"widget\" data-e-type=\"widget\" data-widget_type=\"heading.default\">\n\t\t\t\t<div class=\"elementor-widget-container\">\n\t\t\t\t\t<h1 class=\"elementor-heading-title elementor-size-default\">\u0110ip\u0161a Monastery<\/h1>\t\t\t\t<\/div>\n\t\t\t\t<\/div>\n\t\t\t\t\t<\/div>\n\t\t<\/div>\n\t\t\t\t\t<\/div>\n\t\t<\/section>\n\t\t\t\t<section class=\"elementor-section elementor-top-section elementor-element elementor-element-644b221e elementor-section-boxed elementor-section-height-default elementor-section-height-default\" data-id=\"644b221e\" data-element_type=\"section\" data-e-type=\"section\">\n\t\t\t\t\t\t<div class=\"elementor-container elementor-column-gap-default\">\n\t\t\t\t\t<div class=\"elementor-column elementor-col-100 elementor-top-column elementor-element elementor-element-3069567c\" data-id=\"3069567c\" data-element_type=\"column\" data-e-type=\"column\">\n\t\t\t<div class=\"elementor-widget-wrap elementor-element-populated\">\n\t\t\t\t\t\t<div class=\"elementor-element elementor-element-2cb4d07 elementor-widget elementor-widget-heading\" data-id=\"2cb4d07\" data-element_type=\"widget\" data-e-type=\"widget\" data-widget_type=\"heading.default\">\n\t\t\t\t<div class=\"elementor-widget-container\">\n\t\t\t\t\t<h2 class=\"elementor-heading-title elementor-size-default\">\u0110ip\u0161a Monastery (virtual tour of Fru\u0161ka Gora monasteries)<\/h2>\t\t\t\t<\/div>\n\t\t\t\t<\/div>\n\t\t\t\t<div class=\"elementor-element elementor-element-58bfc6e5 elementor-widget elementor-widget-text-editor\" data-id=\"58bfc6e5\" data-element_type=\"widget\" data-e-type=\"widget\" data-widget_type=\"text-editor.default\">\n\t\t\t\t<div class=\"elementor-widget-container\">\n\t\t\t\t\t\t\t\t\t<p><strong>Time of construction<\/strong>: according to tradition, the end of the 15th or the very beginning of the 16th century.<\/p><p><strong>Founder<\/strong>: according to tradition, despot Jovan Brankovi\u0107.<\/p><p><strong>The church is dedicated<\/strong>\u00a0to the Transfer of the relics of St. Father Nikolaj (May 9\/22).<\/p><p><strong>Years of destruction<\/strong>: no data in the 17th century; 1913\u20131921. it was abandoned, and the first data in the 7th century do not mention buildings. In 1944, the \u0110ip\u0161a monastery was mined, which caused great damage; In 1952, the cracked bell tower was demolished.<\/p><p><strong>Years of restoration<\/strong>: in 1702, the monks rebuilt the monastery and the church; In 1743, the church and the inn building south of the church were repaired; 1762\u20131766. the restoration of the church and the construction of an inn and a bell tower with a chapel; In 1822, the appearance of the church changed again; 1922, 1968 and 1991\u20131992.<\/p><p><strong>Architecture<\/strong>: today&#8217;s church is also the original building created in the spirit of traditional Serbian architecture.<\/p><p><strong>Iconostasis<\/strong>: 1751, the work of an unknown carver, painted in 1753\u20131754. Teodor Stefanov Gologlavac; it was dismantled during blasting in 1944 (parts are today in the Museum in Sremska Mitrovica).<\/p><p><strong>Today<\/strong>: the complex consists of a church and multi-storey residences to the west of the church, which can be seen by visiting the virtual tour of the Fru\u0161ka Gora monasteries.<\/p><p><strong>Patron&#8217;s Day<\/strong>: Transfer of the relics of the Holy Father Nicholas<\/p><p><strong><em>Superior: Hieromonk Lukijan Kosti\u0107<\/em><\/strong><\/p>\t\t\t\t\t\t\t\t<\/div>\n\t\t\t\t<\/div>\n\t\t\t\t<div class=\"elementor-element elementor-element-b375e2e elementor-widget elementor-widget-heading\" data-id=\"b375e2e\" data-element_type=\"widget\" data-e-type=\"widget\" data-widget_type=\"heading.default\">\n\t\t\t\t<div class=\"elementor-widget-container\">\n\t\t\t\t\t<h2 class=\"elementor-heading-title elementor-size-default\">Virtual tour of Fru\u0161ka Gora monasteries - \u0110ip\u0161a monastery<\/h2>\t\t\t\t<\/div>\n\t\t\t\t<\/div>\n\t\t\t\t<div class=\"elementor-element elementor-element-2732afd2 elementor-widget elementor-widget-html\" data-id=\"2732afd2\" data-element_type=\"widget\" data-e-type=\"widget\" data-widget_type=\"html.default\">\n\t\t\t\t<div class=\"elementor-widget-container\">\n\t\t\t\t\t<embed src=\"https:\/\/eparhijasremska.rs\/djipsa\/index.html\" width=\"200\" height=\"800\">\t\t\t\t<\/div>\n\t\t\t\t<\/div>\n\t\t\t\t\t<\/div>\n\t\t<\/div>\n\t\t\t\t\t<\/div>\n\t\t<\/section>\n\t\t\t\t<\/div>\n\t\t","protected":false},"excerpt":{"rendered":"<p>\u0110ip\u0161a Monastery \u0110ip\u0161a Monastery (virtual tour of Fru\u0161ka Gora monasteries) Time of construction: according to tradition, the end of the 15th or the very beginning of the 16th century. Founder: according to tradition, despot Jovan Brankovi\u0107. The church is dedicated\u00a0to the Transfer of the relics of St. Father Nikolaj (May 9\/22). Years of destruction: no [&hellip;]<\/p>\n","protected":false},"author":1,"featured_media":0,"parent":0,"menu_order":0,"comment_status":"closed","ping_status":"closed","template":"","meta":{"footnotes":""},"class_list":["post-1737","page","type-page","status-publish","hentry"],"yoast_head":"<!-- This site is optimized with the Yoast SEO plugin v27.6 - https:\/\/yoast.com\/product\/yoast-seo-wordpress\/ -->\n<title>\u0402\u0438\u043f\u0448\u0430 - \u0415\u043f\u0430\u0440\u0445\u0438\u0458\u0430 \u0441\u0440\u0435\u043c\u0441\u043a\u0430<\/title>\n<meta name=\"robots\" content=\"index, follow, max-snippet:-1, max-image-preview:large, max-video-preview:-1\" \/>\n<link rel=\"canonical\" href=\"https:\/\/eparhijasremska.rs\/eng\/\u0452\u0438\u043f\u0448\u0430-2\/\" \/>\n<meta property=\"og:locale\" content=\"en_US\" \/>\n<meta property=\"og:type\" content=\"article\" \/>\n<meta property=\"og:title\" content=\"\u0402\u0438\u043f\u0448\u0430 - \u0415\u043f\u0430\u0440\u0445\u0438\u0458\u0430 \u0441\u0440\u0435\u043c\u0441\u043a\u0430\" \/>\n<meta property=\"og:description\" content=\"\u0110ip\u0161a Monastery \u0110ip\u0161a Monastery (virtual tour of Fru\u0161ka Gora monasteries) Time of construction: according to tradition, the end of the 15th or the very beginning of the 16th century. Founder: according to tradition, despot Jovan Brankovi\u0107. The church is dedicated\u00a0to the Transfer of the relics of St. Father Nikolaj (May 9\/22). Years of destruction: no [&hellip;]\" \/>\n<meta property=\"og:url\" content=\"https:\/\/eparhijasremska.rs\/eng\/\u0452\u0438\u043f\u0448\u0430-2\/\" \/>\n<meta property=\"og:site_name\" content=\"\u0415\u043f\u0430\u0440\u0445\u0438\u0458\u0430 \u0441\u0440\u0435\u043c\u0441\u043a\u0430\" \/>\n<meta property=\"article:modified_time\" content=\"2023-02-27T16:09:06+00:00\" \/>\n<meta name=\"twitter:card\" content=\"summary_large_image\" \/>\n<meta name=\"twitter:label1\" content=\"Est. reading time\" \/>\n\t<meta name=\"twitter:data1\" content=\"1 minute\" \/>\n<script type=\"application\/ld+json\" class=\"yoast-schema-graph\">{\"@context\":\"https:\\\/\\\/schema.org\",\"@graph\":[{\"@type\":\"WebPage\",\"@id\":\"https:\\\/\\\/eparhijasremska.rs\\\/eng\\\/%d1%92%d0%b8%d0%bf%d1%88%d0%b0-2\\\/\",\"url\":\"https:\\\/\\\/eparhijasremska.rs\\\/eng\\\/%d1%92%d0%b8%d0%bf%d1%88%d0%b0-2\\\/\",\"name\":\"\u0402\u0438\u043f\u0448\u0430 - \u0415\u043f\u0430\u0440\u0445\u0438\u0458\u0430 \u0441\u0440\u0435\u043c\u0441\u043a\u0430\",\"isPartOf\":{\"@id\":\"https:\\\/\\\/eparhijasremska.rs\\\/eng\\\/#website\"},\"datePublished\":\"2022-12-15T18:38:56+00:00\",\"dateModified\":\"2023-02-27T16:09:06+00:00\",\"breadcrumb\":{\"@id\":\"https:\\\/\\\/eparhijasremska.rs\\\/eng\\\/%d1%92%d0%b8%d0%bf%d1%88%d0%b0-2\\\/#breadcrumb\"},\"inLanguage\":\"en-US\",\"potentialAction\":[{\"@type\":\"ReadAction\",\"target\":[\"https:\\\/\\\/eparhijasremska.rs\\\/eng\\\/%d1%92%d0%b8%d0%bf%d1%88%d0%b0-2\\\/\"]}]},{\"@type\":\"BreadcrumbList\",\"@id\":\"https:\\\/\\\/eparhijasremska.rs\\\/eng\\\/%d1%92%d0%b8%d0%bf%d1%88%d0%b0-2\\\/#breadcrumb\",\"itemListElement\":[{\"@type\":\"ListItem\",\"position\":1,\"name\":\"Home\",\"item\":\"https:\\\/\\\/eparhijasremska.rs\\\/eng\\\/\"},{\"@type\":\"ListItem\",\"position\":2,\"name\":\"\u0402\u0438\u043f\u0448\u0430\"}]},{\"@type\":\"WebSite\",\"@id\":\"https:\\\/\\\/eparhijasremska.rs\\\/eng\\\/#website\",\"url\":\"https:\\\/\\\/eparhijasremska.rs\\\/eng\\\/\",\"name\":\"\u0415\u043f\u0430\u0440\u0445\u0438\u0458\u0430 \u0441\u0440\u0435\u043c\u0441\u043a\u0430\",\"description\":\"\",\"publisher\":{\"@id\":\"https:\\\/\\\/eparhijasremska.rs\\\/eng\\\/#organization\"},\"potentialAction\":[{\"@type\":\"SearchAction\",\"target\":{\"@type\":\"EntryPoint\",\"urlTemplate\":\"https:\\\/\\\/eparhijasremska.rs\\\/eng\\\/?s={search_term_string}\"},\"query-input\":{\"@type\":\"PropertyValueSpecification\",\"valueRequired\":true,\"valueName\":\"search_term_string\"}}],\"inLanguage\":\"en-US\"},{\"@type\":\"Organization\",\"@id\":\"https:\\\/\\\/eparhijasremska.rs\\\/eng\\\/#organization\",\"name\":\"\u0415\u043f\u0430\u0440\u0445\u0438\u0458\u0430 \u0441\u0440\u0435\u043c\u0441\u043a\u0430\",\"url\":\"https:\\\/\\\/eparhijasremska.rs\\\/eng\\\/\",\"logo\":{\"@type\":\"ImageObject\",\"inLanguage\":\"en-US\",\"@id\":\"https:\\\/\\\/eparhijasremska.rs\\\/eng\\\/#\\\/schema\\\/logo\\\/image\\\/\",\"url\":\"https:\\\/\\\/eparhijasremska.rs\\\/eng\\\/wp-content\\\/uploads\\\/2022\\\/11\\\/logo-eparhija-sremska-beli.png\",\"contentUrl\":\"https:\\\/\\\/eparhijasremska.rs\\\/eng\\\/wp-content\\\/uploads\\\/2022\\\/11\\\/logo-eparhija-sremska-beli.png\",\"width\":223,\"height\":236,\"caption\":\"\u0415\u043f\u0430\u0440\u0445\u0438\u0458\u0430 \u0441\u0440\u0435\u043c\u0441\u043a\u0430\"},\"image\":{\"@id\":\"https:\\\/\\\/eparhijasremska.rs\\\/eng\\\/#\\\/schema\\\/logo\\\/image\\\/\"}}]}<\/script>\n<!-- \/ Yoast SEO plugin. -->","yoast_head_json":{"title":"\u0402\u0438\u043f\u0448\u0430 - \u0415\u043f\u0430\u0440\u0445\u0438\u0458\u0430 \u0441\u0440\u0435\u043c\u0441\u043a\u0430","robots":{"index":"index","follow":"follow","max-snippet":"max-snippet:-1","max-image-preview":"max-image-preview:large","max-video-preview":"max-video-preview:-1"},"canonical":"https:\/\/eparhijasremska.rs\/eng\/\u0452\u0438\u043f\u0448\u0430-2\/","og_locale":"en_US","og_type":"article","og_title":"\u0402\u0438\u043f\u0448\u0430 - \u0415\u043f\u0430\u0440\u0445\u0438\u0458\u0430 \u0441\u0440\u0435\u043c\u0441\u043a\u0430","og_description":"\u0110ip\u0161a Monastery \u0110ip\u0161a Monastery (virtual tour of Fru\u0161ka Gora monasteries) Time of construction: according to tradition, the end of the 15th or the very beginning of the 16th century. Founder: according to tradition, despot Jovan Brankovi\u0107. The church is dedicated\u00a0to the Transfer of the relics of St. Father Nikolaj (May 9\/22). Years of destruction: no [&hellip;]","og_url":"https:\/\/eparhijasremska.rs\/eng\/\u0452\u0438\u043f\u0448\u0430-2\/","og_site_name":"\u0415\u043f\u0430\u0440\u0445\u0438\u0458\u0430 \u0441\u0440\u0435\u043c\u0441\u043a\u0430","article_modified_time":"2023-02-27T16:09:06+00:00","twitter_card":"summary_large_image","twitter_misc":{"Est. reading time":"1 minute"},"schema":{"@context":"https:\/\/schema.org","@graph":[{"@type":"WebPage","@id":"https:\/\/eparhijasremska.rs\/eng\/%d1%92%d0%b8%d0%bf%d1%88%d0%b0-2\/","url":"https:\/\/eparhijasremska.rs\/eng\/%d1%92%d0%b8%d0%bf%d1%88%d0%b0-2\/","name":"\u0402\u0438\u043f\u0448\u0430 - \u0415\u043f\u0430\u0440\u0445\u0438\u0458\u0430 \u0441\u0440\u0435\u043c\u0441\u043a\u0430","isPartOf":{"@id":"https:\/\/eparhijasremska.rs\/eng\/#website"},"datePublished":"2022-12-15T18:38:56+00:00","dateModified":"2023-02-27T16:09:06+00:00","breadcrumb":{"@id":"https:\/\/eparhijasremska.rs\/eng\/%d1%92%d0%b8%d0%bf%d1%88%d0%b0-2\/#breadcrumb"},"inLanguage":"en-US","potentialAction":[{"@type":"ReadAction","target":["https:\/\/eparhijasremska.rs\/eng\/%d1%92%d0%b8%d0%bf%d1%88%d0%b0-2\/"]}]},{"@type":"BreadcrumbList","@id":"https:\/\/eparhijasremska.rs\/eng\/%d1%92%d0%b8%d0%bf%d1%88%d0%b0-2\/#breadcrumb","itemListElement":[{"@type":"ListItem","position":1,"name":"Home","item":"https:\/\/eparhijasremska.rs\/eng\/"},{"@type":"ListItem","position":2,"name":"\u0402\u0438\u043f\u0448\u0430"}]},{"@type":"WebSite","@id":"https:\/\/eparhijasremska.rs\/eng\/#website","url":"https:\/\/eparhijasremska.rs\/eng\/","name":"\u0415\u043f\u0430\u0440\u0445\u0438\u0458\u0430 \u0441\u0440\u0435\u043c\u0441\u043a\u0430","description":"","publisher":{"@id":"https:\/\/eparhijasremska.rs\/eng\/#organization"},"potentialAction":[{"@type":"SearchAction","target":{"@type":"EntryPoint","urlTemplate":"https:\/\/eparhijasremska.rs\/eng\/?s={search_term_string}"},"query-input":{"@type":"PropertyValueSpecification","valueRequired":true,"valueName":"search_term_string"}}],"inLanguage":"en-US"},{"@type":"Organization","@id":"https:\/\/eparhijasremska.rs\/eng\/#organization","name":"\u0415\u043f\u0430\u0440\u0445\u0438\u0458\u0430 \u0441\u0440\u0435\u043c\u0441\u043a\u0430","url":"https:\/\/eparhijasremska.rs\/eng\/","logo":{"@type":"ImageObject","inLanguage":"en-US","@id":"https:\/\/eparhijasremska.rs\/eng\/#\/schema\/logo\/image\/","url":"https:\/\/eparhijasremska.rs\/eng\/wp-content\/uploads\/2022\/11\/logo-eparhija-sremska-beli.png","contentUrl":"https:\/\/eparhijasremska.rs\/eng\/wp-content\/uploads\/2022\/11\/logo-eparhija-sremska-beli.png","width":223,"height":236,"caption":"\u0415\u043f\u0430\u0440\u0445\u0438\u0458\u0430 \u0441\u0440\u0435\u043c\u0441\u043a\u0430"},"image":{"@id":"https:\/\/eparhijasremska.rs\/eng\/#\/schema\/logo\/image\/"}}]}},"_links":{"self":[{"href":"https:\/\/eparhijasremska.rs\/eng\/wp-json\/wp\/v2\/pages\/1737","targetHints":{"allow":["GET"]}}],"collection":[{"href":"https:\/\/eparhijasremska.rs\/eng\/wp-json\/wp\/v2\/pages"}],"about":[{"href":"https:\/\/eparhijasremska.rs\/eng\/wp-json\/wp\/v2\/types\/page"}],"author":[{"embeddable":true,"href":"https:\/\/eparhijasremska.rs\/eng\/wp-json\/wp\/v2\/users\/1"}],"replies":[{"embeddable":true,"href":"https:\/\/eparhijasremska.rs\/eng\/wp-json\/wp\/v2\/comments?post=1737"}],"version-history":[{"count":0,"href":"https:\/\/eparhijasremska.rs\/eng\/wp-json\/wp\/v2\/pages\/1737\/revisions"}],"wp:attachment":[{"href":"https:\/\/eparhijasremska.rs\/eng\/wp-json\/wp\/v2\/media?parent=1737"}],"curies":[{"name":"wp","href":"https:\/\/api.w.org\/{rel}","templated":true}]}}