{"id":1739,"date":"2022-12-15T19:05:00","date_gmt":"2022-12-15T19:05:00","guid":{"rendered":"https:\/\/eparhijasremska.rs\/?page_id=1739"},"modified":"2023-02-27T16:24:38","modified_gmt":"2023-02-27T16:24:38","slug":"%d0%ba%d1%83%d0%b2%d0%b5%d0%b6%d0%b4%d0%b8%d0%bd-2","status":"publish","type":"page","link":"https:\/\/eparhijasremska.rs\/eng\/%d0%ba%d1%83%d0%b2%d0%b5%d0%b6%d0%b4%d0%b8%d0%bd-2\/","title":{"rendered":"\u041a\u0443\u0432\u0435\u0436\u0434\u0438\u043d"},"content":{"rendered":"\t\t<div data-elementor-type=\"wp-page\" data-elementor-id=\"1739\" class=\"elementor elementor-1739\" data-elementor-post-type=\"page\">\n\t\t\t\t\t\t<section class=\"elementor-section elementor-top-section elementor-element elementor-element-782ae4e elementor-section-height-min-height elementor-section-items-bottom elementor-section-boxed elementor-section-height-default\" data-id=\"782ae4e\" data-element_type=\"section\" data-e-type=\"section\" data-settings=\"{&quot;background_background&quot;:&quot;classic&quot;}\">\n\t\t\t\t\t\t\t<div class=\"elementor-background-overlay\"><\/div>\n\t\t\t\t\t\t\t<div class=\"elementor-container elementor-column-gap-default\">\n\t\t\t\t\t<div class=\"elementor-column elementor-col-100 elementor-top-column elementor-element elementor-element-c51f22\" data-id=\"c51f22\" data-element_type=\"column\" data-e-type=\"column\">\n\t\t\t<div class=\"elementor-widget-wrap elementor-element-populated\">\n\t\t\t\t\t\t<div class=\"elementor-element elementor-element-43023ee5 elementor-widget elementor-widget-heading\" data-id=\"43023ee5\" data-element_type=\"widget\" data-e-type=\"widget\" data-widget_type=\"heading.default\">\n\t\t\t\t<div class=\"elementor-widget-container\">\n\t\t\t\t\t<h1 class=\"elementor-heading-title elementor-size-default\">Kuve\u017edin Monastery<\/h1>\t\t\t\t<\/div>\n\t\t\t\t<\/div>\n\t\t\t\t\t<\/div>\n\t\t<\/div>\n\t\t\t\t\t<\/div>\n\t\t<\/section>\n\t\t\t\t<section class=\"elementor-section elementor-top-section elementor-element elementor-element-6987558c elementor-section-boxed elementor-section-height-default elementor-section-height-default\" data-id=\"6987558c\" data-element_type=\"section\" data-e-type=\"section\">\n\t\t\t\t\t\t<div class=\"elementor-container elementor-column-gap-default\">\n\t\t\t\t\t<div class=\"elementor-column elementor-col-100 elementor-top-column elementor-element elementor-element-2b903bc4\" data-id=\"2b903bc4\" data-element_type=\"column\" data-e-type=\"column\">\n\t\t\t<div class=\"elementor-widget-wrap elementor-element-populated\">\n\t\t\t\t\t\t<div class=\"elementor-element elementor-element-a974e38 elementor-widget elementor-widget-heading\" data-id=\"a974e38\" data-element_type=\"widget\" data-e-type=\"widget\" data-widget_type=\"heading.default\">\n\t\t\t\t<div class=\"elementor-widget-container\">\n\t\t\t\t\t<h2 class=\"elementor-heading-title elementor-size-default\">Kuve\u017edin Monastery (virtual tour of Fru\u0161ka Gora monasteries)<\/h2>\t\t\t\t<\/div>\n\t\t\t\t<\/div>\n\t\t\t\t<div class=\"elementor-element elementor-element-5e5b43e2 elementor-widget elementor-widget-text-editor\" data-id=\"5e5b43e2\" data-element_type=\"widget\" data-e-type=\"widget\" data-widget_type=\"text-editor.default\">\n\t\t\t\t<div class=\"elementor-widget-container\">\n\t\t\t\t\t\t\t\t\t<p><strong>Construction time<\/strong>: according to tradition, 1520.<\/p><p><strong>Founder<\/strong>: according to testimony, Serbian duke and despot Stefan \u0160tiljanovi\u0107.<\/p><p><strong>The first written mention<\/strong>: in the cadastral register for 1566-67, as &#8220;Saint Sava Monastery, another name is Kuve\u017edin near the village of Vo\u0111inci&#8221;.<\/p><p><strong>The church is dedicated<\/strong>\u00a0to St. Sava (January 14\/27) and his father, St. Simeon Miroto\u010divi.<\/p><p><strong>Years of destruction<\/strong>: destroyed in 1688, the Kuve\u017edin monastery was destroyed by the Turks during their retreat; looted in 1941 by the Croation fashists (Usta\u0161e), and then mined and destroyed in 1944.<\/p><p><strong>Years of restoration<\/strong>: in 1743, the south lodge was repaired; In 1754, the church was plastered both inside and outside and the refectory was decorated. In 1770, the lodgings were added, 1779\u20131780. the porches were vaulted and a small cemetery chapel was built, and in 1810 a floor was built on the southern dormitory. Partial restoration of the church was carried out in 1973-1975, and complete in 1994, 1997 and 2006.<\/p><p><strong>Architecture<\/strong>: calm and simple lines, classicist symbols and ornaments combined with a baroque understanding of the organization of space.<\/p><p><strong>Iconostasis<\/strong>: the icons on the iconostasis were painted in 1772 by Janko Halkozovi\u0107. This iconostasis was sold to the parish church in Opatovac in 1853, when a new one was made, for which the woodcarving was done by Georgije Devi\u010d, and the icons were painted by Pavle Simi\u0107. 22 out of 48 icons have been saved.<\/p><p><strong>Paintings\/frescoes<\/strong>: In 1853, the interior of the church was painted by the hand of Pavel Simi\u0107.<\/p><p><strong>Holy relics<\/strong>: According to the visitation from 1771, Kuve\u017edin has one finger from the hand of Saint Metropolitan Peter of Kiev among the holy relics.<\/p><p><strong>Today<\/strong>: until the Second World War, the monastery consisted of a church with a bell tower, three wings of the inn, a corridor on the west side and economic buildings, and in 1944, all of this was demolished, so that today the monastery is gradually returning to its old form from the ruins. The church was structurally renovated, as were both wings of the inn. Further works are in progress, and the monastery complex can be seen in detail by visiting the virtual tour of the Fru\u0161ka Gora monasteries.<\/p><p>From 1923 to 1941, the monastery was a women&#8217;s monastery, and now it is being restored by monks.<\/p><p><strong><em>Superior: Abbot Varnava Luki\u0107<\/em><\/strong><\/p><p><strong>Patron&#8217;s Day<\/strong>: Saint Sava (January 14\/27)<\/p>\t\t\t\t\t\t\t\t<\/div>\n\t\t\t\t<\/div>\n\t\t\t\t<div class=\"elementor-element elementor-element-775b077 elementor-widget elementor-widget-heading\" data-id=\"775b077\" data-element_type=\"widget\" data-e-type=\"widget\" data-widget_type=\"heading.default\">\n\t\t\t\t<div class=\"elementor-widget-container\">\n\t\t\t\t\t<h2 class=\"elementor-heading-title elementor-size-default\">Virtual tour of Fru\u0161ka Gora monasteries - Kuve\u017edin monastery<\/h2>\t\t\t\t<\/div>\n\t\t\t\t<\/div>\n\t\t\t\t<div class=\"elementor-element elementor-element-fe5a2c8 elementor-widget elementor-widget-html\" data-id=\"fe5a2c8\" data-element_type=\"widget\" data-e-type=\"widget\" data-widget_type=\"html.default\">\n\t\t\t\t<div class=\"elementor-widget-container\">\n\t\t\t\t\t<embed src=\"https:\/\/eparhijasremska.rs\/kuvezdin\/index.html\" width=\"200\" height=\"800\">\t\t\t\t<\/div>\n\t\t\t\t<\/div>\n\t\t\t\t\t<\/div>\n\t\t<\/div>\n\t\t\t\t\t<\/div>\n\t\t<\/section>\n\t\t\t\t<\/div>\n\t\t","protected":false},"excerpt":{"rendered":"<p>Kuve\u017edin Monastery Kuve\u017edin Monastery (virtual tour of Fru\u0161ka Gora monasteries) Construction time: according to tradition, 1520. Founder: according to testimony, Serbian duke and despot Stefan \u0160tiljanovi\u0107. The first written mention: in the cadastral register for 1566-67, as &#8220;Saint Sava Monastery, another name is Kuve\u017edin near the village of Vo\u0111inci&#8221;. The church is dedicated\u00a0to St. Sava [&hellip;]<\/p>\n","protected":false},"author":1,"featured_media":0,"parent":0,"menu_order":0,"comment_status":"closed","ping_status":"closed","template":"","meta":{"footnotes":""},"class_list":["post-1739","page","type-page","status-publish","hentry"],"yoast_head":"<!-- This site is optimized with the Yoast SEO plugin v27.6 - https:\/\/yoast.com\/product\/yoast-seo-wordpress\/ -->\n<title>\u041a\u0443\u0432\u0435\u0436\u0434\u0438\u043d - \u0415\u043f\u0430\u0440\u0445\u0438\u0458\u0430 \u0441\u0440\u0435\u043c\u0441\u043a\u0430<\/title>\n<meta name=\"robots\" content=\"index, follow, max-snippet:-1, max-image-preview:large, max-video-preview:-1\" \/>\n<link rel=\"canonical\" href=\"https:\/\/eparhijasremska.rs\/eng\/\u043a\u0443\u0432\u0435\u0436\u0434\u0438\u043d-2\/\" \/>\n<meta property=\"og:locale\" content=\"en_US\" \/>\n<meta property=\"og:type\" content=\"article\" \/>\n<meta property=\"og:title\" content=\"\u041a\u0443\u0432\u0435\u0436\u0434\u0438\u043d - \u0415\u043f\u0430\u0440\u0445\u0438\u0458\u0430 \u0441\u0440\u0435\u043c\u0441\u043a\u0430\" \/>\n<meta property=\"og:description\" content=\"Kuve\u017edin Monastery Kuve\u017edin Monastery (virtual tour of Fru\u0161ka Gora monasteries) Construction time: according to tradition, 1520. Founder: according to testimony, Serbian duke and despot Stefan \u0160tiljanovi\u0107. The first written mention: in the cadastral register for 1566-67, as &#8220;Saint Sava Monastery, another name is Kuve\u017edin near the village of Vo\u0111inci&#8221;. The church is dedicated\u00a0to St. Sava [&hellip;]\" \/>\n<meta property=\"og:url\" content=\"https:\/\/eparhijasremska.rs\/eng\/\u043a\u0443\u0432\u0435\u0436\u0434\u0438\u043d-2\/\" \/>\n<meta property=\"og:site_name\" content=\"\u0415\u043f\u0430\u0440\u0445\u0438\u0458\u0430 \u0441\u0440\u0435\u043c\u0441\u043a\u0430\" \/>\n<meta property=\"article:modified_time\" content=\"2023-02-27T16:24:38+00:00\" \/>\n<meta name=\"twitter:card\" content=\"summary_large_image\" \/>\n<meta name=\"twitter:label1\" content=\"Est. reading time\" \/>\n\t<meta name=\"twitter:data1\" content=\"2 minutes\" \/>\n<script type=\"application\/ld+json\" class=\"yoast-schema-graph\">{\"@context\":\"https:\\\/\\\/schema.org\",\"@graph\":[{\"@type\":\"WebPage\",\"@id\":\"https:\\\/\\\/eparhijasremska.rs\\\/eng\\\/%d0%ba%d1%83%d0%b2%d0%b5%d0%b6%d0%b4%d0%b8%d0%bd-2\\\/\",\"url\":\"https:\\\/\\\/eparhijasremska.rs\\\/eng\\\/%d0%ba%d1%83%d0%b2%d0%b5%d0%b6%d0%b4%d0%b8%d0%bd-2\\\/\",\"name\":\"\u041a\u0443\u0432\u0435\u0436\u0434\u0438\u043d - \u0415\u043f\u0430\u0440\u0445\u0438\u0458\u0430 \u0441\u0440\u0435\u043c\u0441\u043a\u0430\",\"isPartOf\":{\"@id\":\"https:\\\/\\\/eparhijasremska.rs\\\/eng\\\/#website\"},\"datePublished\":\"2022-12-15T19:05:00+00:00\",\"dateModified\":\"2023-02-27T16:24:38+00:00\",\"breadcrumb\":{\"@id\":\"https:\\\/\\\/eparhijasremska.rs\\\/eng\\\/%d0%ba%d1%83%d0%b2%d0%b5%d0%b6%d0%b4%d0%b8%d0%bd-2\\\/#breadcrumb\"},\"inLanguage\":\"en-US\",\"potentialAction\":[{\"@type\":\"ReadAction\",\"target\":[\"https:\\\/\\\/eparhijasremska.rs\\\/eng\\\/%d0%ba%d1%83%d0%b2%d0%b5%d0%b6%d0%b4%d0%b8%d0%bd-2\\\/\"]}]},{\"@type\":\"BreadcrumbList\",\"@id\":\"https:\\\/\\\/eparhijasremska.rs\\\/eng\\\/%d0%ba%d1%83%d0%b2%d0%b5%d0%b6%d0%b4%d0%b8%d0%bd-2\\\/#breadcrumb\",\"itemListElement\":[{\"@type\":\"ListItem\",\"position\":1,\"name\":\"Home\",\"item\":\"https:\\\/\\\/eparhijasremska.rs\\\/eng\\\/\"},{\"@type\":\"ListItem\",\"position\":2,\"name\":\"\u041a\u0443\u0432\u0435\u0436\u0434\u0438\u043d\"}]},{\"@type\":\"WebSite\",\"@id\":\"https:\\\/\\\/eparhijasremska.rs\\\/eng\\\/#website\",\"url\":\"https:\\\/\\\/eparhijasremska.rs\\\/eng\\\/\",\"name\":\"\u0415\u043f\u0430\u0440\u0445\u0438\u0458\u0430 \u0441\u0440\u0435\u043c\u0441\u043a\u0430\",\"description\":\"\",\"publisher\":{\"@id\":\"https:\\\/\\\/eparhijasremska.rs\\\/eng\\\/#organization\"},\"potentialAction\":[{\"@type\":\"SearchAction\",\"target\":{\"@type\":\"EntryPoint\",\"urlTemplate\":\"https:\\\/\\\/eparhijasremska.rs\\\/eng\\\/?s={search_term_string}\"},\"query-input\":{\"@type\":\"PropertyValueSpecification\",\"valueRequired\":true,\"valueName\":\"search_term_string\"}}],\"inLanguage\":\"en-US\"},{\"@type\":\"Organization\",\"@id\":\"https:\\\/\\\/eparhijasremska.rs\\\/eng\\\/#organization\",\"name\":\"\u0415\u043f\u0430\u0440\u0445\u0438\u0458\u0430 \u0441\u0440\u0435\u043c\u0441\u043a\u0430\",\"url\":\"https:\\\/\\\/eparhijasremska.rs\\\/eng\\\/\",\"logo\":{\"@type\":\"ImageObject\",\"inLanguage\":\"en-US\",\"@id\":\"https:\\\/\\\/eparhijasremska.rs\\\/eng\\\/#\\\/schema\\\/logo\\\/image\\\/\",\"url\":\"https:\\\/\\\/eparhijasremska.rs\\\/eng\\\/wp-content\\\/uploads\\\/2022\\\/11\\\/logo-eparhija-sremska-beli.png\",\"contentUrl\":\"https:\\\/\\\/eparhijasremska.rs\\\/eng\\\/wp-content\\\/uploads\\\/2022\\\/11\\\/logo-eparhija-sremska-beli.png\",\"width\":223,\"height\":236,\"caption\":\"\u0415\u043f\u0430\u0440\u0445\u0438\u0458\u0430 \u0441\u0440\u0435\u043c\u0441\u043a\u0430\"},\"image\":{\"@id\":\"https:\\\/\\\/eparhijasremska.rs\\\/eng\\\/#\\\/schema\\\/logo\\\/image\\\/\"}}]}<\/script>\n<!-- \/ Yoast SEO plugin. -->","yoast_head_json":{"title":"\u041a\u0443\u0432\u0435\u0436\u0434\u0438\u043d - \u0415\u043f\u0430\u0440\u0445\u0438\u0458\u0430 \u0441\u0440\u0435\u043c\u0441\u043a\u0430","robots":{"index":"index","follow":"follow","max-snippet":"max-snippet:-1","max-image-preview":"max-image-preview:large","max-video-preview":"max-video-preview:-1"},"canonical":"https:\/\/eparhijasremska.rs\/eng\/\u043a\u0443\u0432\u0435\u0436\u0434\u0438\u043d-2\/","og_locale":"en_US","og_type":"article","og_title":"\u041a\u0443\u0432\u0435\u0436\u0434\u0438\u043d - \u0415\u043f\u0430\u0440\u0445\u0438\u0458\u0430 \u0441\u0440\u0435\u043c\u0441\u043a\u0430","og_description":"Kuve\u017edin Monastery Kuve\u017edin Monastery (virtual tour of Fru\u0161ka Gora monasteries) Construction time: according to tradition, 1520. Founder: according to testimony, Serbian duke and despot Stefan \u0160tiljanovi\u0107. The first written mention: in the cadastral register for 1566-67, as &#8220;Saint Sava Monastery, another name is Kuve\u017edin near the village of Vo\u0111inci&#8221;. The church is dedicated\u00a0to St. Sava [&hellip;]","og_url":"https:\/\/eparhijasremska.rs\/eng\/\u043a\u0443\u0432\u0435\u0436\u0434\u0438\u043d-2\/","og_site_name":"\u0415\u043f\u0430\u0440\u0445\u0438\u0458\u0430 \u0441\u0440\u0435\u043c\u0441\u043a\u0430","article_modified_time":"2023-02-27T16:24:38+00:00","twitter_card":"summary_large_image","twitter_misc":{"Est. reading time":"2 minutes"},"schema":{"@context":"https:\/\/schema.org","@graph":[{"@type":"WebPage","@id":"https:\/\/eparhijasremska.rs\/eng\/%d0%ba%d1%83%d0%b2%d0%b5%d0%b6%d0%b4%d0%b8%d0%bd-2\/","url":"https:\/\/eparhijasremska.rs\/eng\/%d0%ba%d1%83%d0%b2%d0%b5%d0%b6%d0%b4%d0%b8%d0%bd-2\/","name":"\u041a\u0443\u0432\u0435\u0436\u0434\u0438\u043d - \u0415\u043f\u0430\u0440\u0445\u0438\u0458\u0430 \u0441\u0440\u0435\u043c\u0441\u043a\u0430","isPartOf":{"@id":"https:\/\/eparhijasremska.rs\/eng\/#website"},"datePublished":"2022-12-15T19:05:00+00:00","dateModified":"2023-02-27T16:24:38+00:00","breadcrumb":{"@id":"https:\/\/eparhijasremska.rs\/eng\/%d0%ba%d1%83%d0%b2%d0%b5%d0%b6%d0%b4%d0%b8%d0%bd-2\/#breadcrumb"},"inLanguage":"en-US","potentialAction":[{"@type":"ReadAction","target":["https:\/\/eparhijasremska.rs\/eng\/%d0%ba%d1%83%d0%b2%d0%b5%d0%b6%d0%b4%d0%b8%d0%bd-2\/"]}]},{"@type":"BreadcrumbList","@id":"https:\/\/eparhijasremska.rs\/eng\/%d0%ba%d1%83%d0%b2%d0%b5%d0%b6%d0%b4%d0%b8%d0%bd-2\/#breadcrumb","itemListElement":[{"@type":"ListItem","position":1,"name":"Home","item":"https:\/\/eparhijasremska.rs\/eng\/"},{"@type":"ListItem","position":2,"name":"\u041a\u0443\u0432\u0435\u0436\u0434\u0438\u043d"}]},{"@type":"WebSite","@id":"https:\/\/eparhijasremska.rs\/eng\/#website","url":"https:\/\/eparhijasremska.rs\/eng\/","name":"\u0415\u043f\u0430\u0440\u0445\u0438\u0458\u0430 \u0441\u0440\u0435\u043c\u0441\u043a\u0430","description":"","publisher":{"@id":"https:\/\/eparhijasremska.rs\/eng\/#organization"},"potentialAction":[{"@type":"SearchAction","target":{"@type":"EntryPoint","urlTemplate":"https:\/\/eparhijasremska.rs\/eng\/?s={search_term_string}"},"query-input":{"@type":"PropertyValueSpecification","valueRequired":true,"valueName":"search_term_string"}}],"inLanguage":"en-US"},{"@type":"Organization","@id":"https:\/\/eparhijasremska.rs\/eng\/#organization","name":"\u0415\u043f\u0430\u0440\u0445\u0438\u0458\u0430 \u0441\u0440\u0435\u043c\u0441\u043a\u0430","url":"https:\/\/eparhijasremska.rs\/eng\/","logo":{"@type":"ImageObject","inLanguage":"en-US","@id":"https:\/\/eparhijasremska.rs\/eng\/#\/schema\/logo\/image\/","url":"https:\/\/eparhijasremska.rs\/eng\/wp-content\/uploads\/2022\/11\/logo-eparhija-sremska-beli.png","contentUrl":"https:\/\/eparhijasremska.rs\/eng\/wp-content\/uploads\/2022\/11\/logo-eparhija-sremska-beli.png","width":223,"height":236,"caption":"\u0415\u043f\u0430\u0440\u0445\u0438\u0458\u0430 \u0441\u0440\u0435\u043c\u0441\u043a\u0430"},"image":{"@id":"https:\/\/eparhijasremska.rs\/eng\/#\/schema\/logo\/image\/"}}]}},"_links":{"self":[{"href":"https:\/\/eparhijasremska.rs\/eng\/wp-json\/wp\/v2\/pages\/1739","targetHints":{"allow":["GET"]}}],"collection":[{"href":"https:\/\/eparhijasremska.rs\/eng\/wp-json\/wp\/v2\/pages"}],"about":[{"href":"https:\/\/eparhijasremska.rs\/eng\/wp-json\/wp\/v2\/types\/page"}],"author":[{"embeddable":true,"href":"https:\/\/eparhijasremska.rs\/eng\/wp-json\/wp\/v2\/users\/1"}],"replies":[{"embeddable":true,"href":"https:\/\/eparhijasremska.rs\/eng\/wp-json\/wp\/v2\/comments?post=1739"}],"version-history":[{"count":0,"href":"https:\/\/eparhijasremska.rs\/eng\/wp-json\/wp\/v2\/pages\/1739\/revisions"}],"wp:attachment":[{"href":"https:\/\/eparhijasremska.rs\/eng\/wp-json\/wp\/v2\/media?parent=1739"}],"curies":[{"name":"wp","href":"https:\/\/api.w.org\/{rel}","templated":true}]}}