{"id":1743,"date":"2022-12-15T18:55:43","date_gmt":"2022-12-15T18:55:43","guid":{"rendered":"https:\/\/eparhijasremska.rs\/?page_id=1743"},"modified":"2023-02-27T16:22:38","modified_gmt":"2023-02-27T16:22:38","slug":"%d0%ba%d1%80%d1%83%d1%88%d0%b5%d0%b4%d0%be%d0%bb-2","status":"publish","type":"page","link":"https:\/\/eparhijasremska.rs\/eng\/%d0%ba%d1%80%d1%83%d1%88%d0%b5%d0%b4%d0%be%d0%bb-2\/","title":{"rendered":"\u041a\u0440\u0443\u0448\u0435\u0434\u043e\u043b"},"content":{"rendered":"\t\t<div data-elementor-type=\"wp-page\" data-elementor-id=\"1743\" class=\"elementor elementor-1743\" data-elementor-post-type=\"page\">\n\t\t\t\t\t\t<section class=\"elementor-section elementor-top-section elementor-element elementor-element-154939f0 elementor-section-height-min-height elementor-section-items-bottom elementor-section-boxed elementor-section-height-default\" data-id=\"154939f0\" data-element_type=\"section\" data-e-type=\"section\" data-settings=\"{&quot;background_background&quot;:&quot;classic&quot;}\">\n\t\t\t\t\t\t\t<div class=\"elementor-background-overlay\"><\/div>\n\t\t\t\t\t\t\t<div class=\"elementor-container elementor-column-gap-default\">\n\t\t\t\t\t<div class=\"elementor-column elementor-col-100 elementor-top-column elementor-element elementor-element-11396a73\" data-id=\"11396a73\" data-element_type=\"column\" data-e-type=\"column\">\n\t\t\t<div class=\"elementor-widget-wrap elementor-element-populated\">\n\t\t\t\t\t\t<div class=\"elementor-element elementor-element-2aeeedec elementor-widget elementor-widget-heading\" data-id=\"2aeeedec\" data-element_type=\"widget\" data-e-type=\"widget\" data-widget_type=\"heading.default\">\n\t\t\t\t<div class=\"elementor-widget-container\">\n\t\t\t\t\t<h1 class=\"elementor-heading-title elementor-size-default\">Kru\u0161edol Monastery<\/h1>\t\t\t\t<\/div>\n\t\t\t\t<\/div>\n\t\t\t\t\t<\/div>\n\t\t<\/div>\n\t\t\t\t\t<\/div>\n\t\t<\/section>\n\t\t\t\t<section class=\"elementor-section elementor-top-section elementor-element elementor-element-7462b963 elementor-section-boxed elementor-section-height-default elementor-section-height-default\" data-id=\"7462b963\" data-element_type=\"section\" data-e-type=\"section\">\n\t\t\t\t\t\t<div class=\"elementor-container elementor-column-gap-default\">\n\t\t\t\t\t<div class=\"elementor-column elementor-col-100 elementor-top-column elementor-element elementor-element-60015ed7\" data-id=\"60015ed7\" data-element_type=\"column\" data-e-type=\"column\">\n\t\t\t<div class=\"elementor-widget-wrap elementor-element-populated\">\n\t\t\t\t\t\t<div class=\"elementor-element elementor-element-6a2210f elementor-widget elementor-widget-heading\" data-id=\"6a2210f\" data-element_type=\"widget\" data-e-type=\"widget\" data-widget_type=\"heading.default\">\n\t\t\t\t<div class=\"elementor-widget-container\">\n\t\t\t\t\t<h2 class=\"elementor-heading-title elementor-size-default\">Kru\u0161edol Monastery (virtual tour of Fru\u0161ka Gora monasteries)<\/h2>\t\t\t\t<\/div>\n\t\t\t\t<\/div>\n\t\t\t\t<div class=\"elementor-element elementor-element-2c158703 elementor-widget elementor-widget-text-editor\" data-id=\"2c158703\" data-element_type=\"widget\" data-e-type=\"widget\" data-widget_type=\"text-editor.default\">\n\t\t\t\t<div class=\"elementor-widget-container\">\n\t\t\t\t\t\t\t\t\t<p><strong>Time of construction<\/strong>: Kru\u0161edol monastery was built by Saint Metropolitan Maxim, former despot \u0110or\u0111e Brankovi\u0107, together with his mother Angelina, sometime between 1509 and 1516.<\/p><p><strong>The church is dedicated<\/strong>\u00a0to the Annunciation of the Blessed Virgin Mary, and the glory of this shrine is actually the Holy Mother Angelina.<\/p><p><strong>Years of destruction<\/strong>: On August 5, 1716, the Turkish army burned Kru\u0161edol and Velika Remeta to the ground.<\/p><p><strong>Years of restoration<\/strong>: the church was restored in 1697, the monastic family was restored during the time of Patriarch Arsenije III, then from 1721 to 1726 and during the 20th century.<\/p><p><strong>Architecture<\/strong>: the church follows the tradition of Moravian architecture, but was later baroqueized, so the bell tower, west stone portal, stone decorations around the windows and the porch in front of the entrance to the church were made in baroque style.<\/p><p><strong>Iconostasis<\/strong>: painted during four periods, from the 16th to the 19th century.<\/p><p><strong>Paintings\/frescoes<\/strong>: from the 16th and 18th centuries, except for the western facade, which was painted in the 17th century.<\/p><p><strong>Treasury<\/strong>: before World War II, it was the richest on Fru\u0161ka Gora, and now this treasure is mostly located in the Museum of the Serbian Orthodox Church in Patrija\u0161ija in Belgrade.<\/p><p><strong>Holy relics<\/strong>: parts of the relics of the Holy Despots Brankovi\u0107, which were preserved after the Turkish destruction and burning of Kru\u0161edol in 1716.<\/p><p><strong>Today<\/strong>: the complex consists of a church, lodgings on all four sides and economic buildings. The monastery is surrounded by a spacious park.<\/p><p><strong>Patron&#8217;s Day<\/strong>: Venerable Mother Angelina (July 30\/August 12)<\/p><p><strong>Superior<\/strong>: Archimandrite Sava Jovan\u010devi\u0107<\/p>\t\t\t\t\t\t\t\t<\/div>\n\t\t\t\t<\/div>\n\t\t\t\t<div class=\"elementor-element elementor-element-65b05a2 elementor-widget elementor-widget-heading\" data-id=\"65b05a2\" data-element_type=\"widget\" data-e-type=\"widget\" data-widget_type=\"heading.default\">\n\t\t\t\t<div class=\"elementor-widget-container\">\n\t\t\t\t\t<h2 class=\"elementor-heading-title elementor-size-default\">Virtual tour of Fru\u0161ka Gora monasteries - Kru\u0161edol monastery<\/h2>\t\t\t\t<\/div>\n\t\t\t\t<\/div>\n\t\t\t\t<div class=\"elementor-element elementor-element-449c374b elementor-widget elementor-widget-html\" data-id=\"449c374b\" data-element_type=\"widget\" data-e-type=\"widget\" data-widget_type=\"html.default\">\n\t\t\t\t<div class=\"elementor-widget-container\">\n\t\t\t\t\t<embed src=\"https:\/\/eparhijasremska.rs\/krusedol\/index.html\" width=\"200\" height=\"800\">\t\t\t\t<\/div>\n\t\t\t\t<\/div>\n\t\t\t\t\t<\/div>\n\t\t<\/div>\n\t\t\t\t\t<\/div>\n\t\t<\/section>\n\t\t\t\t<\/div>\n\t\t","protected":false},"excerpt":{"rendered":"<p>Kru\u0161edol Monastery Kru\u0161edol Monastery (virtual tour of Fru\u0161ka Gora monasteries) Time of construction: Kru\u0161edol monastery was built by Saint Metropolitan Maxim, former despot \u0110or\u0111e Brankovi\u0107, together with his mother Angelina, sometime between 1509 and 1516. The church is dedicated\u00a0to the Annunciation of the Blessed Virgin Mary, and the glory of this shrine is actually the [&hellip;]<\/p>\n","protected":false},"author":1,"featured_media":0,"parent":0,"menu_order":0,"comment_status":"closed","ping_status":"closed","template":"","meta":{"footnotes":""},"class_list":["post-1743","page","type-page","status-publish","hentry"],"yoast_head":"<!-- This site is optimized with the Yoast SEO plugin v27.6 - https:\/\/yoast.com\/product\/yoast-seo-wordpress\/ -->\n<title>\u041a\u0440\u0443\u0448\u0435\u0434\u043e\u043b - \u0415\u043f\u0430\u0440\u0445\u0438\u0458\u0430 \u0441\u0440\u0435\u043c\u0441\u043a\u0430<\/title>\n<meta name=\"robots\" content=\"index, follow, max-snippet:-1, max-image-preview:large, max-video-preview:-1\" \/>\n<link rel=\"canonical\" href=\"https:\/\/eparhijasremska.rs\/eng\/\u043a\u0440\u0443\u0448\u0435\u0434\u043e\u043b-2\/\" \/>\n<meta property=\"og:locale\" content=\"en_US\" \/>\n<meta property=\"og:type\" content=\"article\" \/>\n<meta property=\"og:title\" content=\"\u041a\u0440\u0443\u0448\u0435\u0434\u043e\u043b - \u0415\u043f\u0430\u0440\u0445\u0438\u0458\u0430 \u0441\u0440\u0435\u043c\u0441\u043a\u0430\" \/>\n<meta property=\"og:description\" content=\"Kru\u0161edol Monastery Kru\u0161edol Monastery (virtual tour of Fru\u0161ka Gora monasteries) Time of construction: Kru\u0161edol monastery was built by Saint Metropolitan Maxim, former despot \u0110or\u0111e Brankovi\u0107, together with his mother Angelina, sometime between 1509 and 1516. The church is dedicated\u00a0to the Annunciation of the Blessed Virgin Mary, and the glory of this shrine is actually the [&hellip;]\" \/>\n<meta property=\"og:url\" content=\"https:\/\/eparhijasremska.rs\/eng\/\u043a\u0440\u0443\u0448\u0435\u0434\u043e\u043b-2\/\" \/>\n<meta property=\"og:site_name\" content=\"\u0415\u043f\u0430\u0440\u0445\u0438\u0458\u0430 \u0441\u0440\u0435\u043c\u0441\u043a\u0430\" \/>\n<meta property=\"article:modified_time\" content=\"2023-02-27T16:22:38+00:00\" \/>\n<meta name=\"twitter:card\" content=\"summary_large_image\" \/>\n<meta name=\"twitter:label1\" content=\"Est. reading time\" \/>\n\t<meta name=\"twitter:data1\" content=\"1 minute\" \/>\n<script type=\"application\/ld+json\" class=\"yoast-schema-graph\">{\"@context\":\"https:\\\/\\\/schema.org\",\"@graph\":[{\"@type\":\"WebPage\",\"@id\":\"https:\\\/\\\/eparhijasremska.rs\\\/eng\\\/%d0%ba%d1%80%d1%83%d1%88%d0%b5%d0%b4%d0%be%d0%bb-2\\\/\",\"url\":\"https:\\\/\\\/eparhijasremska.rs\\\/eng\\\/%d0%ba%d1%80%d1%83%d1%88%d0%b5%d0%b4%d0%be%d0%bb-2\\\/\",\"name\":\"\u041a\u0440\u0443\u0448\u0435\u0434\u043e\u043b - \u0415\u043f\u0430\u0440\u0445\u0438\u0458\u0430 \u0441\u0440\u0435\u043c\u0441\u043a\u0430\",\"isPartOf\":{\"@id\":\"https:\\\/\\\/eparhijasremska.rs\\\/eng\\\/#website\"},\"datePublished\":\"2022-12-15T18:55:43+00:00\",\"dateModified\":\"2023-02-27T16:22:38+00:00\",\"breadcrumb\":{\"@id\":\"https:\\\/\\\/eparhijasremska.rs\\\/eng\\\/%d0%ba%d1%80%d1%83%d1%88%d0%b5%d0%b4%d0%be%d0%bb-2\\\/#breadcrumb\"},\"inLanguage\":\"en-US\",\"potentialAction\":[{\"@type\":\"ReadAction\",\"target\":[\"https:\\\/\\\/eparhijasremska.rs\\\/eng\\\/%d0%ba%d1%80%d1%83%d1%88%d0%b5%d0%b4%d0%be%d0%bb-2\\\/\"]}]},{\"@type\":\"BreadcrumbList\",\"@id\":\"https:\\\/\\\/eparhijasremska.rs\\\/eng\\\/%d0%ba%d1%80%d1%83%d1%88%d0%b5%d0%b4%d0%be%d0%bb-2\\\/#breadcrumb\",\"itemListElement\":[{\"@type\":\"ListItem\",\"position\":1,\"name\":\"Home\",\"item\":\"https:\\\/\\\/eparhijasremska.rs\\\/eng\\\/\"},{\"@type\":\"ListItem\",\"position\":2,\"name\":\"\u041a\u0440\u0443\u0448\u0435\u0434\u043e\u043b\"}]},{\"@type\":\"WebSite\",\"@id\":\"https:\\\/\\\/eparhijasremska.rs\\\/eng\\\/#website\",\"url\":\"https:\\\/\\\/eparhijasremska.rs\\\/eng\\\/\",\"name\":\"\u0415\u043f\u0430\u0440\u0445\u0438\u0458\u0430 \u0441\u0440\u0435\u043c\u0441\u043a\u0430\",\"description\":\"\",\"publisher\":{\"@id\":\"https:\\\/\\\/eparhijasremska.rs\\\/eng\\\/#organization\"},\"potentialAction\":[{\"@type\":\"SearchAction\",\"target\":{\"@type\":\"EntryPoint\",\"urlTemplate\":\"https:\\\/\\\/eparhijasremska.rs\\\/eng\\\/?s={search_term_string}\"},\"query-input\":{\"@type\":\"PropertyValueSpecification\",\"valueRequired\":true,\"valueName\":\"search_term_string\"}}],\"inLanguage\":\"en-US\"},{\"@type\":\"Organization\",\"@id\":\"https:\\\/\\\/eparhijasremska.rs\\\/eng\\\/#organization\",\"name\":\"\u0415\u043f\u0430\u0440\u0445\u0438\u0458\u0430 \u0441\u0440\u0435\u043c\u0441\u043a\u0430\",\"url\":\"https:\\\/\\\/eparhijasremska.rs\\\/eng\\\/\",\"logo\":{\"@type\":\"ImageObject\",\"inLanguage\":\"en-US\",\"@id\":\"https:\\\/\\\/eparhijasremska.rs\\\/eng\\\/#\\\/schema\\\/logo\\\/image\\\/\",\"url\":\"https:\\\/\\\/eparhijasremska.rs\\\/eng\\\/wp-content\\\/uploads\\\/2022\\\/11\\\/logo-eparhija-sremska-beli.png\",\"contentUrl\":\"https:\\\/\\\/eparhijasremska.rs\\\/eng\\\/wp-content\\\/uploads\\\/2022\\\/11\\\/logo-eparhija-sremska-beli.png\",\"width\":223,\"height\":236,\"caption\":\"\u0415\u043f\u0430\u0440\u0445\u0438\u0458\u0430 \u0441\u0440\u0435\u043c\u0441\u043a\u0430\"},\"image\":{\"@id\":\"https:\\\/\\\/eparhijasremska.rs\\\/eng\\\/#\\\/schema\\\/logo\\\/image\\\/\"}}]}<\/script>\n<!-- \/ Yoast SEO plugin. -->","yoast_head_json":{"title":"\u041a\u0440\u0443\u0448\u0435\u0434\u043e\u043b - \u0415\u043f\u0430\u0440\u0445\u0438\u0458\u0430 \u0441\u0440\u0435\u043c\u0441\u043a\u0430","robots":{"index":"index","follow":"follow","max-snippet":"max-snippet:-1","max-image-preview":"max-image-preview:large","max-video-preview":"max-video-preview:-1"},"canonical":"https:\/\/eparhijasremska.rs\/eng\/\u043a\u0440\u0443\u0448\u0435\u0434\u043e\u043b-2\/","og_locale":"en_US","og_type":"article","og_title":"\u041a\u0440\u0443\u0448\u0435\u0434\u043e\u043b - \u0415\u043f\u0430\u0440\u0445\u0438\u0458\u0430 \u0441\u0440\u0435\u043c\u0441\u043a\u0430","og_description":"Kru\u0161edol Monastery Kru\u0161edol Monastery (virtual tour of Fru\u0161ka Gora monasteries) Time of construction: Kru\u0161edol monastery was built by Saint Metropolitan Maxim, former despot \u0110or\u0111e Brankovi\u0107, together with his mother Angelina, sometime between 1509 and 1516. The church is dedicated\u00a0to the Annunciation of the Blessed Virgin Mary, and the glory of this shrine is actually the [&hellip;]","og_url":"https:\/\/eparhijasremska.rs\/eng\/\u043a\u0440\u0443\u0448\u0435\u0434\u043e\u043b-2\/","og_site_name":"\u0415\u043f\u0430\u0440\u0445\u0438\u0458\u0430 \u0441\u0440\u0435\u043c\u0441\u043a\u0430","article_modified_time":"2023-02-27T16:22:38+00:00","twitter_card":"summary_large_image","twitter_misc":{"Est. reading time":"1 minute"},"schema":{"@context":"https:\/\/schema.org","@graph":[{"@type":"WebPage","@id":"https:\/\/eparhijasremska.rs\/eng\/%d0%ba%d1%80%d1%83%d1%88%d0%b5%d0%b4%d0%be%d0%bb-2\/","url":"https:\/\/eparhijasremska.rs\/eng\/%d0%ba%d1%80%d1%83%d1%88%d0%b5%d0%b4%d0%be%d0%bb-2\/","name":"\u041a\u0440\u0443\u0448\u0435\u0434\u043e\u043b - \u0415\u043f\u0430\u0440\u0445\u0438\u0458\u0430 \u0441\u0440\u0435\u043c\u0441\u043a\u0430","isPartOf":{"@id":"https:\/\/eparhijasremska.rs\/eng\/#website"},"datePublished":"2022-12-15T18:55:43+00:00","dateModified":"2023-02-27T16:22:38+00:00","breadcrumb":{"@id":"https:\/\/eparhijasremska.rs\/eng\/%d0%ba%d1%80%d1%83%d1%88%d0%b5%d0%b4%d0%be%d0%bb-2\/#breadcrumb"},"inLanguage":"en-US","potentialAction":[{"@type":"ReadAction","target":["https:\/\/eparhijasremska.rs\/eng\/%d0%ba%d1%80%d1%83%d1%88%d0%b5%d0%b4%d0%be%d0%bb-2\/"]}]},{"@type":"BreadcrumbList","@id":"https:\/\/eparhijasremska.rs\/eng\/%d0%ba%d1%80%d1%83%d1%88%d0%b5%d0%b4%d0%be%d0%bb-2\/#breadcrumb","itemListElement":[{"@type":"ListItem","position":1,"name":"Home","item":"https:\/\/eparhijasremska.rs\/eng\/"},{"@type":"ListItem","position":2,"name":"\u041a\u0440\u0443\u0448\u0435\u0434\u043e\u043b"}]},{"@type":"WebSite","@id":"https:\/\/eparhijasremska.rs\/eng\/#website","url":"https:\/\/eparhijasremska.rs\/eng\/","name":"\u0415\u043f\u0430\u0440\u0445\u0438\u0458\u0430 \u0441\u0440\u0435\u043c\u0441\u043a\u0430","description":"","publisher":{"@id":"https:\/\/eparhijasremska.rs\/eng\/#organization"},"potentialAction":[{"@type":"SearchAction","target":{"@type":"EntryPoint","urlTemplate":"https:\/\/eparhijasremska.rs\/eng\/?s={search_term_string}"},"query-input":{"@type":"PropertyValueSpecification","valueRequired":true,"valueName":"search_term_string"}}],"inLanguage":"en-US"},{"@type":"Organization","@id":"https:\/\/eparhijasremska.rs\/eng\/#organization","name":"\u0415\u043f\u0430\u0440\u0445\u0438\u0458\u0430 \u0441\u0440\u0435\u043c\u0441\u043a\u0430","url":"https:\/\/eparhijasremska.rs\/eng\/","logo":{"@type":"ImageObject","inLanguage":"en-US","@id":"https:\/\/eparhijasremska.rs\/eng\/#\/schema\/logo\/image\/","url":"https:\/\/eparhijasremska.rs\/eng\/wp-content\/uploads\/2022\/11\/logo-eparhija-sremska-beli.png","contentUrl":"https:\/\/eparhijasremska.rs\/eng\/wp-content\/uploads\/2022\/11\/logo-eparhija-sremska-beli.png","width":223,"height":236,"caption":"\u0415\u043f\u0430\u0440\u0445\u0438\u0458\u0430 \u0441\u0440\u0435\u043c\u0441\u043a\u0430"},"image":{"@id":"https:\/\/eparhijasremska.rs\/eng\/#\/schema\/logo\/image\/"}}]}},"_links":{"self":[{"href":"https:\/\/eparhijasremska.rs\/eng\/wp-json\/wp\/v2\/pages\/1743","targetHints":{"allow":["GET"]}}],"collection":[{"href":"https:\/\/eparhijasremska.rs\/eng\/wp-json\/wp\/v2\/pages"}],"about":[{"href":"https:\/\/eparhijasremska.rs\/eng\/wp-json\/wp\/v2\/types\/page"}],"author":[{"embeddable":true,"href":"https:\/\/eparhijasremska.rs\/eng\/wp-json\/wp\/v2\/users\/1"}],"replies":[{"embeddable":true,"href":"https:\/\/eparhijasremska.rs\/eng\/wp-json\/wp\/v2\/comments?post=1743"}],"version-history":[{"count":0,"href":"https:\/\/eparhijasremska.rs\/eng\/wp-json\/wp\/v2\/pages\/1743\/revisions"}],"wp:attachment":[{"href":"https:\/\/eparhijasremska.rs\/eng\/wp-json\/wp\/v2\/media?parent=1743"}],"curies":[{"name":"wp","href":"https:\/\/api.w.org\/{rel}","templated":true}]}}