{"id":1819,"date":"2022-12-15T20:36:32","date_gmt":"2022-12-15T20:36:32","guid":{"rendered":"https:\/\/eparhijasremska.rs\/?page_id=1819"},"modified":"2023-02-27T16:32:34","modified_gmt":"2023-02-27T16:32:34","slug":"%d0%bf%d0%b0%d1%82%d1%80%d0%b8%d1%98%d0%b0%d1%80%d1%88%d0%b8%d1%98%d1%81%d0%ba%d0%b8-%d0%b4%d0%b2%d0%be%d1%80-2","status":"publish","type":"page","link":"https:\/\/eparhijasremska.rs\/eng\/%d0%bf%d0%b0%d1%82%d1%80%d0%b8%d1%98%d0%b0%d1%80%d1%88%d0%b8%d1%98%d1%81%d0%ba%d0%b8-%d0%b4%d0%b2%d0%be%d1%80-2\/","title":{"rendered":"\u041f\u0430\u0442\u0440\u0438\u0458\u0430\u0440\u0448\u0438\u0458\u0441\u043a\u0438 \u0434\u0432\u043e\u0440"},"content":{"rendered":"\t\t<div data-elementor-type=\"wp-page\" data-elementor-id=\"1819\" class=\"elementor elementor-1819\" data-elementor-post-type=\"page\">\n\t\t\t\t\t\t<section class=\"elementor-section elementor-top-section elementor-element elementor-element-59169872 elementor-section-height-min-height elementor-section-items-bottom elementor-section-boxed elementor-section-height-default\" data-id=\"59169872\" data-element_type=\"section\" data-e-type=\"section\" data-settings=\"{&quot;background_background&quot;:&quot;classic&quot;}\">\n\t\t\t\t\t\t\t<div class=\"elementor-background-overlay\"><\/div>\n\t\t\t\t\t\t\t<div class=\"elementor-container elementor-column-gap-default\">\n\t\t\t\t\t<div class=\"elementor-column elementor-col-100 elementor-top-column elementor-element elementor-element-715e9ed0\" data-id=\"715e9ed0\" data-element_type=\"column\" data-e-type=\"column\">\n\t\t\t<div class=\"elementor-widget-wrap elementor-element-populated\">\n\t\t\t\t\t\t<div class=\"elementor-element elementor-element-3f08b2fb elementor-widget elementor-widget-heading\" data-id=\"3f08b2fb\" data-element_type=\"widget\" data-e-type=\"widget\" data-widget_type=\"heading.default\">\n\t\t\t\t<div class=\"elementor-widget-container\">\n\t\t\t\t\t<h1 class=\"elementor-heading-title elementor-size-default\">Patriarch's Palace in Sremski Karlovci<\/h1>\t\t\t\t<\/div>\n\t\t\t\t<\/div>\n\t\t\t\t\t<\/div>\n\t\t<\/div>\n\t\t\t\t\t<\/div>\n\t\t<\/section>\n\t\t\t\t<section class=\"elementor-section elementor-top-section elementor-element elementor-element-389604f elementor-section-boxed elementor-section-height-default elementor-section-height-default\" data-id=\"389604f\" data-element_type=\"section\" data-e-type=\"section\">\n\t\t\t\t\t\t<div class=\"elementor-container elementor-column-gap-default\">\n\t\t\t\t\t<div class=\"elementor-column elementor-col-100 elementor-top-column elementor-element elementor-element-aef6dda\" data-id=\"aef6dda\" data-element_type=\"column\" data-e-type=\"column\">\n\t\t\t<div class=\"elementor-widget-wrap elementor-element-populated\">\n\t\t\t\t\t\t<div class=\"elementor-element elementor-element-4b5d8eb elementor-widget elementor-widget-heading\" data-id=\"4b5d8eb\" data-element_type=\"widget\" data-e-type=\"widget\" data-widget_type=\"heading.default\">\n\t\t\t\t<div class=\"elementor-widget-container\">\n\t\t\t\t\t<h2 class=\"elementor-heading-title elementor-size-default\">Patriarch's Palace in Sremski Karlovci (virtual tour of Fru\u0161ka Gora monasteries)<\/h2>\t\t\t\t<\/div>\n\t\t\t\t<\/div>\n\t\t\t\t<div class=\"elementor-element elementor-element-7905a95 elementor-widget elementor-widget-text-editor\" data-id=\"7905a95\" data-element_type=\"widget\" data-e-type=\"widget\" data-widget_type=\"text-editor.default\">\n\t\t\t\t<div class=\"elementor-widget-container\">\n\t\t\t\t\t\t\t\t\t<p><strong>Time of construction<\/strong>: in June 1892, according to the project of the architect Vladimir Nikoli\u0107, the construction of this magnificent building began, which proceeded at an impressive speed. Rough works lasted until June 1894, and it was finally completed and equipped in 1896.<\/p><p>The palace chapel is dedicated to the Holy Great Martyr Demetrius.<\/p><p><strong>Years of destruction<\/strong>: during the Second World War, the Patriarch&#8217;s Palace was completely looted, and after the liberation, secular institutions were located here, along with the residence of the Bishop of Srem.<\/p><p><strong>Years of restoration<\/strong>: after His Grace the Bishop of Srem Mr. Vasilije managed to move the Archive of Vojvodina from a large part of the palace, its restoration began, which continues today.<\/p><p><strong>Architecture<\/strong>: The Patriarchate was built in the &#8220;style of Italian palaces&#8221;, on the eastern side of Branko Radi\u010devi\u0107 Square, north of the Cathedral Church of Saint Nicholas. It has the base of the Cyrillic letter \u201e\u0160\u201d- \u0428, and three equal courtyard wings, with the middle one extended for a square dimension, covered by a hemispherical dome with a lantern on top, under which the palace chapel is located. The chapel has a cruciform base, with a dome over the central part, and it was built in the neo-Byzantine style, based on the motifs of the ancient Eastern Orthodox spirituality, the church of St. Sophia in Constantinople.<\/p><p><strong>The iconostasis and painting of the chapel<\/strong>: in pendants, under the dome, in 1896, Uro\u0161 Predi\u0107 executed the figures of the Evangelist, in the altar apse the Holy Trinity, while he filled the lunette on the west wall with a beautiful, &#8220;intimate&#8221; depiction of the Last Supper. On a simple, partly gilded iconostasis, with a protruding middle part, Saint Archdeacon Stephen, the Mother of God with Christ, on the imperial doors the scene of the Annunciation, then Jesus Christ and the Holy Great Martyr Demetrius are represented. Above the imperial doors is the Prayer in the Garden of Gethsemane, and on the archbishop&#8217;s throne, the first Serbian enlightener, Saint Sava.<\/p><p><strong>Treasury:<\/strong>\u00a0with the decision of the Holy Synod of the Serbian Orthodox Church and the blessing of the Bishop of Srem, Mr. Vasilije, the Treasury of the Museum of the Serbian Orthodox Church was established in Sremski Karlovci, which was symbolically opened in 1998, in the presence of Serbian Patriarch Pavle and other members of the Holy Synod of Bishops. Artistic and religious objects, which are displayed in seven museum rooms, come from the Diocese of Srem, Dalmacija, Slavonija, Osijek, and Baranja.<\/p><p><strong>Hall<\/strong>: the ceremonial hall, on the first floor, in which the patriarch received visitors in front of the throne covered with a luxurious canopy of red, gold-embroidered velvet, is located on the first floor, above the entrance hall itself. Two white fireplaces were installed on the eastern wall of this spacious hall, above which large mirrors were placed, while around the throne, there were busts of the two meritorious heads of the Karlovac Metropolitanate, Patriarch Georgi je(Brankovi\u0107) and Metropolitan Stefan (Stratimirovi\u0107), works by \u0110or\u0111e Jovanovi\u0107.<\/p><p><strong>Patron&#8217;s Day<\/strong>: Holy Great Martyr Dimitrije<\/p><p>The residence of the Bishop of Srem and the summer residence of the Serbian Patriarch<\/p>\t\t\t\t\t\t\t\t<\/div>\n\t\t\t\t<\/div>\n\t\t\t\t\t<\/div>\n\t\t<\/div>\n\t\t\t\t\t<\/div>\n\t\t<\/section>\n\t\t\t\t<section class=\"elementor-section elementor-top-section elementor-element elementor-element-d586451 elementor-section-boxed elementor-section-height-default elementor-section-height-default\" data-id=\"d586451\" data-element_type=\"section\" data-e-type=\"section\">\n\t\t\t\t\t\t<div class=\"elementor-container elementor-column-gap-default\">\n\t\t\t\t\t<div class=\"elementor-column elementor-col-100 elementor-top-column elementor-element elementor-element-2652e5d7\" data-id=\"2652e5d7\" data-element_type=\"column\" data-e-type=\"column\">\n\t\t\t<div class=\"elementor-widget-wrap elementor-element-populated\">\n\t\t\t\t\t\t<div class=\"elementor-element elementor-element-d4bd6b9 elementor-widget elementor-widget-heading\" data-id=\"d4bd6b9\" data-element_type=\"widget\" data-e-type=\"widget\" data-widget_type=\"heading.default\">\n\t\t\t\t<div class=\"elementor-widget-container\">\n\t\t\t\t\t<h2 class=\"elementor-heading-title elementor-size-default\">Patriarch's Palace in Sremski Karlovci (virtual tour of Fru\u0161ka Gora monasteries)<\/h2>\t\t\t\t<\/div>\n\t\t\t\t<\/div>\n\t\t\t\t<div class=\"elementor-element elementor-element-5414761 elementor-widget elementor-widget-html\" data-id=\"5414761\" data-element_type=\"widget\" data-e-type=\"widget\" data-widget_type=\"html.default\">\n\t\t\t\t<div class=\"elementor-widget-container\">\n\t\t\t\t\t<embed src=\"https:\/\/eparhijasremska.rs\/patrijarsijskidvor\/index.html\" width=\"200\" height=\"800\">\t\t\t\t<\/div>\n\t\t\t\t<\/div>\n\t\t\t\t\t<\/div>\n\t\t<\/div>\n\t\t\t\t\t<\/div>\n\t\t<\/section>\n\t\t\t\t<\/div>\n\t\t","protected":false},"excerpt":{"rendered":"<p>Patriarch&#8217;s Palace in Sremski Karlovci Patriarch&#8217;s Palace in Sremski Karlovci (virtual tour of Fru\u0161ka Gora monasteries) Time of construction: in June 1892, according to the project of the architect Vladimir Nikoli\u0107, the construction of this magnificent building began, which proceeded at an impressive speed. Rough works lasted until June 1894, and it was finally completed [&hellip;]<\/p>\n","protected":false},"author":1,"featured_media":0,"parent":0,"menu_order":0,"comment_status":"closed","ping_status":"closed","template":"","meta":{"footnotes":""},"class_list":["post-1819","page","type-page","status-publish","hentry"],"yoast_head":"<!-- This site is optimized with the Yoast SEO plugin v27.6 - https:\/\/yoast.com\/product\/yoast-seo-wordpress\/ -->\n<title>\u041f\u0430\u0442\u0440\u0438\u0458\u0430\u0440\u0448\u0438\u0458\u0441\u043a\u0438 \u0434\u0432\u043e\u0440 - \u0415\u043f\u0430\u0440\u0445\u0438\u0458\u0430 \u0441\u0440\u0435\u043c\u0441\u043a\u0430<\/title>\n<meta name=\"robots\" content=\"index, follow, max-snippet:-1, max-image-preview:large, max-video-preview:-1\" \/>\n<link rel=\"canonical\" href=\"https:\/\/eparhijasremska.rs\/eng\/\u043f\u0430\u0442\u0440\u0438\u0458\u0430\u0440\u0448\u0438\u0458\u0441\u043a\u0438-\u0434\u0432\u043e\u0440-2\/\" \/>\n<meta property=\"og:locale\" content=\"en_US\" \/>\n<meta property=\"og:type\" content=\"article\" \/>\n<meta property=\"og:title\" content=\"\u041f\u0430\u0442\u0440\u0438\u0458\u0430\u0440\u0448\u0438\u0458\u0441\u043a\u0438 \u0434\u0432\u043e\u0440 - \u0415\u043f\u0430\u0440\u0445\u0438\u0458\u0430 \u0441\u0440\u0435\u043c\u0441\u043a\u0430\" \/>\n<meta property=\"og:description\" content=\"Patriarch&#8217;s Palace in Sremski Karlovci Patriarch&#8217;s Palace in Sremski Karlovci (virtual tour of Fru\u0161ka Gora monasteries) Time of construction: in June 1892, according to the project of the architect Vladimir Nikoli\u0107, the construction of this magnificent building began, which proceeded at an impressive speed. Rough works lasted until June 1894, and it was finally completed [&hellip;]\" \/>\n<meta property=\"og:url\" content=\"https:\/\/eparhijasremska.rs\/eng\/\u043f\u0430\u0442\u0440\u0438\u0458\u0430\u0440\u0448\u0438\u0458\u0441\u043a\u0438-\u0434\u0432\u043e\u0440-2\/\" \/>\n<meta property=\"og:site_name\" content=\"\u0415\u043f\u0430\u0440\u0445\u0438\u0458\u0430 \u0441\u0440\u0435\u043c\u0441\u043a\u0430\" \/>\n<meta property=\"article:modified_time\" content=\"2023-02-27T16:32:34+00:00\" \/>\n<meta name=\"twitter:card\" content=\"summary_large_image\" \/>\n<meta name=\"twitter:label1\" content=\"Est. reading time\" \/>\n\t<meta name=\"twitter:data1\" content=\"3 minutes\" \/>\n<script type=\"application\/ld+json\" class=\"yoast-schema-graph\">{\"@context\":\"https:\\\/\\\/schema.org\",\"@graph\":[{\"@type\":\"WebPage\",\"@id\":\"https:\\\/\\\/eparhijasremska.rs\\\/eng\\\/%d0%bf%d0%b0%d1%82%d1%80%d0%b8%d1%98%d0%b0%d1%80%d1%88%d0%b8%d1%98%d1%81%d0%ba%d0%b8-%d0%b4%d0%b2%d0%be%d1%80-2\\\/\",\"url\":\"https:\\\/\\\/eparhijasremska.rs\\\/eng\\\/%d0%bf%d0%b0%d1%82%d1%80%d0%b8%d1%98%d0%b0%d1%80%d1%88%d0%b8%d1%98%d1%81%d0%ba%d0%b8-%d0%b4%d0%b2%d0%be%d1%80-2\\\/\",\"name\":\"\u041f\u0430\u0442\u0440\u0438\u0458\u0430\u0440\u0448\u0438\u0458\u0441\u043a\u0438 \u0434\u0432\u043e\u0440 - \u0415\u043f\u0430\u0440\u0445\u0438\u0458\u0430 \u0441\u0440\u0435\u043c\u0441\u043a\u0430\",\"isPartOf\":{\"@id\":\"https:\\\/\\\/eparhijasremska.rs\\\/eng\\\/#website\"},\"datePublished\":\"2022-12-15T20:36:32+00:00\",\"dateModified\":\"2023-02-27T16:32:34+00:00\",\"breadcrumb\":{\"@id\":\"https:\\\/\\\/eparhijasremska.rs\\\/eng\\\/%d0%bf%d0%b0%d1%82%d1%80%d0%b8%d1%98%d0%b0%d1%80%d1%88%d0%b8%d1%98%d1%81%d0%ba%d0%b8-%d0%b4%d0%b2%d0%be%d1%80-2\\\/#breadcrumb\"},\"inLanguage\":\"en-US\",\"potentialAction\":[{\"@type\":\"ReadAction\",\"target\":[\"https:\\\/\\\/eparhijasremska.rs\\\/eng\\\/%d0%bf%d0%b0%d1%82%d1%80%d0%b8%d1%98%d0%b0%d1%80%d1%88%d0%b8%d1%98%d1%81%d0%ba%d0%b8-%d0%b4%d0%b2%d0%be%d1%80-2\\\/\"]}]},{\"@type\":\"BreadcrumbList\",\"@id\":\"https:\\\/\\\/eparhijasremska.rs\\\/eng\\\/%d0%bf%d0%b0%d1%82%d1%80%d0%b8%d1%98%d0%b0%d1%80%d1%88%d0%b8%d1%98%d1%81%d0%ba%d0%b8-%d0%b4%d0%b2%d0%be%d1%80-2\\\/#breadcrumb\",\"itemListElement\":[{\"@type\":\"ListItem\",\"position\":1,\"name\":\"Home\",\"item\":\"https:\\\/\\\/eparhijasremska.rs\\\/eng\\\/\"},{\"@type\":\"ListItem\",\"position\":2,\"name\":\"\u041f\u0430\u0442\u0440\u0438\u0458\u0430\u0440\u0448\u0438\u0458\u0441\u043a\u0438 \u0434\u0432\u043e\u0440\"}]},{\"@type\":\"WebSite\",\"@id\":\"https:\\\/\\\/eparhijasremska.rs\\\/eng\\\/#website\",\"url\":\"https:\\\/\\\/eparhijasremska.rs\\\/eng\\\/\",\"name\":\"\u0415\u043f\u0430\u0440\u0445\u0438\u0458\u0430 \u0441\u0440\u0435\u043c\u0441\u043a\u0430\",\"description\":\"\",\"publisher\":{\"@id\":\"https:\\\/\\\/eparhijasremska.rs\\\/eng\\\/#organization\"},\"potentialAction\":[{\"@type\":\"SearchAction\",\"target\":{\"@type\":\"EntryPoint\",\"urlTemplate\":\"https:\\\/\\\/eparhijasremska.rs\\\/eng\\\/?s={search_term_string}\"},\"query-input\":{\"@type\":\"PropertyValueSpecification\",\"valueRequired\":true,\"valueName\":\"search_term_string\"}}],\"inLanguage\":\"en-US\"},{\"@type\":\"Organization\",\"@id\":\"https:\\\/\\\/eparhijasremska.rs\\\/eng\\\/#organization\",\"name\":\"\u0415\u043f\u0430\u0440\u0445\u0438\u0458\u0430 \u0441\u0440\u0435\u043c\u0441\u043a\u0430\",\"url\":\"https:\\\/\\\/eparhijasremska.rs\\\/eng\\\/\",\"logo\":{\"@type\":\"ImageObject\",\"inLanguage\":\"en-US\",\"@id\":\"https:\\\/\\\/eparhijasremska.rs\\\/eng\\\/#\\\/schema\\\/logo\\\/image\\\/\",\"url\":\"https:\\\/\\\/eparhijasremska.rs\\\/eng\\\/wp-content\\\/uploads\\\/2022\\\/11\\\/logo-eparhija-sremska-beli.png\",\"contentUrl\":\"https:\\\/\\\/eparhijasremska.rs\\\/eng\\\/wp-content\\\/uploads\\\/2022\\\/11\\\/logo-eparhija-sremska-beli.png\",\"width\":223,\"height\":236,\"caption\":\"\u0415\u043f\u0430\u0440\u0445\u0438\u0458\u0430 \u0441\u0440\u0435\u043c\u0441\u043a\u0430\"},\"image\":{\"@id\":\"https:\\\/\\\/eparhijasremska.rs\\\/eng\\\/#\\\/schema\\\/logo\\\/image\\\/\"}}]}<\/script>\n<!-- \/ Yoast SEO plugin. -->","yoast_head_json":{"title":"\u041f\u0430\u0442\u0440\u0438\u0458\u0430\u0440\u0448\u0438\u0458\u0441\u043a\u0438 \u0434\u0432\u043e\u0440 - \u0415\u043f\u0430\u0440\u0445\u0438\u0458\u0430 \u0441\u0440\u0435\u043c\u0441\u043a\u0430","robots":{"index":"index","follow":"follow","max-snippet":"max-snippet:-1","max-image-preview":"max-image-preview:large","max-video-preview":"max-video-preview:-1"},"canonical":"https:\/\/eparhijasremska.rs\/eng\/\u043f\u0430\u0442\u0440\u0438\u0458\u0430\u0440\u0448\u0438\u0458\u0441\u043a\u0438-\u0434\u0432\u043e\u0440-2\/","og_locale":"en_US","og_type":"article","og_title":"\u041f\u0430\u0442\u0440\u0438\u0458\u0430\u0440\u0448\u0438\u0458\u0441\u043a\u0438 \u0434\u0432\u043e\u0440 - \u0415\u043f\u0430\u0440\u0445\u0438\u0458\u0430 \u0441\u0440\u0435\u043c\u0441\u043a\u0430","og_description":"Patriarch&#8217;s Palace in Sremski Karlovci Patriarch&#8217;s Palace in Sremski Karlovci (virtual tour of Fru\u0161ka Gora monasteries) Time of construction: in June 1892, according to the project of the architect Vladimir Nikoli\u0107, the construction of this magnificent building began, which proceeded at an impressive speed. Rough works lasted until June 1894, and it was finally completed [&hellip;]","og_url":"https:\/\/eparhijasremska.rs\/eng\/\u043f\u0430\u0442\u0440\u0438\u0458\u0430\u0440\u0448\u0438\u0458\u0441\u043a\u0438-\u0434\u0432\u043e\u0440-2\/","og_site_name":"\u0415\u043f\u0430\u0440\u0445\u0438\u0458\u0430 \u0441\u0440\u0435\u043c\u0441\u043a\u0430","article_modified_time":"2023-02-27T16:32:34+00:00","twitter_card":"summary_large_image","twitter_misc":{"Est. reading time":"3 minutes"},"schema":{"@context":"https:\/\/schema.org","@graph":[{"@type":"WebPage","@id":"https:\/\/eparhijasremska.rs\/eng\/%d0%bf%d0%b0%d1%82%d1%80%d0%b8%d1%98%d0%b0%d1%80%d1%88%d0%b8%d1%98%d1%81%d0%ba%d0%b8-%d0%b4%d0%b2%d0%be%d1%80-2\/","url":"https:\/\/eparhijasremska.rs\/eng\/%d0%bf%d0%b0%d1%82%d1%80%d0%b8%d1%98%d0%b0%d1%80%d1%88%d0%b8%d1%98%d1%81%d0%ba%d0%b8-%d0%b4%d0%b2%d0%be%d1%80-2\/","name":"\u041f\u0430\u0442\u0440\u0438\u0458\u0430\u0440\u0448\u0438\u0458\u0441\u043a\u0438 \u0434\u0432\u043e\u0440 - \u0415\u043f\u0430\u0440\u0445\u0438\u0458\u0430 \u0441\u0440\u0435\u043c\u0441\u043a\u0430","isPartOf":{"@id":"https:\/\/eparhijasremska.rs\/eng\/#website"},"datePublished":"2022-12-15T20:36:32+00:00","dateModified":"2023-02-27T16:32:34+00:00","breadcrumb":{"@id":"https:\/\/eparhijasremska.rs\/eng\/%d0%bf%d0%b0%d1%82%d1%80%d0%b8%d1%98%d0%b0%d1%80%d1%88%d0%b8%d1%98%d1%81%d0%ba%d0%b8-%d0%b4%d0%b2%d0%be%d1%80-2\/#breadcrumb"},"inLanguage":"en-US","potentialAction":[{"@type":"ReadAction","target":["https:\/\/eparhijasremska.rs\/eng\/%d0%bf%d0%b0%d1%82%d1%80%d0%b8%d1%98%d0%b0%d1%80%d1%88%d0%b8%d1%98%d1%81%d0%ba%d0%b8-%d0%b4%d0%b2%d0%be%d1%80-2\/"]}]},{"@type":"BreadcrumbList","@id":"https:\/\/eparhijasremska.rs\/eng\/%d0%bf%d0%b0%d1%82%d1%80%d0%b8%d1%98%d0%b0%d1%80%d1%88%d0%b8%d1%98%d1%81%d0%ba%d0%b8-%d0%b4%d0%b2%d0%be%d1%80-2\/#breadcrumb","itemListElement":[{"@type":"ListItem","position":1,"name":"Home","item":"https:\/\/eparhijasremska.rs\/eng\/"},{"@type":"ListItem","position":2,"name":"\u041f\u0430\u0442\u0440\u0438\u0458\u0430\u0440\u0448\u0438\u0458\u0441\u043a\u0438 \u0434\u0432\u043e\u0440"}]},{"@type":"WebSite","@id":"https:\/\/eparhijasremska.rs\/eng\/#website","url":"https:\/\/eparhijasremska.rs\/eng\/","name":"\u0415\u043f\u0430\u0440\u0445\u0438\u0458\u0430 \u0441\u0440\u0435\u043c\u0441\u043a\u0430","description":"","publisher":{"@id":"https:\/\/eparhijasremska.rs\/eng\/#organization"},"potentialAction":[{"@type":"SearchAction","target":{"@type":"EntryPoint","urlTemplate":"https:\/\/eparhijasremska.rs\/eng\/?s={search_term_string}"},"query-input":{"@type":"PropertyValueSpecification","valueRequired":true,"valueName":"search_term_string"}}],"inLanguage":"en-US"},{"@type":"Organization","@id":"https:\/\/eparhijasremska.rs\/eng\/#organization","name":"\u0415\u043f\u0430\u0440\u0445\u0438\u0458\u0430 \u0441\u0440\u0435\u043c\u0441\u043a\u0430","url":"https:\/\/eparhijasremska.rs\/eng\/","logo":{"@type":"ImageObject","inLanguage":"en-US","@id":"https:\/\/eparhijasremska.rs\/eng\/#\/schema\/logo\/image\/","url":"https:\/\/eparhijasremska.rs\/eng\/wp-content\/uploads\/2022\/11\/logo-eparhija-sremska-beli.png","contentUrl":"https:\/\/eparhijasremska.rs\/eng\/wp-content\/uploads\/2022\/11\/logo-eparhija-sremska-beli.png","width":223,"height":236,"caption":"\u0415\u043f\u0430\u0440\u0445\u0438\u0458\u0430 \u0441\u0440\u0435\u043c\u0441\u043a\u0430"},"image":{"@id":"https:\/\/eparhijasremska.rs\/eng\/#\/schema\/logo\/image\/"}}]}},"_links":{"self":[{"href":"https:\/\/eparhijasremska.rs\/eng\/wp-json\/wp\/v2\/pages\/1819","targetHints":{"allow":["GET"]}}],"collection":[{"href":"https:\/\/eparhijasremska.rs\/eng\/wp-json\/wp\/v2\/pages"}],"about":[{"href":"https:\/\/eparhijasremska.rs\/eng\/wp-json\/wp\/v2\/types\/page"}],"author":[{"embeddable":true,"href":"https:\/\/eparhijasremska.rs\/eng\/wp-json\/wp\/v2\/users\/1"}],"replies":[{"embeddable":true,"href":"https:\/\/eparhijasremska.rs\/eng\/wp-json\/wp\/v2\/comments?post=1819"}],"version-history":[{"count":0,"href":"https:\/\/eparhijasremska.rs\/eng\/wp-json\/wp\/v2\/pages\/1819\/revisions"}],"wp:attachment":[{"href":"https:\/\/eparhijasremska.rs\/eng\/wp-json\/wp\/v2\/media?parent=1819"}],"curies":[{"name":"wp","href":"https:\/\/api.w.org\/{rel}","templated":true}]}}