{"id":2604,"date":"2023-01-08T19:54:53","date_gmt":"2023-01-08T19:54:53","guid":{"rendered":"https:\/\/eparhijasremska.rs\/?page_id=2604"},"modified":"2023-02-27T16:36:37","modified_gmt":"2023-02-27T16:36:37","slug":"%d1%80%d0%b0%d0%ba%d0%be%d0%b2%d0%b0%d1%86-2","status":"publish","type":"page","link":"https:\/\/eparhijasremska.rs\/eng\/%d1%80%d0%b0%d0%ba%d0%be%d0%b2%d0%b0%d1%86-2\/","title":{"rendered":"\u0420\u0430\u043a\u043e\u0432\u0430\u0446"},"content":{"rendered":"\t\t<div data-elementor-type=\"wp-page\" data-elementor-id=\"2604\" class=\"elementor elementor-2604\" data-elementor-post-type=\"page\">\n\t\t\t\t\t\t<section class=\"elementor-section elementor-top-section elementor-element elementor-element-145d5485 elementor-section-height-min-height elementor-section-items-bottom elementor-section-boxed elementor-section-height-default\" data-id=\"145d5485\" data-element_type=\"section\" data-e-type=\"section\" data-settings=\"{&quot;background_background&quot;:&quot;classic&quot;}\">\n\t\t\t\t\t\t\t<div class=\"elementor-background-overlay\"><\/div>\n\t\t\t\t\t\t\t<div class=\"elementor-container elementor-column-gap-default\">\n\t\t\t\t\t<div class=\"elementor-column elementor-col-100 elementor-top-column elementor-element elementor-element-1fb8c610\" data-id=\"1fb8c610\" data-element_type=\"column\" data-e-type=\"column\">\n\t\t\t<div class=\"elementor-widget-wrap elementor-element-populated\">\n\t\t\t\t\t\t<div class=\"elementor-element elementor-element-27c8b3b7 elementor-widget elementor-widget-heading\" data-id=\"27c8b3b7\" data-element_type=\"widget\" data-e-type=\"widget\" data-widget_type=\"heading.default\">\n\t\t\t\t<div class=\"elementor-widget-container\">\n\t\t\t\t\t<h1 class=\"elementor-heading-title elementor-size-default\">Rakovac Monastery<\/h1>\t\t\t\t<\/div>\n\t\t\t\t<\/div>\n\t\t\t\t\t<\/div>\n\t\t<\/div>\n\t\t\t\t\t<\/div>\n\t\t<\/section>\n\t\t\t\t<section class=\"elementor-section elementor-top-section elementor-element elementor-element-7b0e8b3 elementor-section-boxed elementor-section-height-default elementor-section-height-default\" data-id=\"7b0e8b3\" data-element_type=\"section\" data-e-type=\"section\">\n\t\t\t\t\t\t<div class=\"elementor-container elementor-column-gap-default\">\n\t\t\t\t\t<div class=\"elementor-column elementor-col-100 elementor-top-column elementor-element elementor-element-1c22a3ca\" data-id=\"1c22a3ca\" data-element_type=\"column\" data-e-type=\"column\">\n\t\t\t<div class=\"elementor-widget-wrap elementor-element-populated\">\n\t\t\t\t\t\t<div class=\"elementor-element elementor-element-a4c6152 elementor-widget elementor-widget-heading\" data-id=\"a4c6152\" data-element_type=\"widget\" data-e-type=\"widget\" data-widget_type=\"heading.default\">\n\t\t\t\t<div class=\"elementor-widget-container\">\n\t\t\t\t\t<h2 class=\"elementor-heading-title elementor-size-default\">Rakovac Monastery (virtual tour of Fru\u0161ka Gora monasteries)<\/h2>\t\t\t\t<\/div>\n\t\t\t\t<\/div>\n\t\t\t\t<div class=\"elementor-element elementor-element-fb8cfa2 elementor-widget elementor-widget-text-editor\" data-id=\"fb8cfa2\" data-element_type=\"widget\" data-e-type=\"widget\" data-widget_type=\"text-editor.default\">\n\t\t\t\t<div class=\"elementor-widget-container\">\n\t\t\t\t\t\t\t\t\t<p><strong>Time of construction<\/strong>: according to testimony, 1498.<\/p><p><strong>Founder<\/strong>: Raka, comronic of despot Jovan Brankovi\u0107.<\/p><p><strong>The church is dedicated<\/strong>\u00a0to Saints Cosmas and Damian (July 1\/14)<\/p><p><strong>Years of destruction<\/strong>: the Turks destroy the lodgings; In 1678, the Turks set fire to the church and lodgings again. In 1771, the eastern wing of the inn was demolished, and a wall was built in its place. The northern lodge was destroyed by fire, but was repaired in 1878. The Austrian army in 1914 removed the bells and melted them down for war purposes. At the beginning of the Second World War, the Rakovac monastery was looted, and in 1943 the church and bell tower were demolished.<\/p><p><strong>Years of restoration<\/strong>: From the records it is known about the restoration of not neglected but destroyed lodgings in 1656-1657. After the Turkish firman, in 1692\u20131693, the renovation of the monastery buildings began. Extensive construction work began after the departure of the Turks in 1715. In 1735, a bell tower was added, which housed a chapel dedicated to St. Nicholas, which marked the beginning of the baroqueization of the monastery. 1736\u20131742. the north, south and west wings of the hostel are being built. In 1736, the marble floor of the church was laid, and in 1751, a small cemetery chapel was built. The roof covering on the church was changed in 1821, and the dome cap was changed in 1849. A more thorough renovation of the complex was carried out in 1913. Before the First World War, the old frescoes were covered with new wall decoration. In 1953, the first post-war reconstruction, in the 1970s, the reconstruction of the northern wing of the inn and in 1986\u20131989. conservation of the church. Under the patronage of His Grace the Bishop of Srem, Mr. Vasilije, the construction and furnishing of a completely new, one-story, western inn has been completed so far. Its foundations were poured in 2000. In the meantime, the old northern wing burned down in a fire that broke out on March 17, 2005, and thanks to the self-sacrificing zeal of the Bishop of Srem and a small monastic family, the building, repaired and equipped with furniture, in which central heating was installed, was ceremonially consecrated on November 26, 2005. years.<\/p><p><strong>Architecture<\/strong>: the Rakovica church belongs to buildings modeled after the Moravian architectural group.<\/p><p><strong>Iconostasis<\/strong>: was made in 1763. The icons for it were made by Vasilije Ostoji\u0107, the small iconostasis in the chapel at the cemetery was painted by Vasilije Ostoji\u0107 and Janko Halkozovi\u0107. It is destroyed in the Second World War. It was extremely ornate, baroque, with very beautiful carvings.<\/p><p><strong>Painting\/frescoes<\/strong>: Only fragments have been preserved that bear witness to the frequent and severe suffering of Rakovac. They have not been sufficiently studied, but it is believed that they originate from the 16th century.<\/p><p><strong>Treasury<\/strong>: looted and then burned in World War II.<\/p><p><strong>Today<\/strong>: the monastery complex consists of a church and a completely renovated northern dormitory. It can be examined in detail immediately by visiting the virtual tour of the Fru\u0161ka Gora monasteries.<\/p><p><strong>Patron&#8217;s Day<\/strong>: Holy Wonderworkers and Unmercenaries Cosmas and Damian<\/p><p><strong><em>Superior: Hieromonk Evgenije Pilipovi\u0107<\/em><\/strong><\/p>\t\t\t\t\t\t\t\t<\/div>\n\t\t\t\t<\/div>\n\t\t\t\t<div class=\"elementor-element elementor-element-c10bf3a elementor-widget elementor-widget-heading\" data-id=\"c10bf3a\" data-element_type=\"widget\" data-e-type=\"widget\" data-widget_type=\"heading.default\">\n\t\t\t\t<div class=\"elementor-widget-container\">\n\t\t\t\t\t<h2 class=\"elementor-heading-title elementor-size-default\">Virtual tour of Fru\u0161ka Gora monasteries - Rakovac monastery<\/h2>\t\t\t\t<\/div>\n\t\t\t\t<\/div>\n\t\t\t\t<div class=\"elementor-element elementor-element-1dcb4228 elementor-widget elementor-widget-html\" data-id=\"1dcb4228\" data-element_type=\"widget\" data-e-type=\"widget\" data-widget_type=\"html.default\">\n\t\t\t\t<div class=\"elementor-widget-container\">\n\t\t\t\t\t<embed src=\"https:\/\/eparhijasremska.rs\/rakovac\/index.html\" width=\"200\" height=\"800\">\t\t\t\t<\/div>\n\t\t\t\t<\/div>\n\t\t\t\t\t<\/div>\n\t\t<\/div>\n\t\t\t\t\t<\/div>\n\t\t<\/section>\n\t\t\t\t<\/div>\n\t\t","protected":false},"excerpt":{"rendered":"<p>Rakovac Monastery Rakovac Monastery (virtual tour of Fru\u0161ka Gora monasteries) Time of construction: according to testimony, 1498. Founder: Raka, comronic of despot Jovan Brankovi\u0107. The church is dedicated\u00a0to Saints Cosmas and Damian (July 1\/14) Years of destruction: the Turks destroy the lodgings; In 1678, the Turks set fire to the church and lodgings again. In [&hellip;]<\/p>\n","protected":false},"author":1,"featured_media":0,"parent":0,"menu_order":0,"comment_status":"closed","ping_status":"closed","template":"","meta":{"footnotes":""},"class_list":["post-2604","page","type-page","status-publish","hentry"],"yoast_head":"<!-- This site is optimized with the Yoast SEO plugin v27.6 - https:\/\/yoast.com\/product\/yoast-seo-wordpress\/ -->\n<title>\u0420\u0430\u043a\u043e\u0432\u0430\u0446 - \u0415\u043f\u0430\u0440\u0445\u0438\u0458\u0430 \u0441\u0440\u0435\u043c\u0441\u043a\u0430<\/title>\n<meta name=\"robots\" content=\"index, follow, max-snippet:-1, max-image-preview:large, max-video-preview:-1\" \/>\n<link rel=\"canonical\" href=\"https:\/\/eparhijasremska.rs\/eng\/\u0440\u0430\u043a\u043e\u0432\u0430\u0446-2\/\" \/>\n<meta property=\"og:locale\" content=\"en_US\" \/>\n<meta property=\"og:type\" content=\"article\" \/>\n<meta property=\"og:title\" content=\"\u0420\u0430\u043a\u043e\u0432\u0430\u0446 - \u0415\u043f\u0430\u0440\u0445\u0438\u0458\u0430 \u0441\u0440\u0435\u043c\u0441\u043a\u0430\" \/>\n<meta property=\"og:description\" content=\"Rakovac Monastery Rakovac Monastery (virtual tour of Fru\u0161ka Gora monasteries) Time of construction: according to testimony, 1498. Founder: Raka, comronic of despot Jovan Brankovi\u0107. The church is dedicated\u00a0to Saints Cosmas and Damian (July 1\/14) Years of destruction: the Turks destroy the lodgings; In 1678, the Turks set fire to the church and lodgings again. In [&hellip;]\" \/>\n<meta property=\"og:url\" content=\"https:\/\/eparhijasremska.rs\/eng\/\u0440\u0430\u043a\u043e\u0432\u0430\u0446-2\/\" \/>\n<meta property=\"og:site_name\" content=\"\u0415\u043f\u0430\u0440\u0445\u0438\u0458\u0430 \u0441\u0440\u0435\u043c\u0441\u043a\u0430\" \/>\n<meta property=\"article:modified_time\" content=\"2023-02-27T16:36:37+00:00\" \/>\n<meta name=\"twitter:card\" content=\"summary_large_image\" \/>\n<meta name=\"twitter:label1\" content=\"Est. reading time\" \/>\n\t<meta name=\"twitter:data1\" content=\"3 minutes\" \/>\n<script type=\"application\/ld+json\" class=\"yoast-schema-graph\">{\"@context\":\"https:\\\/\\\/schema.org\",\"@graph\":[{\"@type\":\"WebPage\",\"@id\":\"https:\\\/\\\/eparhijasremska.rs\\\/eng\\\/%d1%80%d0%b0%d0%ba%d0%be%d0%b2%d0%b0%d1%86-2\\\/\",\"url\":\"https:\\\/\\\/eparhijasremska.rs\\\/eng\\\/%d1%80%d0%b0%d0%ba%d0%be%d0%b2%d0%b0%d1%86-2\\\/\",\"name\":\"\u0420\u0430\u043a\u043e\u0432\u0430\u0446 - \u0415\u043f\u0430\u0440\u0445\u0438\u0458\u0430 \u0441\u0440\u0435\u043c\u0441\u043a\u0430\",\"isPartOf\":{\"@id\":\"https:\\\/\\\/eparhijasremska.rs\\\/eng\\\/#website\"},\"datePublished\":\"2023-01-08T19:54:53+00:00\",\"dateModified\":\"2023-02-27T16:36:37+00:00\",\"breadcrumb\":{\"@id\":\"https:\\\/\\\/eparhijasremska.rs\\\/eng\\\/%d1%80%d0%b0%d0%ba%d0%be%d0%b2%d0%b0%d1%86-2\\\/#breadcrumb\"},\"inLanguage\":\"en-US\",\"potentialAction\":[{\"@type\":\"ReadAction\",\"target\":[\"https:\\\/\\\/eparhijasremska.rs\\\/eng\\\/%d1%80%d0%b0%d0%ba%d0%be%d0%b2%d0%b0%d1%86-2\\\/\"]}]},{\"@type\":\"BreadcrumbList\",\"@id\":\"https:\\\/\\\/eparhijasremska.rs\\\/eng\\\/%d1%80%d0%b0%d0%ba%d0%be%d0%b2%d0%b0%d1%86-2\\\/#breadcrumb\",\"itemListElement\":[{\"@type\":\"ListItem\",\"position\":1,\"name\":\"Home\",\"item\":\"https:\\\/\\\/eparhijasremska.rs\\\/eng\\\/\"},{\"@type\":\"ListItem\",\"position\":2,\"name\":\"\u0420\u0430\u043a\u043e\u0432\u0430\u0446\"}]},{\"@type\":\"WebSite\",\"@id\":\"https:\\\/\\\/eparhijasremska.rs\\\/eng\\\/#website\",\"url\":\"https:\\\/\\\/eparhijasremska.rs\\\/eng\\\/\",\"name\":\"\u0415\u043f\u0430\u0440\u0445\u0438\u0458\u0430 \u0441\u0440\u0435\u043c\u0441\u043a\u0430\",\"description\":\"\",\"publisher\":{\"@id\":\"https:\\\/\\\/eparhijasremska.rs\\\/eng\\\/#organization\"},\"potentialAction\":[{\"@type\":\"SearchAction\",\"target\":{\"@type\":\"EntryPoint\",\"urlTemplate\":\"https:\\\/\\\/eparhijasremska.rs\\\/eng\\\/?s={search_term_string}\"},\"query-input\":{\"@type\":\"PropertyValueSpecification\",\"valueRequired\":true,\"valueName\":\"search_term_string\"}}],\"inLanguage\":\"en-US\"},{\"@type\":\"Organization\",\"@id\":\"https:\\\/\\\/eparhijasremska.rs\\\/eng\\\/#organization\",\"name\":\"\u0415\u043f\u0430\u0440\u0445\u0438\u0458\u0430 \u0441\u0440\u0435\u043c\u0441\u043a\u0430\",\"url\":\"https:\\\/\\\/eparhijasremska.rs\\\/eng\\\/\",\"logo\":{\"@type\":\"ImageObject\",\"inLanguage\":\"en-US\",\"@id\":\"https:\\\/\\\/eparhijasremska.rs\\\/eng\\\/#\\\/schema\\\/logo\\\/image\\\/\",\"url\":\"https:\\\/\\\/eparhijasremska.rs\\\/eng\\\/wp-content\\\/uploads\\\/2022\\\/11\\\/logo-eparhija-sremska-beli.png\",\"contentUrl\":\"https:\\\/\\\/eparhijasremska.rs\\\/eng\\\/wp-content\\\/uploads\\\/2022\\\/11\\\/logo-eparhija-sremska-beli.png\",\"width\":223,\"height\":236,\"caption\":\"\u0415\u043f\u0430\u0440\u0445\u0438\u0458\u0430 \u0441\u0440\u0435\u043c\u0441\u043a\u0430\"},\"image\":{\"@id\":\"https:\\\/\\\/eparhijasremska.rs\\\/eng\\\/#\\\/schema\\\/logo\\\/image\\\/\"}}]}<\/script>\n<!-- \/ Yoast SEO plugin. -->","yoast_head_json":{"title":"\u0420\u0430\u043a\u043e\u0432\u0430\u0446 - \u0415\u043f\u0430\u0440\u0445\u0438\u0458\u0430 \u0441\u0440\u0435\u043c\u0441\u043a\u0430","robots":{"index":"index","follow":"follow","max-snippet":"max-snippet:-1","max-image-preview":"max-image-preview:large","max-video-preview":"max-video-preview:-1"},"canonical":"https:\/\/eparhijasremska.rs\/eng\/\u0440\u0430\u043a\u043e\u0432\u0430\u0446-2\/","og_locale":"en_US","og_type":"article","og_title":"\u0420\u0430\u043a\u043e\u0432\u0430\u0446 - \u0415\u043f\u0430\u0440\u0445\u0438\u0458\u0430 \u0441\u0440\u0435\u043c\u0441\u043a\u0430","og_description":"Rakovac Monastery Rakovac Monastery (virtual tour of Fru\u0161ka Gora monasteries) Time of construction: according to testimony, 1498. Founder: Raka, comronic of despot Jovan Brankovi\u0107. The church is dedicated\u00a0to Saints Cosmas and Damian (July 1\/14) Years of destruction: the Turks destroy the lodgings; In 1678, the Turks set fire to the church and lodgings again. In [&hellip;]","og_url":"https:\/\/eparhijasremska.rs\/eng\/\u0440\u0430\u043a\u043e\u0432\u0430\u0446-2\/","og_site_name":"\u0415\u043f\u0430\u0440\u0445\u0438\u0458\u0430 \u0441\u0440\u0435\u043c\u0441\u043a\u0430","article_modified_time":"2023-02-27T16:36:37+00:00","twitter_card":"summary_large_image","twitter_misc":{"Est. reading time":"3 minutes"},"schema":{"@context":"https:\/\/schema.org","@graph":[{"@type":"WebPage","@id":"https:\/\/eparhijasremska.rs\/eng\/%d1%80%d0%b0%d0%ba%d0%be%d0%b2%d0%b0%d1%86-2\/","url":"https:\/\/eparhijasremska.rs\/eng\/%d1%80%d0%b0%d0%ba%d0%be%d0%b2%d0%b0%d1%86-2\/","name":"\u0420\u0430\u043a\u043e\u0432\u0430\u0446 - \u0415\u043f\u0430\u0440\u0445\u0438\u0458\u0430 \u0441\u0440\u0435\u043c\u0441\u043a\u0430","isPartOf":{"@id":"https:\/\/eparhijasremska.rs\/eng\/#website"},"datePublished":"2023-01-08T19:54:53+00:00","dateModified":"2023-02-27T16:36:37+00:00","breadcrumb":{"@id":"https:\/\/eparhijasremska.rs\/eng\/%d1%80%d0%b0%d0%ba%d0%be%d0%b2%d0%b0%d1%86-2\/#breadcrumb"},"inLanguage":"en-US","potentialAction":[{"@type":"ReadAction","target":["https:\/\/eparhijasremska.rs\/eng\/%d1%80%d0%b0%d0%ba%d0%be%d0%b2%d0%b0%d1%86-2\/"]}]},{"@type":"BreadcrumbList","@id":"https:\/\/eparhijasremska.rs\/eng\/%d1%80%d0%b0%d0%ba%d0%be%d0%b2%d0%b0%d1%86-2\/#breadcrumb","itemListElement":[{"@type":"ListItem","position":1,"name":"Home","item":"https:\/\/eparhijasremska.rs\/eng\/"},{"@type":"ListItem","position":2,"name":"\u0420\u0430\u043a\u043e\u0432\u0430\u0446"}]},{"@type":"WebSite","@id":"https:\/\/eparhijasremska.rs\/eng\/#website","url":"https:\/\/eparhijasremska.rs\/eng\/","name":"\u0415\u043f\u0430\u0440\u0445\u0438\u0458\u0430 \u0441\u0440\u0435\u043c\u0441\u043a\u0430","description":"","publisher":{"@id":"https:\/\/eparhijasremska.rs\/eng\/#organization"},"potentialAction":[{"@type":"SearchAction","target":{"@type":"EntryPoint","urlTemplate":"https:\/\/eparhijasremska.rs\/eng\/?s={search_term_string}"},"query-input":{"@type":"PropertyValueSpecification","valueRequired":true,"valueName":"search_term_string"}}],"inLanguage":"en-US"},{"@type":"Organization","@id":"https:\/\/eparhijasremska.rs\/eng\/#organization","name":"\u0415\u043f\u0430\u0440\u0445\u0438\u0458\u0430 \u0441\u0440\u0435\u043c\u0441\u043a\u0430","url":"https:\/\/eparhijasremska.rs\/eng\/","logo":{"@type":"ImageObject","inLanguage":"en-US","@id":"https:\/\/eparhijasremska.rs\/eng\/#\/schema\/logo\/image\/","url":"https:\/\/eparhijasremska.rs\/eng\/wp-content\/uploads\/2022\/11\/logo-eparhija-sremska-beli.png","contentUrl":"https:\/\/eparhijasremska.rs\/eng\/wp-content\/uploads\/2022\/11\/logo-eparhija-sremska-beli.png","width":223,"height":236,"caption":"\u0415\u043f\u0430\u0440\u0445\u0438\u0458\u0430 \u0441\u0440\u0435\u043c\u0441\u043a\u0430"},"image":{"@id":"https:\/\/eparhijasremska.rs\/eng\/#\/schema\/logo\/image\/"}}]}},"_links":{"self":[{"href":"https:\/\/eparhijasremska.rs\/eng\/wp-json\/wp\/v2\/pages\/2604","targetHints":{"allow":["GET"]}}],"collection":[{"href":"https:\/\/eparhijasremska.rs\/eng\/wp-json\/wp\/v2\/pages"}],"about":[{"href":"https:\/\/eparhijasremska.rs\/eng\/wp-json\/wp\/v2\/types\/page"}],"author":[{"embeddable":true,"href":"https:\/\/eparhijasremska.rs\/eng\/wp-json\/wp\/v2\/users\/1"}],"replies":[{"embeddable":true,"href":"https:\/\/eparhijasremska.rs\/eng\/wp-json\/wp\/v2\/comments?post=2604"}],"version-history":[{"count":0,"href":"https:\/\/eparhijasremska.rs\/eng\/wp-json\/wp\/v2\/pages\/2604\/revisions"}],"wp:attachment":[{"href":"https:\/\/eparhijasremska.rs\/eng\/wp-json\/wp\/v2\/media?parent=2604"}],"curies":[{"name":"wp","href":"https:\/\/api.w.org\/{rel}","templated":true}]}}