{"id":2606,"date":"2023-01-08T21:48:35","date_gmt":"2023-01-08T21:48:35","guid":{"rendered":"https:\/\/eparhijasremska.rs\/?page_id=2606"},"modified":"2023-02-27T16:39:23","modified_gmt":"2023-02-27T16:39:23","slug":"%d1%81%d0%b8%d1%81%d0%b0%d1%82%d0%be%d0%b2%d0%b0%d1%86-2","status":"publish","type":"page","link":"https:\/\/eparhijasremska.rs\/eng\/%d1%81%d0%b8%d1%81%d0%b0%d1%82%d0%be%d0%b2%d0%b0%d1%86-2\/","title":{"rendered":"\u0421\u0438\u0441\u0430\u0442\u043e\u0432\u0430\u0446"},"content":{"rendered":"\t\t<div data-elementor-type=\"wp-page\" data-elementor-id=\"2606\" class=\"elementor elementor-2606\" data-elementor-post-type=\"page\">\n\t\t\t\t\t\t<section class=\"elementor-section elementor-top-section elementor-element elementor-element-1d51439c elementor-section-height-min-height elementor-section-items-bottom elementor-section-boxed elementor-section-height-default\" data-id=\"1d51439c\" data-element_type=\"section\" data-e-type=\"section\" data-settings=\"{&quot;background_background&quot;:&quot;classic&quot;}\">\n\t\t\t\t\t\t\t<div class=\"elementor-background-overlay\"><\/div>\n\t\t\t\t\t\t\t<div class=\"elementor-container elementor-column-gap-default\">\n\t\t\t\t\t<div class=\"elementor-column elementor-col-100 elementor-top-column elementor-element elementor-element-572beefc\" data-id=\"572beefc\" data-element_type=\"column\" data-e-type=\"column\">\n\t\t\t<div class=\"elementor-widget-wrap elementor-element-populated\">\n\t\t\t\t\t\t<div class=\"elementor-element elementor-element-31e6c9c6 elementor-widget elementor-widget-heading\" data-id=\"31e6c9c6\" data-element_type=\"widget\" data-e-type=\"widget\" data-widget_type=\"heading.default\">\n\t\t\t\t<div class=\"elementor-widget-container\">\n\t\t\t\t\t<h1 class=\"elementor-heading-title elementor-size-default\">\u0160i\u0161atovac Monastery<\/h1>\t\t\t\t<\/div>\n\t\t\t\t<\/div>\n\t\t\t\t\t<\/div>\n\t\t<\/div>\n\t\t\t\t\t<\/div>\n\t\t<\/section>\n\t\t\t\t<section class=\"elementor-section elementor-top-section elementor-element elementor-element-74cfcaaa elementor-section-boxed elementor-section-height-default elementor-section-height-default\" data-id=\"74cfcaaa\" data-element_type=\"section\" data-e-type=\"section\">\n\t\t\t\t\t\t<div class=\"elementor-container elementor-column-gap-default\">\n\t\t\t\t\t<div class=\"elementor-column elementor-col-100 elementor-top-column elementor-element elementor-element-448f913d\" data-id=\"448f913d\" data-element_type=\"column\" data-e-type=\"column\">\n\t\t\t<div class=\"elementor-widget-wrap elementor-element-populated\">\n\t\t\t\t\t\t<div class=\"elementor-element elementor-element-28f7e45 elementor-widget elementor-widget-heading\" data-id=\"28f7e45\" data-element_type=\"widget\" data-e-type=\"widget\" data-widget_type=\"heading.default\">\n\t\t\t\t<div class=\"elementor-widget-container\">\n\t\t\t\t\t<h2 class=\"elementor-heading-title elementor-size-default\">\u0160i\u0161atovac Monastery (virtual tour of Fru\u0161ka Gora monasteries)<\/h2>\t\t\t\t<\/div>\n\t\t\t\t<\/div>\n\t\t\t\t<div class=\"elementor-element elementor-element-828472e elementor-widget elementor-widget-text-editor\" data-id=\"828472e\" data-element_type=\"widget\" data-e-type=\"widget\" data-widget_type=\"text-editor.default\">\n\t\t\t\t<div class=\"elementor-widget-container\">\n\t\t\t\t\t\t\t\t\t<p><strong>Time of construction<\/strong>: 1520 on the site of the small church of St. Nicholas<\/p><p><strong>Founder:<\/strong>\u00a0abbot of the \u017di\u010da monastery Teofil and monks Hilarion and Visarion<\/p><p><strong>First written mention<\/strong>: 1540. Turks gave the permission for the repair of several monastery cells.<\/p><p><strong>The church is dedicated<\/strong>\u00a0to the Nativity of the Virgin (September 8\/21).<\/p><p><strong>Years of destruction<\/strong>: the \u0160i\u0161atovac monastery did not suffer under the Turks. The church was demolished in 1778, and in 1849 the eastern wing of the inn was destroyed in an arson fire. In the Second World War it was looted, burned and destroyed; the wall paintings and the brick iconostasis also suffered.<\/p><p><strong>Years of restoration<\/strong>: construction of lodgings, minor repairs to the church and construction of economic facilities during the 16th century. Then the church was colorful. Renewal in 1616-1693. Between 1738 and 1742, a belfry shaped under the influence of the Russian Baroque was added. It has a chapel dedicated to Saint George. The floor on the southern wing of the inn dates from 1807, and the floor above the western one from the end of the 19th century. The new large church was built in 1778. Minor works in 1970\u20131971. and 1989-1992. The comprehensive renovation was carried out under the direction of His Grace the Bishop of Srem, Mr. Vasilije.<\/p><p><strong>Architecture<\/strong>: heavily influenced by traditional Serbian architecture with an attached baroque bell tower.<\/p><p><strong>Iconostasis<\/strong>: it is assumed that it was created in 1778, when the church was. He painted icons in 1793\u20131795. Grigorije Davidovi\u0107 Ob\u0161i\u0107. He died completely in 1944, and the imperial doors with icons attributed to Dimitrije Ba\u010devi\u0107 are kept in the Matica Srpska Gallery in Novi Sad.<\/p><p><strong>Painting\/frescoes<\/strong>: as well as the iconostasis and wall paintings were the work of Grigorije Davidovi\u0107 Ob\u0161i\u0107<\/p><p><strong>Holy relics<\/strong>: the relics of Saint Stefan \u0160tiljanovi\u0107 were kept until the Second World War<\/p><p><strong>Today<\/strong>: from the complex that was the monastery until the Second World War (the church, on three sides of the storey lodgings and accompanying economic facilities), there is now a church and completely renovated lodgings. It can be visited on the page of our internet portal if you visit the virtual tour of Fru\u0161ka Gora monasteries.<\/p><p><strong><em>The abbot of this men&#8217;s monastery is: Abbot Andrej Nenic<\/em><\/strong><\/p><p><strong>Patron&#8217;s Day:<\/strong>\u00a0Nativity of the Virgin (September 8\/21)<\/p>\t\t\t\t\t\t\t\t<\/div>\n\t\t\t\t<\/div>\n\t\t\t\t<div class=\"elementor-element elementor-element-b5cd469 elementor-widget elementor-widget-heading\" data-id=\"b5cd469\" data-element_type=\"widget\" data-e-type=\"widget\" data-widget_type=\"heading.default\">\n\t\t\t\t<div class=\"elementor-widget-container\">\n\t\t\t\t\t<h2 class=\"elementor-heading-title elementor-size-default\">Virtual tour of Fru\u0161ka Gora monasteries - \u0160i\u0161atovac monastery<\/h2>\t\t\t\t<\/div>\n\t\t\t\t<\/div>\n\t\t\t\t<div class=\"elementor-element elementor-element-3b54ad7f elementor-widget elementor-widget-html\" data-id=\"3b54ad7f\" data-element_type=\"widget\" data-e-type=\"widget\" data-widget_type=\"html.default\">\n\t\t\t\t<div class=\"elementor-widget-container\">\n\t\t\t\t\t<embed src=\"https:\/\/eparhijasremska.rs\/sisatovac\/index.html\" width=\"200\" height=\"800\">\t\t\t\t<\/div>\n\t\t\t\t<\/div>\n\t\t\t\t\t<\/div>\n\t\t<\/div>\n\t\t\t\t\t<\/div>\n\t\t<\/section>\n\t\t\t\t<\/div>\n\t\t","protected":false},"excerpt":{"rendered":"<p>\u0160i\u0161atovac Monastery \u0160i\u0161atovac Monastery (virtual tour of Fru\u0161ka Gora monasteries) Time of construction: 1520 on the site of the small church of St. Nicholas Founder:\u00a0abbot of the \u017di\u010da monastery Teofil and monks Hilarion and Visarion First written mention: 1540. Turks gave the permission for the repair of several monastery cells. The church is dedicated\u00a0to the [&hellip;]<\/p>\n","protected":false},"author":1,"featured_media":0,"parent":0,"menu_order":0,"comment_status":"closed","ping_status":"closed","template":"","meta":{"footnotes":""},"class_list":["post-2606","page","type-page","status-publish","hentry"],"yoast_head":"<!-- This site is optimized with the Yoast SEO plugin v27.6 - https:\/\/yoast.com\/product\/yoast-seo-wordpress\/ -->\n<title>\u0421\u0438\u0441\u0430\u0442\u043e\u0432\u0430\u0446 - \u0415\u043f\u0430\u0440\u0445\u0438\u0458\u0430 \u0441\u0440\u0435\u043c\u0441\u043a\u0430<\/title>\n<meta name=\"robots\" content=\"index, follow, max-snippet:-1, max-image-preview:large, max-video-preview:-1\" \/>\n<link rel=\"canonical\" href=\"https:\/\/eparhijasremska.rs\/eng\/\u0441\u0438\u0441\u0430\u0442\u043e\u0432\u0430\u0446-2\/\" \/>\n<meta property=\"og:locale\" content=\"en_US\" \/>\n<meta property=\"og:type\" content=\"article\" \/>\n<meta property=\"og:title\" content=\"\u0421\u0438\u0441\u0430\u0442\u043e\u0432\u0430\u0446 - \u0415\u043f\u0430\u0440\u0445\u0438\u0458\u0430 \u0441\u0440\u0435\u043c\u0441\u043a\u0430\" \/>\n<meta property=\"og:description\" content=\"\u0160i\u0161atovac Monastery \u0160i\u0161atovac Monastery (virtual tour of Fru\u0161ka Gora monasteries) Time of construction: 1520 on the site of the small church of St. Nicholas Founder:\u00a0abbot of the \u017di\u010da monastery Teofil and monks Hilarion and Visarion First written mention: 1540. Turks gave the permission for the repair of several monastery cells. The church is dedicated\u00a0to the [&hellip;]\" \/>\n<meta property=\"og:url\" content=\"https:\/\/eparhijasremska.rs\/eng\/\u0441\u0438\u0441\u0430\u0442\u043e\u0432\u0430\u0446-2\/\" \/>\n<meta property=\"og:site_name\" content=\"\u0415\u043f\u0430\u0440\u0445\u0438\u0458\u0430 \u0441\u0440\u0435\u043c\u0441\u043a\u0430\" \/>\n<meta property=\"article:modified_time\" content=\"2023-02-27T16:39:23+00:00\" \/>\n<meta name=\"twitter:card\" content=\"summary_large_image\" \/>\n<meta name=\"twitter:label1\" content=\"Est. reading time\" \/>\n\t<meta name=\"twitter:data1\" content=\"2 minutes\" \/>\n<script type=\"application\/ld+json\" class=\"yoast-schema-graph\">{\"@context\":\"https:\\\/\\\/schema.org\",\"@graph\":[{\"@type\":\"WebPage\",\"@id\":\"https:\\\/\\\/eparhijasremska.rs\\\/eng\\\/%d1%81%d0%b8%d1%81%d0%b0%d1%82%d0%be%d0%b2%d0%b0%d1%86-2\\\/\",\"url\":\"https:\\\/\\\/eparhijasremska.rs\\\/eng\\\/%d1%81%d0%b8%d1%81%d0%b0%d1%82%d0%be%d0%b2%d0%b0%d1%86-2\\\/\",\"name\":\"\u0421\u0438\u0441\u0430\u0442\u043e\u0432\u0430\u0446 - \u0415\u043f\u0430\u0440\u0445\u0438\u0458\u0430 \u0441\u0440\u0435\u043c\u0441\u043a\u0430\",\"isPartOf\":{\"@id\":\"https:\\\/\\\/eparhijasremska.rs\\\/eng\\\/#website\"},\"datePublished\":\"2023-01-08T21:48:35+00:00\",\"dateModified\":\"2023-02-27T16:39:23+00:00\",\"breadcrumb\":{\"@id\":\"https:\\\/\\\/eparhijasremska.rs\\\/eng\\\/%d1%81%d0%b8%d1%81%d0%b0%d1%82%d0%be%d0%b2%d0%b0%d1%86-2\\\/#breadcrumb\"},\"inLanguage\":\"en-US\",\"potentialAction\":[{\"@type\":\"ReadAction\",\"target\":[\"https:\\\/\\\/eparhijasremska.rs\\\/eng\\\/%d1%81%d0%b8%d1%81%d0%b0%d1%82%d0%be%d0%b2%d0%b0%d1%86-2\\\/\"]}]},{\"@type\":\"BreadcrumbList\",\"@id\":\"https:\\\/\\\/eparhijasremska.rs\\\/eng\\\/%d1%81%d0%b8%d1%81%d0%b0%d1%82%d0%be%d0%b2%d0%b0%d1%86-2\\\/#breadcrumb\",\"itemListElement\":[{\"@type\":\"ListItem\",\"position\":1,\"name\":\"Home\",\"item\":\"https:\\\/\\\/eparhijasremska.rs\\\/eng\\\/\"},{\"@type\":\"ListItem\",\"position\":2,\"name\":\"\u0421\u0438\u0441\u0430\u0442\u043e\u0432\u0430\u0446\"}]},{\"@type\":\"WebSite\",\"@id\":\"https:\\\/\\\/eparhijasremska.rs\\\/eng\\\/#website\",\"url\":\"https:\\\/\\\/eparhijasremska.rs\\\/eng\\\/\",\"name\":\"\u0415\u043f\u0430\u0440\u0445\u0438\u0458\u0430 \u0441\u0440\u0435\u043c\u0441\u043a\u0430\",\"description\":\"\",\"publisher\":{\"@id\":\"https:\\\/\\\/eparhijasremska.rs\\\/eng\\\/#organization\"},\"potentialAction\":[{\"@type\":\"SearchAction\",\"target\":{\"@type\":\"EntryPoint\",\"urlTemplate\":\"https:\\\/\\\/eparhijasremska.rs\\\/eng\\\/?s={search_term_string}\"},\"query-input\":{\"@type\":\"PropertyValueSpecification\",\"valueRequired\":true,\"valueName\":\"search_term_string\"}}],\"inLanguage\":\"en-US\"},{\"@type\":\"Organization\",\"@id\":\"https:\\\/\\\/eparhijasremska.rs\\\/eng\\\/#organization\",\"name\":\"\u0415\u043f\u0430\u0440\u0445\u0438\u0458\u0430 \u0441\u0440\u0435\u043c\u0441\u043a\u0430\",\"url\":\"https:\\\/\\\/eparhijasremska.rs\\\/eng\\\/\",\"logo\":{\"@type\":\"ImageObject\",\"inLanguage\":\"en-US\",\"@id\":\"https:\\\/\\\/eparhijasremska.rs\\\/eng\\\/#\\\/schema\\\/logo\\\/image\\\/\",\"url\":\"https:\\\/\\\/eparhijasremska.rs\\\/eng\\\/wp-content\\\/uploads\\\/2022\\\/11\\\/logo-eparhija-sremska-beli.png\",\"contentUrl\":\"https:\\\/\\\/eparhijasremska.rs\\\/eng\\\/wp-content\\\/uploads\\\/2022\\\/11\\\/logo-eparhija-sremska-beli.png\",\"width\":223,\"height\":236,\"caption\":\"\u0415\u043f\u0430\u0440\u0445\u0438\u0458\u0430 \u0441\u0440\u0435\u043c\u0441\u043a\u0430\"},\"image\":{\"@id\":\"https:\\\/\\\/eparhijasremska.rs\\\/eng\\\/#\\\/schema\\\/logo\\\/image\\\/\"}}]}<\/script>\n<!-- \/ Yoast SEO plugin. -->","yoast_head_json":{"title":"\u0421\u0438\u0441\u0430\u0442\u043e\u0432\u0430\u0446 - \u0415\u043f\u0430\u0440\u0445\u0438\u0458\u0430 \u0441\u0440\u0435\u043c\u0441\u043a\u0430","robots":{"index":"index","follow":"follow","max-snippet":"max-snippet:-1","max-image-preview":"max-image-preview:large","max-video-preview":"max-video-preview:-1"},"canonical":"https:\/\/eparhijasremska.rs\/eng\/\u0441\u0438\u0441\u0430\u0442\u043e\u0432\u0430\u0446-2\/","og_locale":"en_US","og_type":"article","og_title":"\u0421\u0438\u0441\u0430\u0442\u043e\u0432\u0430\u0446 - \u0415\u043f\u0430\u0440\u0445\u0438\u0458\u0430 \u0441\u0440\u0435\u043c\u0441\u043a\u0430","og_description":"\u0160i\u0161atovac Monastery \u0160i\u0161atovac Monastery (virtual tour of Fru\u0161ka Gora monasteries) Time of construction: 1520 on the site of the small church of St. Nicholas Founder:\u00a0abbot of the \u017di\u010da monastery Teofil and monks Hilarion and Visarion First written mention: 1540. Turks gave the permission for the repair of several monastery cells. The church is dedicated\u00a0to the [&hellip;]","og_url":"https:\/\/eparhijasremska.rs\/eng\/\u0441\u0438\u0441\u0430\u0442\u043e\u0432\u0430\u0446-2\/","og_site_name":"\u0415\u043f\u0430\u0440\u0445\u0438\u0458\u0430 \u0441\u0440\u0435\u043c\u0441\u043a\u0430","article_modified_time":"2023-02-27T16:39:23+00:00","twitter_card":"summary_large_image","twitter_misc":{"Est. reading time":"2 minutes"},"schema":{"@context":"https:\/\/schema.org","@graph":[{"@type":"WebPage","@id":"https:\/\/eparhijasremska.rs\/eng\/%d1%81%d0%b8%d1%81%d0%b0%d1%82%d0%be%d0%b2%d0%b0%d1%86-2\/","url":"https:\/\/eparhijasremska.rs\/eng\/%d1%81%d0%b8%d1%81%d0%b0%d1%82%d0%be%d0%b2%d0%b0%d1%86-2\/","name":"\u0421\u0438\u0441\u0430\u0442\u043e\u0432\u0430\u0446 - \u0415\u043f\u0430\u0440\u0445\u0438\u0458\u0430 \u0441\u0440\u0435\u043c\u0441\u043a\u0430","isPartOf":{"@id":"https:\/\/eparhijasremska.rs\/eng\/#website"},"datePublished":"2023-01-08T21:48:35+00:00","dateModified":"2023-02-27T16:39:23+00:00","breadcrumb":{"@id":"https:\/\/eparhijasremska.rs\/eng\/%d1%81%d0%b8%d1%81%d0%b0%d1%82%d0%be%d0%b2%d0%b0%d1%86-2\/#breadcrumb"},"inLanguage":"en-US","potentialAction":[{"@type":"ReadAction","target":["https:\/\/eparhijasremska.rs\/eng\/%d1%81%d0%b8%d1%81%d0%b0%d1%82%d0%be%d0%b2%d0%b0%d1%86-2\/"]}]},{"@type":"BreadcrumbList","@id":"https:\/\/eparhijasremska.rs\/eng\/%d1%81%d0%b8%d1%81%d0%b0%d1%82%d0%be%d0%b2%d0%b0%d1%86-2\/#breadcrumb","itemListElement":[{"@type":"ListItem","position":1,"name":"Home","item":"https:\/\/eparhijasremska.rs\/eng\/"},{"@type":"ListItem","position":2,"name":"\u0421\u0438\u0441\u0430\u0442\u043e\u0432\u0430\u0446"}]},{"@type":"WebSite","@id":"https:\/\/eparhijasremska.rs\/eng\/#website","url":"https:\/\/eparhijasremska.rs\/eng\/","name":"\u0415\u043f\u0430\u0440\u0445\u0438\u0458\u0430 \u0441\u0440\u0435\u043c\u0441\u043a\u0430","description":"","publisher":{"@id":"https:\/\/eparhijasremska.rs\/eng\/#organization"},"potentialAction":[{"@type":"SearchAction","target":{"@type":"EntryPoint","urlTemplate":"https:\/\/eparhijasremska.rs\/eng\/?s={search_term_string}"},"query-input":{"@type":"PropertyValueSpecification","valueRequired":true,"valueName":"search_term_string"}}],"inLanguage":"en-US"},{"@type":"Organization","@id":"https:\/\/eparhijasremska.rs\/eng\/#organization","name":"\u0415\u043f\u0430\u0440\u0445\u0438\u0458\u0430 \u0441\u0440\u0435\u043c\u0441\u043a\u0430","url":"https:\/\/eparhijasremska.rs\/eng\/","logo":{"@type":"ImageObject","inLanguage":"en-US","@id":"https:\/\/eparhijasremska.rs\/eng\/#\/schema\/logo\/image\/","url":"https:\/\/eparhijasremska.rs\/eng\/wp-content\/uploads\/2022\/11\/logo-eparhija-sremska-beli.png","contentUrl":"https:\/\/eparhijasremska.rs\/eng\/wp-content\/uploads\/2022\/11\/logo-eparhija-sremska-beli.png","width":223,"height":236,"caption":"\u0415\u043f\u0430\u0440\u0445\u0438\u0458\u0430 \u0441\u0440\u0435\u043c\u0441\u043a\u0430"},"image":{"@id":"https:\/\/eparhijasremska.rs\/eng\/#\/schema\/logo\/image\/"}}]}},"_links":{"self":[{"href":"https:\/\/eparhijasremska.rs\/eng\/wp-json\/wp\/v2\/pages\/2606","targetHints":{"allow":["GET"]}}],"collection":[{"href":"https:\/\/eparhijasremska.rs\/eng\/wp-json\/wp\/v2\/pages"}],"about":[{"href":"https:\/\/eparhijasremska.rs\/eng\/wp-json\/wp\/v2\/types\/page"}],"author":[{"embeddable":true,"href":"https:\/\/eparhijasremska.rs\/eng\/wp-json\/wp\/v2\/users\/1"}],"replies":[{"embeddable":true,"href":"https:\/\/eparhijasremska.rs\/eng\/wp-json\/wp\/v2\/comments?post=2606"}],"version-history":[{"count":0,"href":"https:\/\/eparhijasremska.rs\/eng\/wp-json\/wp\/v2\/pages\/2606\/revisions"}],"wp:attachment":[{"href":"https:\/\/eparhijasremska.rs\/eng\/wp-json\/wp\/v2\/media?parent=2606"}],"curies":[{"name":"wp","href":"https:\/\/api.w.org\/{rel}","templated":true}]}}