{"id":2607,"date":"2023-01-08T22:01:28","date_gmt":"2023-01-08T22:01:28","guid":{"rendered":"https:\/\/eparhijasremska.rs\/?page_id=2607"},"modified":"2023-02-28T13:32:34","modified_gmt":"2023-02-28T13:32:34","slug":"%d1%81%d1%82%d0%b0%d1%80%d0%be-%d1%85%d0%be%d0%bf%d0%be%d0%b2%d0%be-2","status":"publish","type":"page","link":"https:\/\/eparhijasremska.rs\/eng\/%d1%81%d1%82%d0%b0%d1%80%d0%be-%d1%85%d0%be%d0%bf%d0%be%d0%b2%d0%be-2\/","title":{"rendered":"\u0421\u0442\u0430\u0440\u043e \u0425\u043e\u043f\u043e\u0432\u043e"},"content":{"rendered":"\t\t<div data-elementor-type=\"wp-page\" data-elementor-id=\"2607\" class=\"elementor elementor-2607\" data-elementor-post-type=\"page\">\n\t\t\t\t\t\t<section class=\"elementor-section elementor-top-section elementor-element elementor-element-4cf42c27 elementor-section-height-min-height elementor-section-items-bottom elementor-section-boxed elementor-section-height-default\" data-id=\"4cf42c27\" data-element_type=\"section\" data-e-type=\"section\" data-settings=\"{&quot;background_background&quot;:&quot;classic&quot;}\">\n\t\t\t\t\t\t\t<div class=\"elementor-background-overlay\"><\/div>\n\t\t\t\t\t\t\t<div class=\"elementor-container elementor-column-gap-default\">\n\t\t\t\t\t<div class=\"elementor-column elementor-col-100 elementor-top-column elementor-element elementor-element-426bab80\" data-id=\"426bab80\" data-element_type=\"column\" data-e-type=\"column\">\n\t\t\t<div class=\"elementor-widget-wrap elementor-element-populated\">\n\t\t\t\t\t\t<div class=\"elementor-element elementor-element-1ee04030 elementor-widget elementor-widget-heading\" data-id=\"1ee04030\" data-element_type=\"widget\" data-e-type=\"widget\" data-widget_type=\"heading.default\">\n\t\t\t\t<div class=\"elementor-widget-container\">\n\t\t\t\t\t<h1 class=\"elementor-heading-title elementor-size-default\">Staro Hopovo Monastery<\/h1>\t\t\t\t<\/div>\n\t\t\t\t<\/div>\n\t\t\t\t\t<\/div>\n\t\t<\/div>\n\t\t\t\t\t<\/div>\n\t\t<\/section>\n\t\t\t\t<section class=\"elementor-section elementor-top-section elementor-element elementor-element-21dad593 elementor-section-boxed elementor-section-height-default elementor-section-height-default\" data-id=\"21dad593\" data-element_type=\"section\" data-e-type=\"section\">\n\t\t\t\t\t\t<div class=\"elementor-container elementor-column-gap-default\">\n\t\t\t\t\t<div class=\"elementor-column elementor-col-100 elementor-top-column elementor-element elementor-element-21a6765f\" data-id=\"21a6765f\" data-element_type=\"column\" data-e-type=\"column\">\n\t\t\t<div class=\"elementor-widget-wrap elementor-element-populated\">\n\t\t\t\t\t\t<div class=\"elementor-element elementor-element-b026c9c elementor-widget elementor-widget-heading\" data-id=\"b026c9c\" data-element_type=\"widget\" data-e-type=\"widget\" data-widget_type=\"heading.default\">\n\t\t\t\t<div class=\"elementor-widget-container\">\n\t\t\t\t\t<h2 class=\"elementor-heading-title elementor-size-default\">Staro Hopovo Monastery (virtual tour of Fru\u0161ka Gora monasteries)<\/h2>\t\t\t\t<\/div>\n\t\t\t\t<\/div>\n\t\t\t\t<div class=\"elementor-element elementor-element-7cf5c59d elementor-widget elementor-widget-text-editor\" data-id=\"7cf5c59d\" data-element_type=\"widget\" data-e-type=\"widget\" data-widget_type=\"text-editor.default\">\n\t\t\t\t<div class=\"elementor-widget-container\">\n\t\t\t\t\t\t\t\t\t<p><strong>Time of construction<\/strong>: between 1496 and 1502.<\/p><p><strong>Founder<\/strong>: the Staro Hopovo monastery, according to testimony, was founded by \u0110or\u0111e Brankovi\u0107.<\/p><p><strong>First written mention<\/strong>: In the oldest Turkish census of Srem 1545\u20131548.<\/p><p><strong>The church is dedicated<\/strong>\u00a0to Saint Panteleimon (July 27 \/ August 9).<\/p><p><strong>Years of destruction<\/strong>: in 1751, the church was destroyed in an earthquake; it was partially damaged in the Second World War, and the inn was then demolished and burned<\/p><p><strong>Years of restoration<\/strong>: in 1752, the present church was built on the site of the old one. In 1952, the church building and the remaining icons from the iconostasis were reconstructed. The church was completely renovated in 2006.<\/p><p><strong>Iconostasis<\/strong>: created as a temporary iconostasis in 1754. A new permanent iconostasis was created in 1790\u20131793, the work of the Dubrovnik artist Tomas Firtler, and the icons were painted by Jefrem Isailovi\u0107, however, experts of the Provincial Institute for the Protection of Cultural Monuments believe that they could also be the work of Janko Halkozovi\u0107 (they are not signed or dated ). There is only one archival photo from 1885 of iconostasis from Staro Hopovo, and the Provincial Institute keeps several saved icons.<\/p><p><strong>Today<\/strong>: the monastery complex consists of a renovated church and one wing of the inn and economic building, and it can be visited immediately on the page of our internet portal, where you can find a virtual tour of the Fru\u0161ka Gora monasteries.<\/p><p><strong><em>The abbot of this men&#8217;s monastery is Archimandrite Atanasije Gatalo<\/em><\/strong><\/p><p><strong>Patron&#8217;s Day<\/strong>: Saint Panteleimon (July 27 \/ August 9)<\/p>\t\t\t\t\t\t\t\t<\/div>\n\t\t\t\t<\/div>\n\t\t\t\t<div class=\"elementor-element elementor-element-e1f2c9b elementor-widget elementor-widget-heading\" data-id=\"e1f2c9b\" data-element_type=\"widget\" data-e-type=\"widget\" data-widget_type=\"heading.default\">\n\t\t\t\t<div class=\"elementor-widget-container\">\n\t\t\t\t\t<h2 class=\"elementor-heading-title elementor-size-default\">Virtual tour of Fru\u0161ka Gora monasteries - Staro Hopovo monastery<\/h2>\t\t\t\t<\/div>\n\t\t\t\t<\/div>\n\t\t\t\t<div class=\"elementor-element elementor-element-447016 elementor-widget elementor-widget-html\" data-id=\"447016\" data-element_type=\"widget\" data-e-type=\"widget\" data-widget_type=\"html.default\">\n\t\t\t\t<div class=\"elementor-widget-container\">\n\t\t\t\t\t<embed src=\"https:\/\/eparhijasremska.rs\/starohopovo\/index.html\" width=\"200\" height=\"800\">\t\t\t\t<\/div>\n\t\t\t\t<\/div>\n\t\t\t\t\t<\/div>\n\t\t<\/div>\n\t\t\t\t\t<\/div>\n\t\t<\/section>\n\t\t\t\t<\/div>\n\t\t","protected":false},"excerpt":{"rendered":"<p>Staro Hopovo Monastery Staro Hopovo Monastery (virtual tour of Fru\u0161ka Gora monasteries) Time of construction: between 1496 and 1502. Founder: the Staro Hopovo monastery, according to testimony, was founded by \u0110or\u0111e Brankovi\u0107. First written mention: In the oldest Turkish census of Srem 1545\u20131548. The church is dedicated\u00a0to Saint Panteleimon (July 27 \/ August 9). Years [&hellip;]<\/p>\n","protected":false},"author":1,"featured_media":0,"parent":0,"menu_order":0,"comment_status":"closed","ping_status":"closed","template":"","meta":{"footnotes":""},"class_list":["post-2607","page","type-page","status-publish","hentry"],"yoast_head":"<!-- This site is optimized with the Yoast SEO plugin v27.6 - https:\/\/yoast.com\/product\/yoast-seo-wordpress\/ -->\n<title>\u0421\u0442\u0430\u0440\u043e \u0425\u043e\u043f\u043e\u0432\u043e - \u0415\u043f\u0430\u0440\u0445\u0438\u0458\u0430 \u0441\u0440\u0435\u043c\u0441\u043a\u0430<\/title>\n<meta name=\"robots\" content=\"index, follow, max-snippet:-1, max-image-preview:large, max-video-preview:-1\" \/>\n<link rel=\"canonical\" href=\"https:\/\/eparhijasremska.rs\/eng\/\u0441\u0442\u0430\u0440\u043e-\u0445\u043e\u043f\u043e\u0432\u043e-2\/\" \/>\n<meta property=\"og:locale\" content=\"en_US\" \/>\n<meta property=\"og:type\" content=\"article\" \/>\n<meta property=\"og:title\" content=\"\u0421\u0442\u0430\u0440\u043e \u0425\u043e\u043f\u043e\u0432\u043e - \u0415\u043f\u0430\u0440\u0445\u0438\u0458\u0430 \u0441\u0440\u0435\u043c\u0441\u043a\u0430\" \/>\n<meta property=\"og:description\" content=\"Staro Hopovo Monastery Staro Hopovo Monastery (virtual tour of Fru\u0161ka Gora monasteries) Time of construction: between 1496 and 1502. Founder: the Staro Hopovo monastery, according to testimony, was founded by \u0110or\u0111e Brankovi\u0107. First written mention: In the oldest Turkish census of Srem 1545\u20131548. The church is dedicated\u00a0to Saint Panteleimon (July 27 \/ August 9). Years [&hellip;]\" \/>\n<meta property=\"og:url\" content=\"https:\/\/eparhijasremska.rs\/eng\/\u0441\u0442\u0430\u0440\u043e-\u0445\u043e\u043f\u043e\u0432\u043e-2\/\" \/>\n<meta property=\"og:site_name\" content=\"\u0415\u043f\u0430\u0440\u0445\u0438\u0458\u0430 \u0441\u0440\u0435\u043c\u0441\u043a\u0430\" \/>\n<meta property=\"article:modified_time\" content=\"2023-02-28T13:32:34+00:00\" \/>\n<meta name=\"twitter:card\" content=\"summary_large_image\" \/>\n<meta name=\"twitter:label1\" content=\"Est. reading time\" \/>\n\t<meta name=\"twitter:data1\" content=\"1 minute\" \/>\n<script type=\"application\/ld+json\" class=\"yoast-schema-graph\">{\"@context\":\"https:\\\/\\\/schema.org\",\"@graph\":[{\"@type\":\"WebPage\",\"@id\":\"https:\\\/\\\/eparhijasremska.rs\\\/eng\\\/%d1%81%d1%82%d0%b0%d1%80%d0%be-%d1%85%d0%be%d0%bf%d0%be%d0%b2%d0%be-2\\\/\",\"url\":\"https:\\\/\\\/eparhijasremska.rs\\\/eng\\\/%d1%81%d1%82%d0%b0%d1%80%d0%be-%d1%85%d0%be%d0%bf%d0%be%d0%b2%d0%be-2\\\/\",\"name\":\"\u0421\u0442\u0430\u0440\u043e \u0425\u043e\u043f\u043e\u0432\u043e - \u0415\u043f\u0430\u0440\u0445\u0438\u0458\u0430 \u0441\u0440\u0435\u043c\u0441\u043a\u0430\",\"isPartOf\":{\"@id\":\"https:\\\/\\\/eparhijasremska.rs\\\/eng\\\/#website\"},\"datePublished\":\"2023-01-08T22:01:28+00:00\",\"dateModified\":\"2023-02-28T13:32:34+00:00\",\"breadcrumb\":{\"@id\":\"https:\\\/\\\/eparhijasremska.rs\\\/eng\\\/%d1%81%d1%82%d0%b0%d1%80%d0%be-%d1%85%d0%be%d0%bf%d0%be%d0%b2%d0%be-2\\\/#breadcrumb\"},\"inLanguage\":\"en-US\",\"potentialAction\":[{\"@type\":\"ReadAction\",\"target\":[\"https:\\\/\\\/eparhijasremska.rs\\\/eng\\\/%d1%81%d1%82%d0%b0%d1%80%d0%be-%d1%85%d0%be%d0%bf%d0%be%d0%b2%d0%be-2\\\/\"]}]},{\"@type\":\"BreadcrumbList\",\"@id\":\"https:\\\/\\\/eparhijasremska.rs\\\/eng\\\/%d1%81%d1%82%d0%b0%d1%80%d0%be-%d1%85%d0%be%d0%bf%d0%be%d0%b2%d0%be-2\\\/#breadcrumb\",\"itemListElement\":[{\"@type\":\"ListItem\",\"position\":1,\"name\":\"Home\",\"item\":\"https:\\\/\\\/eparhijasremska.rs\\\/eng\\\/\"},{\"@type\":\"ListItem\",\"position\":2,\"name\":\"\u0421\u0442\u0430\u0440\u043e \u0425\u043e\u043f\u043e\u0432\u043e\"}]},{\"@type\":\"WebSite\",\"@id\":\"https:\\\/\\\/eparhijasremska.rs\\\/eng\\\/#website\",\"url\":\"https:\\\/\\\/eparhijasremska.rs\\\/eng\\\/\",\"name\":\"\u0415\u043f\u0430\u0440\u0445\u0438\u0458\u0430 \u0441\u0440\u0435\u043c\u0441\u043a\u0430\",\"description\":\"\",\"publisher\":{\"@id\":\"https:\\\/\\\/eparhijasremska.rs\\\/eng\\\/#organization\"},\"potentialAction\":[{\"@type\":\"SearchAction\",\"target\":{\"@type\":\"EntryPoint\",\"urlTemplate\":\"https:\\\/\\\/eparhijasremska.rs\\\/eng\\\/?s={search_term_string}\"},\"query-input\":{\"@type\":\"PropertyValueSpecification\",\"valueRequired\":true,\"valueName\":\"search_term_string\"}}],\"inLanguage\":\"en-US\"},{\"@type\":\"Organization\",\"@id\":\"https:\\\/\\\/eparhijasremska.rs\\\/eng\\\/#organization\",\"name\":\"\u0415\u043f\u0430\u0440\u0445\u0438\u0458\u0430 \u0441\u0440\u0435\u043c\u0441\u043a\u0430\",\"url\":\"https:\\\/\\\/eparhijasremska.rs\\\/eng\\\/\",\"logo\":{\"@type\":\"ImageObject\",\"inLanguage\":\"en-US\",\"@id\":\"https:\\\/\\\/eparhijasremska.rs\\\/eng\\\/#\\\/schema\\\/logo\\\/image\\\/\",\"url\":\"https:\\\/\\\/eparhijasremska.rs\\\/eng\\\/wp-content\\\/uploads\\\/2022\\\/11\\\/logo-eparhija-sremska-beli.png\",\"contentUrl\":\"https:\\\/\\\/eparhijasremska.rs\\\/eng\\\/wp-content\\\/uploads\\\/2022\\\/11\\\/logo-eparhija-sremska-beli.png\",\"width\":223,\"height\":236,\"caption\":\"\u0415\u043f\u0430\u0440\u0445\u0438\u0458\u0430 \u0441\u0440\u0435\u043c\u0441\u043a\u0430\"},\"image\":{\"@id\":\"https:\\\/\\\/eparhijasremska.rs\\\/eng\\\/#\\\/schema\\\/logo\\\/image\\\/\"}}]}<\/script>\n<!-- \/ Yoast SEO plugin. -->","yoast_head_json":{"title":"\u0421\u0442\u0430\u0440\u043e \u0425\u043e\u043f\u043e\u0432\u043e - \u0415\u043f\u0430\u0440\u0445\u0438\u0458\u0430 \u0441\u0440\u0435\u043c\u0441\u043a\u0430","robots":{"index":"index","follow":"follow","max-snippet":"max-snippet:-1","max-image-preview":"max-image-preview:large","max-video-preview":"max-video-preview:-1"},"canonical":"https:\/\/eparhijasremska.rs\/eng\/\u0441\u0442\u0430\u0440\u043e-\u0445\u043e\u043f\u043e\u0432\u043e-2\/","og_locale":"en_US","og_type":"article","og_title":"\u0421\u0442\u0430\u0440\u043e \u0425\u043e\u043f\u043e\u0432\u043e - \u0415\u043f\u0430\u0440\u0445\u0438\u0458\u0430 \u0441\u0440\u0435\u043c\u0441\u043a\u0430","og_description":"Staro Hopovo Monastery Staro Hopovo Monastery (virtual tour of Fru\u0161ka Gora monasteries) Time of construction: between 1496 and 1502. Founder: the Staro Hopovo monastery, according to testimony, was founded by \u0110or\u0111e Brankovi\u0107. First written mention: In the oldest Turkish census of Srem 1545\u20131548. The church is dedicated\u00a0to Saint Panteleimon (July 27 \/ August 9). Years [&hellip;]","og_url":"https:\/\/eparhijasremska.rs\/eng\/\u0441\u0442\u0430\u0440\u043e-\u0445\u043e\u043f\u043e\u0432\u043e-2\/","og_site_name":"\u0415\u043f\u0430\u0440\u0445\u0438\u0458\u0430 \u0441\u0440\u0435\u043c\u0441\u043a\u0430","article_modified_time":"2023-02-28T13:32:34+00:00","twitter_card":"summary_large_image","twitter_misc":{"Est. reading time":"1 minute"},"schema":{"@context":"https:\/\/schema.org","@graph":[{"@type":"WebPage","@id":"https:\/\/eparhijasremska.rs\/eng\/%d1%81%d1%82%d0%b0%d1%80%d0%be-%d1%85%d0%be%d0%bf%d0%be%d0%b2%d0%be-2\/","url":"https:\/\/eparhijasremska.rs\/eng\/%d1%81%d1%82%d0%b0%d1%80%d0%be-%d1%85%d0%be%d0%bf%d0%be%d0%b2%d0%be-2\/","name":"\u0421\u0442\u0430\u0440\u043e \u0425\u043e\u043f\u043e\u0432\u043e - \u0415\u043f\u0430\u0440\u0445\u0438\u0458\u0430 \u0441\u0440\u0435\u043c\u0441\u043a\u0430","isPartOf":{"@id":"https:\/\/eparhijasremska.rs\/eng\/#website"},"datePublished":"2023-01-08T22:01:28+00:00","dateModified":"2023-02-28T13:32:34+00:00","breadcrumb":{"@id":"https:\/\/eparhijasremska.rs\/eng\/%d1%81%d1%82%d0%b0%d1%80%d0%be-%d1%85%d0%be%d0%bf%d0%be%d0%b2%d0%be-2\/#breadcrumb"},"inLanguage":"en-US","potentialAction":[{"@type":"ReadAction","target":["https:\/\/eparhijasremska.rs\/eng\/%d1%81%d1%82%d0%b0%d1%80%d0%be-%d1%85%d0%be%d0%bf%d0%be%d0%b2%d0%be-2\/"]}]},{"@type":"BreadcrumbList","@id":"https:\/\/eparhijasremska.rs\/eng\/%d1%81%d1%82%d0%b0%d1%80%d0%be-%d1%85%d0%be%d0%bf%d0%be%d0%b2%d0%be-2\/#breadcrumb","itemListElement":[{"@type":"ListItem","position":1,"name":"Home","item":"https:\/\/eparhijasremska.rs\/eng\/"},{"@type":"ListItem","position":2,"name":"\u0421\u0442\u0430\u0440\u043e \u0425\u043e\u043f\u043e\u0432\u043e"}]},{"@type":"WebSite","@id":"https:\/\/eparhijasremska.rs\/eng\/#website","url":"https:\/\/eparhijasremska.rs\/eng\/","name":"\u0415\u043f\u0430\u0440\u0445\u0438\u0458\u0430 \u0441\u0440\u0435\u043c\u0441\u043a\u0430","description":"","publisher":{"@id":"https:\/\/eparhijasremska.rs\/eng\/#organization"},"potentialAction":[{"@type":"SearchAction","target":{"@type":"EntryPoint","urlTemplate":"https:\/\/eparhijasremska.rs\/eng\/?s={search_term_string}"},"query-input":{"@type":"PropertyValueSpecification","valueRequired":true,"valueName":"search_term_string"}}],"inLanguage":"en-US"},{"@type":"Organization","@id":"https:\/\/eparhijasremska.rs\/eng\/#organization","name":"\u0415\u043f\u0430\u0440\u0445\u0438\u0458\u0430 \u0441\u0440\u0435\u043c\u0441\u043a\u0430","url":"https:\/\/eparhijasremska.rs\/eng\/","logo":{"@type":"ImageObject","inLanguage":"en-US","@id":"https:\/\/eparhijasremska.rs\/eng\/#\/schema\/logo\/image\/","url":"https:\/\/eparhijasremska.rs\/eng\/wp-content\/uploads\/2022\/11\/logo-eparhija-sremska-beli.png","contentUrl":"https:\/\/eparhijasremska.rs\/eng\/wp-content\/uploads\/2022\/11\/logo-eparhija-sremska-beli.png","width":223,"height":236,"caption":"\u0415\u043f\u0430\u0440\u0445\u0438\u0458\u0430 \u0441\u0440\u0435\u043c\u0441\u043a\u0430"},"image":{"@id":"https:\/\/eparhijasremska.rs\/eng\/#\/schema\/logo\/image\/"}}]}},"_links":{"self":[{"href":"https:\/\/eparhijasremska.rs\/eng\/wp-json\/wp\/v2\/pages\/2607","targetHints":{"allow":["GET"]}}],"collection":[{"href":"https:\/\/eparhijasremska.rs\/eng\/wp-json\/wp\/v2\/pages"}],"about":[{"href":"https:\/\/eparhijasremska.rs\/eng\/wp-json\/wp\/v2\/types\/page"}],"author":[{"embeddable":true,"href":"https:\/\/eparhijasremska.rs\/eng\/wp-json\/wp\/v2\/users\/1"}],"replies":[{"embeddable":true,"href":"https:\/\/eparhijasremska.rs\/eng\/wp-json\/wp\/v2\/comments?post=2607"}],"version-history":[{"count":0,"href":"https:\/\/eparhijasremska.rs\/eng\/wp-json\/wp\/v2\/pages\/2607\/revisions"}],"wp:attachment":[{"href":"https:\/\/eparhijasremska.rs\/eng\/wp-json\/wp\/v2\/media?parent=2607"}],"curies":[{"name":"wp","href":"https:\/\/api.w.org\/{rel}","templated":true}]}}