{"id":2608,"date":"2023-01-08T22:08:52","date_gmt":"2023-01-08T22:08:52","guid":{"rendered":"https:\/\/eparhijasremska.rs\/?page_id=2608"},"modified":"2023-02-28T13:35:56","modified_gmt":"2023-02-28T13:35:56","slug":"%d1%81%d0%b2%d0%b5%d1%82%d0%b8-%d0%bc%d0%b0%d1%80%d0%ba%d0%be-2","status":"publish","type":"page","link":"https:\/\/eparhijasremska.rs\/eng\/%d1%81%d0%b2%d0%b5%d1%82%d0%b8-%d0%bc%d0%b0%d1%80%d0%ba%d0%be-2\/","title":{"rendered":"\u0421\u0432\u0435\u0442\u0438 \u041c\u0430\u0440\u043a\u043e"},"content":{"rendered":"\t\t<div data-elementor-type=\"wp-page\" data-elementor-id=\"2608\" class=\"elementor elementor-2608\" data-elementor-post-type=\"page\">\n\t\t\t\t\t\t<section class=\"elementor-section elementor-top-section elementor-element elementor-element-2b1a4e07 elementor-section-height-min-height elementor-section-items-bottom elementor-section-boxed elementor-section-height-default\" data-id=\"2b1a4e07\" data-element_type=\"section\" data-e-type=\"section\" data-settings=\"{&quot;background_background&quot;:&quot;classic&quot;}\">\n\t\t\t\t\t\t\t<div class=\"elementor-background-overlay\"><\/div>\n\t\t\t\t\t\t\t<div class=\"elementor-container elementor-column-gap-default\">\n\t\t\t\t\t<div class=\"elementor-column elementor-col-100 elementor-top-column elementor-element elementor-element-4167900d\" data-id=\"4167900d\" data-element_type=\"column\" data-e-type=\"column\">\n\t\t\t<div class=\"elementor-widget-wrap elementor-element-populated\">\n\t\t\t\t\t\t<div class=\"elementor-element elementor-element-1bae0fed elementor-widget elementor-widget-heading\" data-id=\"1bae0fed\" data-element_type=\"widget\" data-e-type=\"widget\" data-widget_type=\"heading.default\">\n\t\t\t\t<div class=\"elementor-widget-container\">\n\t\t\t\t\t<h1 class=\"elementor-heading-title elementor-size-default\">Sveti Marko Monastery<\/h1>\t\t\t\t<\/div>\n\t\t\t\t<\/div>\n\t\t\t\t\t<\/div>\n\t\t<\/div>\n\t\t\t\t\t<\/div>\n\t\t<\/section>\n\t\t\t\t<section class=\"elementor-section elementor-top-section elementor-element elementor-element-61005a91 elementor-section-boxed elementor-section-height-default elementor-section-height-default\" data-id=\"61005a91\" data-element_type=\"section\" data-e-type=\"section\">\n\t\t\t\t\t\t<div class=\"elementor-container elementor-column-gap-default\">\n\t\t\t\t\t<div class=\"elementor-column elementor-col-100 elementor-top-column elementor-element elementor-element-53eeefbd\" data-id=\"53eeefbd\" data-element_type=\"column\" data-e-type=\"column\">\n\t\t\t<div class=\"elementor-widget-wrap elementor-element-populated\">\n\t\t\t\t\t\t<div class=\"elementor-element elementor-element-060200c elementor-widget elementor-widget-heading\" data-id=\"060200c\" data-element_type=\"widget\" data-e-type=\"widget\" data-widget_type=\"heading.default\">\n\t\t\t\t<div class=\"elementor-widget-container\">\n\t\t\t\t\t<h2 class=\"elementor-heading-title elementor-size-default\">Sveti Marko Monastery (virtual tour of Fru\u0161ka Gora monasteries)<\/h2>\t\t\t\t<\/div>\n\t\t\t\t<\/div>\n\t\t\t\t<div class=\"elementor-element elementor-element-2ddadc18 elementor-widget elementor-widget-text-editor\" data-id=\"2ddadc18\" data-element_type=\"widget\" data-e-type=\"widget\" data-widget_type=\"text-editor.default\">\n\t\t\t\t<div class=\"elementor-widget-container\">\n\t\t\t\t\t\t\t\t\t<p><strong>Time of construction<\/strong>: the small chapel, near the &#8220;vodica&#8221; in the atar of Novi Karlovci, was built by parish priest Aleksandar Jovanovi\u0107 in 1883, &#8220;in honor of God&#8221;, &#8220;his eternal life&#8221; and that of his wife Jelisaveta, who died on March 18, 1883.<\/p><p><strong>The church is dedicated<\/strong>\u00a0to Saint Mark the Evangelist and Apostle.<\/p><p><strong>Years of restoration<\/strong>: over time, this Polish place of worship has literally become overgrown with weeds and undergrowth. The long process of its revitalization began in August 2006, when the spouses Djoko and Persida Obradov moved here. On December 7, 2007, she was entrusted to the care of the Serbian Orthodox Church Municipality in In\u0111ija.<\/p><p><strong>Iconostasis<\/strong>: the woodcut was made by Rajko Ku\u0161lakovi\u0107, and it was painted by Archimandrite Timotej (Kosanovi\u0107).<\/p><p><strong>Today<\/strong>: the old &#8220;vodica&#8221; was turned into a women&#8217;s monastery by His Grace the Bishop of Srem, Mr. Vasilije, on January 3, 2011.<\/p><p>Until now, the temple has been thoroughly renovated, a lodge and a corresponding fountain have been built above Mark&#8217;s spring, which are surrounded by a solid brick fence. It can be visited on the page of our internet portal if you visit the virtual tour of Fru\u0161ka Gora monasteries.<\/p><p><strong>Patron&#8217;s Day<\/strong>: Holy Apostle and Evangelist Mark (May 8)<\/p><p><strong><em>Superior: Hieromonk Damaskin Toti\u0107<\/em><\/strong><\/p>\t\t\t\t\t\t\t\t<\/div>\n\t\t\t\t<\/div>\n\t\t\t\t<div class=\"elementor-element elementor-element-274ddcd elementor-widget elementor-widget-heading\" data-id=\"274ddcd\" data-element_type=\"widget\" data-e-type=\"widget\" data-widget_type=\"heading.default\">\n\t\t\t\t<div class=\"elementor-widget-container\">\n\t\t\t\t\t<h2 class=\"elementor-heading-title elementor-size-default\">Virtual tour of Fru\u0161ka Gora monasteries - Sveti Marko monastery<\/h2>\t\t\t\t<\/div>\n\t\t\t\t<\/div>\n\t\t\t\t<div class=\"elementor-element elementor-element-483f44bb elementor-widget elementor-widget-html\" data-id=\"483f44bb\" data-element_type=\"widget\" data-e-type=\"widget\" data-widget_type=\"html.default\">\n\t\t\t\t<div class=\"elementor-widget-container\">\n\t\t\t\t\t<embed src=\"https:\/\/eparhijasremska.rs\/svetimarko\/index.html\" width=\"200\" height=\"800\">\t\t\t\t<\/div>\n\t\t\t\t<\/div>\n\t\t\t\t\t<\/div>\n\t\t<\/div>\n\t\t\t\t\t<\/div>\n\t\t<\/section>\n\t\t\t\t<\/div>\n\t\t","protected":false},"excerpt":{"rendered":"<p>Sveti Marko Monastery Sveti Marko Monastery (virtual tour of Fru\u0161ka Gora monasteries) Time of construction: the small chapel, near the &#8220;vodica&#8221; in the atar of Novi Karlovci, was built by parish priest Aleksandar Jovanovi\u0107 in 1883, &#8220;in honor of God&#8221;, &#8220;his eternal life&#8221; and that of his wife Jelisaveta, who died on March 18, 1883. [&hellip;]<\/p>\n","protected":false},"author":1,"featured_media":0,"parent":0,"menu_order":0,"comment_status":"closed","ping_status":"closed","template":"","meta":{"footnotes":""},"class_list":["post-2608","page","type-page","status-publish","hentry"],"yoast_head":"<!-- This site is optimized with the Yoast SEO plugin v27.6 - https:\/\/yoast.com\/product\/yoast-seo-wordpress\/ -->\n<title>\u0421\u0432\u0435\u0442\u0438 \u041c\u0430\u0440\u043a\u043e - \u0415\u043f\u0430\u0440\u0445\u0438\u0458\u0430 \u0441\u0440\u0435\u043c\u0441\u043a\u0430<\/title>\n<meta name=\"robots\" content=\"index, follow, max-snippet:-1, max-image-preview:large, max-video-preview:-1\" \/>\n<link rel=\"canonical\" href=\"https:\/\/eparhijasremska.rs\/eng\/\u0441\u0432\u0435\u0442\u0438-\u043c\u0430\u0440\u043a\u043e-2\/\" \/>\n<meta property=\"og:locale\" content=\"en_US\" \/>\n<meta property=\"og:type\" content=\"article\" \/>\n<meta property=\"og:title\" content=\"\u0421\u0432\u0435\u0442\u0438 \u041c\u0430\u0440\u043a\u043e - \u0415\u043f\u0430\u0440\u0445\u0438\u0458\u0430 \u0441\u0440\u0435\u043c\u0441\u043a\u0430\" \/>\n<meta property=\"og:description\" content=\"Sveti Marko Monastery Sveti Marko Monastery (virtual tour of Fru\u0161ka Gora monasteries) Time of construction: the small chapel, near the &#8220;vodica&#8221; in the atar of Novi Karlovci, was built by parish priest Aleksandar Jovanovi\u0107 in 1883, &#8220;in honor of God&#8221;, &#8220;his eternal life&#8221; and that of his wife Jelisaveta, who died on March 18, 1883. [&hellip;]\" \/>\n<meta property=\"og:url\" content=\"https:\/\/eparhijasremska.rs\/eng\/\u0441\u0432\u0435\u0442\u0438-\u043c\u0430\u0440\u043a\u043e-2\/\" \/>\n<meta property=\"og:site_name\" content=\"\u0415\u043f\u0430\u0440\u0445\u0438\u0458\u0430 \u0441\u0440\u0435\u043c\u0441\u043a\u0430\" \/>\n<meta property=\"article:modified_time\" content=\"2023-02-28T13:35:56+00:00\" \/>\n<meta name=\"twitter:card\" content=\"summary_large_image\" \/>\n<meta name=\"twitter:label1\" content=\"Est. reading time\" \/>\n\t<meta name=\"twitter:data1\" content=\"1 minute\" \/>\n<script type=\"application\/ld+json\" class=\"yoast-schema-graph\">{\"@context\":\"https:\\\/\\\/schema.org\",\"@graph\":[{\"@type\":\"WebPage\",\"@id\":\"https:\\\/\\\/eparhijasremska.rs\\\/eng\\\/%d1%81%d0%b2%d0%b5%d1%82%d0%b8-%d0%bc%d0%b0%d1%80%d0%ba%d0%be-2\\\/\",\"url\":\"https:\\\/\\\/eparhijasremska.rs\\\/eng\\\/%d1%81%d0%b2%d0%b5%d1%82%d0%b8-%d0%bc%d0%b0%d1%80%d0%ba%d0%be-2\\\/\",\"name\":\"\u0421\u0432\u0435\u0442\u0438 \u041c\u0430\u0440\u043a\u043e - \u0415\u043f\u0430\u0440\u0445\u0438\u0458\u0430 \u0441\u0440\u0435\u043c\u0441\u043a\u0430\",\"isPartOf\":{\"@id\":\"https:\\\/\\\/eparhijasremska.rs\\\/eng\\\/#website\"},\"datePublished\":\"2023-01-08T22:08:52+00:00\",\"dateModified\":\"2023-02-28T13:35:56+00:00\",\"breadcrumb\":{\"@id\":\"https:\\\/\\\/eparhijasremska.rs\\\/eng\\\/%d1%81%d0%b2%d0%b5%d1%82%d0%b8-%d0%bc%d0%b0%d1%80%d0%ba%d0%be-2\\\/#breadcrumb\"},\"inLanguage\":\"en-US\",\"potentialAction\":[{\"@type\":\"ReadAction\",\"target\":[\"https:\\\/\\\/eparhijasremska.rs\\\/eng\\\/%d1%81%d0%b2%d0%b5%d1%82%d0%b8-%d0%bc%d0%b0%d1%80%d0%ba%d0%be-2\\\/\"]}]},{\"@type\":\"BreadcrumbList\",\"@id\":\"https:\\\/\\\/eparhijasremska.rs\\\/eng\\\/%d1%81%d0%b2%d0%b5%d1%82%d0%b8-%d0%bc%d0%b0%d1%80%d0%ba%d0%be-2\\\/#breadcrumb\",\"itemListElement\":[{\"@type\":\"ListItem\",\"position\":1,\"name\":\"Home\",\"item\":\"https:\\\/\\\/eparhijasremska.rs\\\/eng\\\/\"},{\"@type\":\"ListItem\",\"position\":2,\"name\":\"\u0421\u0432\u0435\u0442\u0438 \u041c\u0430\u0440\u043a\u043e\"}]},{\"@type\":\"WebSite\",\"@id\":\"https:\\\/\\\/eparhijasremska.rs\\\/eng\\\/#website\",\"url\":\"https:\\\/\\\/eparhijasremska.rs\\\/eng\\\/\",\"name\":\"\u0415\u043f\u0430\u0440\u0445\u0438\u0458\u0430 \u0441\u0440\u0435\u043c\u0441\u043a\u0430\",\"description\":\"\",\"publisher\":{\"@id\":\"https:\\\/\\\/eparhijasremska.rs\\\/eng\\\/#organization\"},\"potentialAction\":[{\"@type\":\"SearchAction\",\"target\":{\"@type\":\"EntryPoint\",\"urlTemplate\":\"https:\\\/\\\/eparhijasremska.rs\\\/eng\\\/?s={search_term_string}\"},\"query-input\":{\"@type\":\"PropertyValueSpecification\",\"valueRequired\":true,\"valueName\":\"search_term_string\"}}],\"inLanguage\":\"en-US\"},{\"@type\":\"Organization\",\"@id\":\"https:\\\/\\\/eparhijasremska.rs\\\/eng\\\/#organization\",\"name\":\"\u0415\u043f\u0430\u0440\u0445\u0438\u0458\u0430 \u0441\u0440\u0435\u043c\u0441\u043a\u0430\",\"url\":\"https:\\\/\\\/eparhijasremska.rs\\\/eng\\\/\",\"logo\":{\"@type\":\"ImageObject\",\"inLanguage\":\"en-US\",\"@id\":\"https:\\\/\\\/eparhijasremska.rs\\\/eng\\\/#\\\/schema\\\/logo\\\/image\\\/\",\"url\":\"https:\\\/\\\/eparhijasremska.rs\\\/eng\\\/wp-content\\\/uploads\\\/2022\\\/11\\\/logo-eparhija-sremska-beli.png\",\"contentUrl\":\"https:\\\/\\\/eparhijasremska.rs\\\/eng\\\/wp-content\\\/uploads\\\/2022\\\/11\\\/logo-eparhija-sremska-beli.png\",\"width\":223,\"height\":236,\"caption\":\"\u0415\u043f\u0430\u0440\u0445\u0438\u0458\u0430 \u0441\u0440\u0435\u043c\u0441\u043a\u0430\"},\"image\":{\"@id\":\"https:\\\/\\\/eparhijasremska.rs\\\/eng\\\/#\\\/schema\\\/logo\\\/image\\\/\"}}]}<\/script>\n<!-- \/ Yoast SEO plugin. -->","yoast_head_json":{"title":"\u0421\u0432\u0435\u0442\u0438 \u041c\u0430\u0440\u043a\u043e - \u0415\u043f\u0430\u0440\u0445\u0438\u0458\u0430 \u0441\u0440\u0435\u043c\u0441\u043a\u0430","robots":{"index":"index","follow":"follow","max-snippet":"max-snippet:-1","max-image-preview":"max-image-preview:large","max-video-preview":"max-video-preview:-1"},"canonical":"https:\/\/eparhijasremska.rs\/eng\/\u0441\u0432\u0435\u0442\u0438-\u043c\u0430\u0440\u043a\u043e-2\/","og_locale":"en_US","og_type":"article","og_title":"\u0421\u0432\u0435\u0442\u0438 \u041c\u0430\u0440\u043a\u043e - \u0415\u043f\u0430\u0440\u0445\u0438\u0458\u0430 \u0441\u0440\u0435\u043c\u0441\u043a\u0430","og_description":"Sveti Marko Monastery Sveti Marko Monastery (virtual tour of Fru\u0161ka Gora monasteries) Time of construction: the small chapel, near the &#8220;vodica&#8221; in the atar of Novi Karlovci, was built by parish priest Aleksandar Jovanovi\u0107 in 1883, &#8220;in honor of God&#8221;, &#8220;his eternal life&#8221; and that of his wife Jelisaveta, who died on March 18, 1883. [&hellip;]","og_url":"https:\/\/eparhijasremska.rs\/eng\/\u0441\u0432\u0435\u0442\u0438-\u043c\u0430\u0440\u043a\u043e-2\/","og_site_name":"\u0415\u043f\u0430\u0440\u0445\u0438\u0458\u0430 \u0441\u0440\u0435\u043c\u0441\u043a\u0430","article_modified_time":"2023-02-28T13:35:56+00:00","twitter_card":"summary_large_image","twitter_misc":{"Est. reading time":"1 minute"},"schema":{"@context":"https:\/\/schema.org","@graph":[{"@type":"WebPage","@id":"https:\/\/eparhijasremska.rs\/eng\/%d1%81%d0%b2%d0%b5%d1%82%d0%b8-%d0%bc%d0%b0%d1%80%d0%ba%d0%be-2\/","url":"https:\/\/eparhijasremska.rs\/eng\/%d1%81%d0%b2%d0%b5%d1%82%d0%b8-%d0%bc%d0%b0%d1%80%d0%ba%d0%be-2\/","name":"\u0421\u0432\u0435\u0442\u0438 \u041c\u0430\u0440\u043a\u043e - \u0415\u043f\u0430\u0440\u0445\u0438\u0458\u0430 \u0441\u0440\u0435\u043c\u0441\u043a\u0430","isPartOf":{"@id":"https:\/\/eparhijasremska.rs\/eng\/#website"},"datePublished":"2023-01-08T22:08:52+00:00","dateModified":"2023-02-28T13:35:56+00:00","breadcrumb":{"@id":"https:\/\/eparhijasremska.rs\/eng\/%d1%81%d0%b2%d0%b5%d1%82%d0%b8-%d0%bc%d0%b0%d1%80%d0%ba%d0%be-2\/#breadcrumb"},"inLanguage":"en-US","potentialAction":[{"@type":"ReadAction","target":["https:\/\/eparhijasremska.rs\/eng\/%d1%81%d0%b2%d0%b5%d1%82%d0%b8-%d0%bc%d0%b0%d1%80%d0%ba%d0%be-2\/"]}]},{"@type":"BreadcrumbList","@id":"https:\/\/eparhijasremska.rs\/eng\/%d1%81%d0%b2%d0%b5%d1%82%d0%b8-%d0%bc%d0%b0%d1%80%d0%ba%d0%be-2\/#breadcrumb","itemListElement":[{"@type":"ListItem","position":1,"name":"Home","item":"https:\/\/eparhijasremska.rs\/eng\/"},{"@type":"ListItem","position":2,"name":"\u0421\u0432\u0435\u0442\u0438 \u041c\u0430\u0440\u043a\u043e"}]},{"@type":"WebSite","@id":"https:\/\/eparhijasremska.rs\/eng\/#website","url":"https:\/\/eparhijasremska.rs\/eng\/","name":"\u0415\u043f\u0430\u0440\u0445\u0438\u0458\u0430 \u0441\u0440\u0435\u043c\u0441\u043a\u0430","description":"","publisher":{"@id":"https:\/\/eparhijasremska.rs\/eng\/#organization"},"potentialAction":[{"@type":"SearchAction","target":{"@type":"EntryPoint","urlTemplate":"https:\/\/eparhijasremska.rs\/eng\/?s={search_term_string}"},"query-input":{"@type":"PropertyValueSpecification","valueRequired":true,"valueName":"search_term_string"}}],"inLanguage":"en-US"},{"@type":"Organization","@id":"https:\/\/eparhijasremska.rs\/eng\/#organization","name":"\u0415\u043f\u0430\u0440\u0445\u0438\u0458\u0430 \u0441\u0440\u0435\u043c\u0441\u043a\u0430","url":"https:\/\/eparhijasremska.rs\/eng\/","logo":{"@type":"ImageObject","inLanguage":"en-US","@id":"https:\/\/eparhijasremska.rs\/eng\/#\/schema\/logo\/image\/","url":"https:\/\/eparhijasremska.rs\/eng\/wp-content\/uploads\/2022\/11\/logo-eparhija-sremska-beli.png","contentUrl":"https:\/\/eparhijasremska.rs\/eng\/wp-content\/uploads\/2022\/11\/logo-eparhija-sremska-beli.png","width":223,"height":236,"caption":"\u0415\u043f\u0430\u0440\u0445\u0438\u0458\u0430 \u0441\u0440\u0435\u043c\u0441\u043a\u0430"},"image":{"@id":"https:\/\/eparhijasremska.rs\/eng\/#\/schema\/logo\/image\/"}}]}},"_links":{"self":[{"href":"https:\/\/eparhijasremska.rs\/eng\/wp-json\/wp\/v2\/pages\/2608","targetHints":{"allow":["GET"]}}],"collection":[{"href":"https:\/\/eparhijasremska.rs\/eng\/wp-json\/wp\/v2\/pages"}],"about":[{"href":"https:\/\/eparhijasremska.rs\/eng\/wp-json\/wp\/v2\/types\/page"}],"author":[{"embeddable":true,"href":"https:\/\/eparhijasremska.rs\/eng\/wp-json\/wp\/v2\/users\/1"}],"replies":[{"embeddable":true,"href":"https:\/\/eparhijasremska.rs\/eng\/wp-json\/wp\/v2\/comments?post=2608"}],"version-history":[{"count":0,"href":"https:\/\/eparhijasremska.rs\/eng\/wp-json\/wp\/v2\/pages\/2608\/revisions"}],"wp:attachment":[{"href":"https:\/\/eparhijasremska.rs\/eng\/wp-json\/wp\/v2\/media?parent=2608"}],"curies":[{"name":"wp","href":"https:\/\/api.w.org\/{rel}","templated":true}]}}